{"id":61495,"date":"2019-10-22T11:41:17","date_gmt":"2019-10-22T11:41:17","guid":{"rendered":"https:\/\/jardinexotiqueroscoff.com\/produit\/fuchsie-fuji-san\/"},"modified":"2025-11-24T13:38:46","modified_gmt":"2025-11-24T13:38:46","slug":"fuchsie-fuji-san","status":"publish","type":"product","link":"https:\/\/jardinexotiqueroscoff.com\/de\/produit\/fuchsie-fuji-san\/","title":{"rendered":"Fuchsie 'Fuji San"},"content":{"rendered":"<div id=\"dslc-theme-content\"><div id=\"dslc-theme-content-inner\"><div class=\"wpb-content-wrapper\"><p>[vc_row][vc_column][vc_column_text]Zusammenfassung: Fuchsia 'Fuji San' ist eine Gartenbauhybride zwischen Fuchsia decussata und Fuchsia denticulata, die 1990 von B\u00f6gemann in Deutschland gez\u00fcchtet wurde.<br \/>\n<!--more--><\/p>\n<p>Botanischer Name: Fuchsia 'Fuji San' hort.<\/p>\n<p>Familie: Onagraceae<\/p>\n<p>Herkunft: Gartenbau<\/p>\n<p>Gew\u00f6hnlicher Name: fuchsia<\/p>\n<p>Winterh\u00e4rte: wenig winterhart (-4\u00b0C bis -5\u00b0C)<\/p>\n<p>Fuchsia 'Fuji San' ist eine Gartenbauhybride zwischen Fuchsia decussata und Fuchsia denticulata, die 1990 von B\u00f6gemann in Deutschland gez\u00fcchtet wurde. Er ist mittelgro\u00df (1 m bis 1,5 m hoch). Er kann in der Sonne oder im Halbschatten wachsen. Die Bl\u00fcten haben eine magentarote Knolle, cremefarbene Kelchbl\u00e4tter mit einer gr\u00fcnlichen Spitze und eine orangefarbene Krone.[\/vc_column_text][\/vc_column][\/vc_row]<\/p>\n<\/div><\/div><\/div>","protected":false},"excerpt":{"rendered":"<p>[vc_row][vc_column][vc_column_text]Zusammenfassung: Fuchsia 'Fuji San' ist eine Gartenbauhybride zwischen Fuchsia decussata und Fuchsia denticulata, die 1990 von B\u00f6gemann in Deutschland gez\u00fcchtet wurde.<\/p>\n","protected":false},"featured_media":59998,"template":"","meta":[],"product_brand":[],"product_cat":[620,618,562],"product_tag":[621],"class_list":{"0":"post-61495","1":"product","2":"type-product","3":"status-publish","4":"has-post-thumbnail","6":"product_cat-onagraceae-de","7":"product_cat-fuchsia-de","8":"product_cat-gartenbau","9":"product_tag-fuchsia-de","11":"first","12":"instock","13":"featured","14":"shipping-taxable","15":"product-type-simple"},"_links":{"self":[{"href":"https:\/\/jardinexotiqueroscoff.com\/de\/wp-json\/wp\/v2\/product\/61495","targetHints":{"allow":["GET"]}}],"collection":[{"href":"https:\/\/jardinexotiqueroscoff.com\/de\/wp-json\/wp\/v2\/product"}],"about":[{"href":"https:\/\/jardinexotiqueroscoff.com\/de\/wp-json\/wp\/v2\/types\/product"}],"wp:featuredmedia":[{"embeddable":true,"href":"https:\/\/jardinexotiqueroscoff.com\/de\/wp-json\/wp\/v2\/media\/59998"}],"wp:attachment":[{"href":"https:\/\/jardinexotiqueroscoff.com\/de\/wp-json\/wp\/v2\/media?parent=61495"}],"wp:term":[{"taxonomy":"product_brand","embeddable":true,"href":"https:\/\/jardinexotiqueroscoff.com\/de\/wp-json\/wp\/v2\/product_brand?post=61495"},{"taxonomy":"product_cat","embeddable":true,"href":"https:\/\/jardinexotiqueroscoff.com\/de\/wp-json\/wp\/v2\/product_cat?post=61495"},{"taxonomy":"product_tag","embeddable":true,"href":"https:\/\/jardinexotiqueroscoff.com\/de\/wp-json\/wp\/v2\/product_tag?post=61495"}],"curies":[{"name":"wp","href":"https:\/\/api.w.org\/{rel}","templated":true}]}}