{"id":61491,"date":"2019-10-22T13:21:51","date_gmt":"2019-10-22T13:21:51","guid":{"rendered":"https:\/\/jardinexotiqueroscoff.com\/produit\/manettia-luteorubra\/"},"modified":"2025-11-24T13:38:44","modified_gmt":"2025-11-24T13:38:44","slug":"manettia-luteorubra","status":"publish","type":"product","link":"https:\/\/jardinexotiqueroscoff.com\/de\/produit\/manettia-luteorubra\/","title":{"rendered":"Manettia luteorubra"},"content":{"rendered":"<div id=\"dslc-theme-content\"><div id=\"dslc-theme-content-inner\"><p>Zusammenfassung: Manettia luteorubra ist eine Kletterpflanze aus der Familie der Onagraceae, die in S\u00fcdamerika beheimatet ist.<br \/>\n<!--more--><\/p>\n<p>Botanischer Name: Manettia luteorubra (Vell.) Benth.<\/p>\n<p>Familie: Rubiaceae<\/p>\n<p>Herkunft: S\u00fcdamerika (Brasilien, Paraguay, Uruguay in der tropischen Zone)<\/p>\n<p>Gew\u00f6hnliche Benennung: Flamme, gelb-rote Manettie<\/p>\n<p>Winterh\u00e4rte: Diese Kletterpflanze wird als wenig winterhart (Zone 10) angegeben, aber im Garten eines Kenners in Finisterre hat sie -6\u00b0C vertragen, wenn sie einmal gut installiert war.<\/p>\n<p>Manettia luteorubra ist eine Kletterpflanze aus der Familie der Onagraceae, die in S\u00fcdamerika beheimatet ist. Sie kann bis zu zwei Meter hoch klettern. Das Laub ist immergr\u00fcn. Die Bl\u00fcten sind nektarreich und erscheinen vom Sommer bis zum Herbst. Sie sind r\u00f6hrenf\u00f6rmig, scharlachrot mit orangefarbenen T\u00f6nen und enden in orangegelb. In ihrem Lebensraum ziehen sie Kolibris und Schmetterlinge an.<\/p>\n<\/div><\/div>","protected":false},"excerpt":{"rendered":"<p>Zusammenfassung: Manettia luteorubra ist eine Kletterpflanze aus der Familie der Onagraceae, die in S\u00fcdamerika beheimatet ist.<\/p>\n","protected":false},"featured_media":60006,"template":"","meta":[],"product_brand":[],"product_cat":[591,673,672,671,478],"product_tag":[],"class_list":{"0":"post-61491","1":"product","2":"type-product","3":"status-publish","4":"has-post-thumbnail","6":"product_cat-kletterpflanze","7":"product_cat-geflammte-manettie","8":"product_cat-manettia-de","9":"product_cat-rubiaceae-de","10":"product_cat-sudamerika","12":"first","13":"instock","14":"shipping-taxable","15":"product-type-simple"},"_links":{"self":[{"href":"https:\/\/jardinexotiqueroscoff.com\/de\/wp-json\/wp\/v2\/product\/61491","targetHints":{"allow":["GET"]}}],"collection":[{"href":"https:\/\/jardinexotiqueroscoff.com\/de\/wp-json\/wp\/v2\/product"}],"about":[{"href":"https:\/\/jardinexotiqueroscoff.com\/de\/wp-json\/wp\/v2\/types\/product"}],"wp:featuredmedia":[{"embeddable":true,"href":"https:\/\/jardinexotiqueroscoff.com\/de\/wp-json\/wp\/v2\/media\/60006"}],"wp:attachment":[{"href":"https:\/\/jardinexotiqueroscoff.com\/de\/wp-json\/wp\/v2\/media?parent=61491"}],"wp:term":[{"taxonomy":"product_brand","embeddable":true,"href":"https:\/\/jardinexotiqueroscoff.com\/de\/wp-json\/wp\/v2\/product_brand?post=61491"},{"taxonomy":"product_cat","embeddable":true,"href":"https:\/\/jardinexotiqueroscoff.com\/de\/wp-json\/wp\/v2\/product_cat?post=61491"},{"taxonomy":"product_tag","embeddable":true,"href":"https:\/\/jardinexotiqueroscoff.com\/de\/wp-json\/wp\/v2\/product_tag?post=61491"}],"curies":[{"name":"wp","href":"https:\/\/api.w.org\/{rel}","templated":true}]}}