{"id":61490,"date":"2019-11-03T12:29:32","date_gmt":"2019-11-03T12:29:32","guid":{"rendered":"https:\/\/jardinexotiqueroscoff.com\/produit\/fascicularia-bicolor-subsp-canaliculata\/"},"modified":"2025-11-24T13:38:45","modified_gmt":"2025-11-24T13:38:45","slug":"fascicularia-bicolor-subsp-canaliculata","status":"publish","type":"product","link":"https:\/\/jardinexotiqueroscoff.com\/de\/produit\/fascicularia-bicolor-subsp-canaliculata\/","title":{"rendered":"Fascicularia bicolor subsp. canaliculata"},"content":{"rendered":"<div id=\"dslc-theme-content\"><div id=\"dslc-theme-content-inner\"><div class=\"wpb-content-wrapper\"><p>[vc_row][vc_column][vc_column_text]Zusammenfassung: Fascicularia bicolor subsp. canaliculata ist eine epiphytische Pflanze aus der Familie der Bromeliaceae, die in Chile beheimatet ist. <\/p>\n<p><!--more--><\/p>\n<p>Botanischer Name: Fascicularia bicolor subsp. canaliculata E.C. Nelson &amp; Zizka<\/p>\n<p>Familie: Bromeliaceae<\/p>\n<p>Herkunft: Chile<\/p>\n<p>Gew\u00f6hnlicher Name: Fascicularia<\/p>\n<p>Winterh\u00e4rte: ca. -8\u00b0C \u00fcber einen kurzen Zeitraum.<\/p>\n<p>Red List: Verwundbar<\/p>\n<p>Fascicularia bicolor ssp. canaliculata ist eine epiphytische Pflanze aus Chile, die zur Familie der Ananasgew\u00e4chse (Bromeliaceae) geh\u00f6rt. Sie w\u00e4chst als Epiphyt in den gem\u00e4\u00dfigten valdivianischen W\u00e4ldern. Sie w\u00e4chst langsam und bildet innerhalb von etwa 20 Jahren einen zwei bis drei Meter breiten Busch. Das Laub ist immergr\u00fcn. Die Bl\u00e4tter sind l\u00e4nger als bei der Typusart und haben einen stacheligen Rand. In unserem Garten w\u00e4chst sie auf dem Boden oder in einer Felsnische. Die Bl\u00fctezeit ist im Herbst in der Bretagne: Die Bl\u00e4tter f\u00e4rben sich vor der Bl\u00fcte rot und die dreibl\u00e4ttrigen Bl\u00fcten sind hellblau.[\/vc_column_text][\/vc_column][\/vc_row]<\/p>\n<\/div><\/div><\/div>","protected":false},"excerpt":{"rendered":"<p>[vc_row][vc_column][vc_column_text]Zusammenfassung: Fascicularia bicolor subsp. canaliculata ist eine epiphytische Pflanze aus der Familie der Bromeliaceae, die in Chile beheimatet ist.<\/p>\n","protected":false},"featured_media":60032,"template":"","meta":[],"product_brand":[],"product_cat":[535,545,640,670],"product_tag":[],"class_list":{"0":"post-61490","1":"product","2":"type-product","3":"status-publish","4":"has-post-thumbnail","6":"product_cat-bromeliaceae-de","7":"product_cat-chile-de","8":"product_cat-epiphyt","9":"product_cat-fascicularia-de","11":"first","12":"instock","13":"featured","14":"shipping-taxable","15":"product-type-simple"},"_links":{"self":[{"href":"https:\/\/jardinexotiqueroscoff.com\/de\/wp-json\/wp\/v2\/product\/61490","targetHints":{"allow":["GET"]}}],"collection":[{"href":"https:\/\/jardinexotiqueroscoff.com\/de\/wp-json\/wp\/v2\/product"}],"about":[{"href":"https:\/\/jardinexotiqueroscoff.com\/de\/wp-json\/wp\/v2\/types\/product"}],"wp:featuredmedia":[{"embeddable":true,"href":"https:\/\/jardinexotiqueroscoff.com\/de\/wp-json\/wp\/v2\/media\/60032"}],"wp:attachment":[{"href":"https:\/\/jardinexotiqueroscoff.com\/de\/wp-json\/wp\/v2\/media?parent=61490"}],"wp:term":[{"taxonomy":"product_brand","embeddable":true,"href":"https:\/\/jardinexotiqueroscoff.com\/de\/wp-json\/wp\/v2\/product_brand?post=61490"},{"taxonomy":"product_cat","embeddable":true,"href":"https:\/\/jardinexotiqueroscoff.com\/de\/wp-json\/wp\/v2\/product_cat?post=61490"},{"taxonomy":"product_tag","embeddable":true,"href":"https:\/\/jardinexotiqueroscoff.com\/de\/wp-json\/wp\/v2\/product_tag?post=61490"}],"curies":[{"name":"wp","href":"https:\/\/api.w.org\/{rel}","templated":true}]}}