{"id":61487,"date":"2019-10-22T13:47:12","date_gmt":"2019-10-22T13:47:12","guid":{"rendered":"https:\/\/jardinexotiqueroscoff.com\/produit\/protea-cynaroides-1\/"},"modified":"2025-11-24T13:38:46","modified_gmt":"2025-11-24T13:38:46","slug":"protea-cynaroides-1","status":"publish","type":"product","link":"https:\/\/jardinexotiqueroscoff.com\/de\/produit\/protea-cynaroides-1\/","title":{"rendered":"Protea cynaroides 1"},"content":{"rendered":"<div id=\"dslc-theme-content\"><div id=\"dslc-theme-content-inner\"><p>Zusammenfassung: Protea cynaroides ist ein s\u00fcdafrikanischer Strauch aus der Familie der Proteaceae.<br \/>\n<!--more--><\/p>\n<p>Botanischer Name: Protea cynaroides (L.) L.<\/p>\n<p>Familie: Proteaceae<\/p>\n<p>Herkunft: S\u00fcdafrika<\/p>\n<p>Gebr\u00e4uchlicher Name: K\u00f6nigsproteus<\/p>\n<p>Winterh\u00e4rte: wenig winterhart (-6\u00b0C), wenn sie gut installiert ist<\/p>\n<p>CCVS Protea Kollektion<\/p>\n<p>Protea cynaroides ist ein s\u00fcdafrikanischer Strauch aus der Familie der Proteaceae. Da sie einen sehr gro\u00dfen Lebensraum hat, sind die Bl\u00fcten sehr variabel und k\u00f6nnen je nach Pflanze zu unterschiedlichen Zeiten im Jahr bl\u00fchen. Diese bl\u00fcht im Herbst und Winter. Diese Art kann bis zu 1,20 m hoch werden. Das Laub ist immergr\u00fcn. Um zu bl\u00fchen, braucht sie Sonne. Sie w\u00e4chst auf armen, sauren B\u00f6den (also nicht kalkhaltig). Sie vertr\u00e4gt keinen Phosphatd\u00fcnger, kann aber mit getrocknetem Blut ged\u00fcngt werden. In ihrem Habitat widersteht sie Br\u00e4nden, da sie einen Lignotuber hat, d.h. mit St\u00e4rke gef\u00fcllte Wurzeln, die es ihr erm\u00f6glichen, wieder aus dem Boden zu sprie\u00dfen. Sie kann daher bei Bedarf bis zum Lignotuber zur\u00fcckgeschlagen werden.<\/p>\n<\/div><\/div>","protected":false},"excerpt":{"rendered":"<p>Zusammenfassung: Protea cynaroides ist ein s\u00fcdafrikanischer Strauch aus der Familie der Proteaceae.<\/p>\n","protected":false},"featured_media":60012,"template":"","meta":[],"product_brand":[],"product_cat":[435,665,436,434,437],"product_tag":[517,439],"class_list":{"0":"post-61487","1":"product","2":"type-product","3":"status-publish","4":"has-post-thumbnail","6":"product_cat-proteaceae-de","7":"product_cat-koniglicher-proteus","8":"product_cat-protea-de","9":"product_cat-proteus","10":"product_cat-sudafrika","11":"product_tag-proteacea","12":"product_tag-sammlung-ccvs","14":"first","15":"instock","16":"shipping-taxable","17":"product-type-simple"},"_links":{"self":[{"href":"https:\/\/jardinexotiqueroscoff.com\/de\/wp-json\/wp\/v2\/product\/61487","targetHints":{"allow":["GET"]}}],"collection":[{"href":"https:\/\/jardinexotiqueroscoff.com\/de\/wp-json\/wp\/v2\/product"}],"about":[{"href":"https:\/\/jardinexotiqueroscoff.com\/de\/wp-json\/wp\/v2\/types\/product"}],"wp:featuredmedia":[{"embeddable":true,"href":"https:\/\/jardinexotiqueroscoff.com\/de\/wp-json\/wp\/v2\/media\/60012"}],"wp:attachment":[{"href":"https:\/\/jardinexotiqueroscoff.com\/de\/wp-json\/wp\/v2\/media?parent=61487"}],"wp:term":[{"taxonomy":"product_brand","embeddable":true,"href":"https:\/\/jardinexotiqueroscoff.com\/de\/wp-json\/wp\/v2\/product_brand?post=61487"},{"taxonomy":"product_cat","embeddable":true,"href":"https:\/\/jardinexotiqueroscoff.com\/de\/wp-json\/wp\/v2\/product_cat?post=61487"},{"taxonomy":"product_tag","embeddable":true,"href":"https:\/\/jardinexotiqueroscoff.com\/de\/wp-json\/wp\/v2\/product_tag?post=61487"}],"curies":[{"name":"wp","href":"https:\/\/api.w.org\/{rel}","templated":true}]}}