{"id":61486,"date":"2019-11-03T13:15:15","date_gmt":"2019-11-03T13:15:15","guid":{"rendered":"https:\/\/jardinexotiqueroscoff.com\/produit\/nerine-bowdenii\/"},"modified":"2025-11-24T13:38:45","modified_gmt":"2025-11-24T13:38:45","slug":"nerine-bowdenii","status":"publish","type":"product","link":"https:\/\/jardinexotiqueroscoff.com\/de\/produit\/nerine-bowdenii\/","title":{"rendered":"Nerine bowdenii"},"content":{"rendered":"<div id=\"dslc-theme-content\"><div id=\"dslc-theme-content-inner\"><div class=\"wpb-content-wrapper\"><p>[vc_row][vc_column][vc_column_text]Zusammenfassung: Nerine bowdenii ist eine h\u00fcbsche Zwiebel mit rosafarbenen Bl\u00fcten, die aus S\u00fcdafrika stammt.<br \/>\n<!--more--><\/p>\n<p>Botanischer Name: Nerine bowdenii W.Watson<\/p>\n<p>Familie: Amaryllidaceae<\/p>\n<p>Herkunft: S\u00fcdafrika<\/p>\n<p>Gebr\u00e4uchlicher Name: Jersey-Lilie, Spinnen-Lilie, Bowden-Nerine, Guernsey-Lilie<\/p>\n<p>Winterh\u00e4rte: Zone 8 (um -10\u00b0C) f\u00fcr kurze Zeit und in entw\u00e4sserter Erde.<\/p>\n<p>Nerine bowdenii ist eine sommergr\u00fcne Zwiebel aus der Familie der Amaryllidaceae, die in S\u00fcdafrika beheimatet ist. Die Bl\u00fctezeit (3 Wochen) ist meist rosa und findet im Herbst statt. Das Laub trocknet bei uns im Sommer und erscheint im Herbst wieder. Die Jersey-Lilie muss in durchl\u00e4ssiger Erde in der Sonne oder im Halbschatten gez\u00fcchtet werden. Er kann auch als Topfpflanze kultiviert werden.[\/vc_column_text][\/vc_column][\/vc_row]<\/p>\n<\/div><\/div><\/div>","protected":false},"excerpt":{"rendered":"<p>[vc_row][vc_column][vc_column_text]Zusammenfassung: Nerine bowdenii ist eine h\u00fcbsche Zwiebel mit rosafarbenen Bl\u00fcten, die aus S\u00fcdafrika stammt.<\/p>\n","protected":false},"featured_media":60044,"template":"","meta":[],"product_brand":[],"product_cat":[524,645,437,491],"product_tag":[495],"class_list":{"0":"post-61486","1":"product","2":"type-product","3":"status-publish","4":"has-post-thumbnail","6":"product_cat-amaryllidaceae-de","7":"product_cat-nerine-de","8":"product_cat-sudafrika","9":"product_cat-zwiebel","10":"product_tag-zwiebel","12":"first","13":"instock","14":"featured","15":"shipping-taxable","16":"product-type-simple"},"_links":{"self":[{"href":"https:\/\/jardinexotiqueroscoff.com\/de\/wp-json\/wp\/v2\/product\/61486","targetHints":{"allow":["GET"]}}],"collection":[{"href":"https:\/\/jardinexotiqueroscoff.com\/de\/wp-json\/wp\/v2\/product"}],"about":[{"href":"https:\/\/jardinexotiqueroscoff.com\/de\/wp-json\/wp\/v2\/types\/product"}],"wp:featuredmedia":[{"embeddable":true,"href":"https:\/\/jardinexotiqueroscoff.com\/de\/wp-json\/wp\/v2\/media\/60044"}],"wp:attachment":[{"href":"https:\/\/jardinexotiqueroscoff.com\/de\/wp-json\/wp\/v2\/media?parent=61486"}],"wp:term":[{"taxonomy":"product_brand","embeddable":true,"href":"https:\/\/jardinexotiqueroscoff.com\/de\/wp-json\/wp\/v2\/product_brand?post=61486"},{"taxonomy":"product_cat","embeddable":true,"href":"https:\/\/jardinexotiqueroscoff.com\/de\/wp-json\/wp\/v2\/product_cat?post=61486"},{"taxonomy":"product_tag","embeddable":true,"href":"https:\/\/jardinexotiqueroscoff.com\/de\/wp-json\/wp\/v2\/product_tag?post=61486"}],"curies":[{"name":"wp","href":"https:\/\/api.w.org\/{rel}","templated":true}]}}