{"id":61483,"date":"2019-10-22T14:19:42","date_gmt":"2019-10-22T14:19:42","guid":{"rendered":"https:\/\/jardinexotiqueroscoff.com\/produit\/protea-repens\/"},"modified":"2025-11-24T13:36:33","modified_gmt":"2025-11-24T13:36:33","slug":"protea-repens","status":"publish","type":"product","link":"https:\/\/jardinexotiqueroscoff.com\/de\/produit\/protea-repens\/","title":{"rendered":"Protea repens"},"content":{"rendered":"<div id=\"dslc-theme-content\"><div id=\"dslc-theme-content-inner\"><p>Zusammenfassung: Protea repens ist ein s\u00fcdafrikanischer Strauch aus der Familie der Proteaceae.<br \/>\n<!--more--><\/p>\n<p>Botanischer Name: Protea repens L.<\/p>\n<p>Familie: Proteaceae<\/p>\n<p>Herkunft: S\u00fcdafrika<\/p>\n<p>Gew\u00f6hnlicher Name: Protaeus, common sugarbush<\/p>\n<p>Winterh\u00e4rte: wenig winterhart (-6\u00b0C), wenn sie gut installiert ist<\/p>\n<p>CCVS Protea Kollektion<\/p>\n<p>Protea repens ist ein s\u00fcdafrikanischer Strauch aus der Familie der Proteaceae, der bis zu 4,50 m hoch werden kann. Sein Lebensraum ist zwischen dem Meeresspiegel und 1500 m H\u00f6he in der Kapregion und bis nach Grahamstown sehr ausgedehnt. Die Farbe der Bl\u00fcten ist daher variabel. Bei uns bl\u00fcht sie im Herbst. Diese Art war bis 1976 die inoffizielle Nationalblume S\u00fcdafrikas.<\/p>\n<\/div><\/div>","protected":false},"excerpt":{"rendered":"<p>Zusammenfassung: Protea repens ist ein s\u00fcdafrikanischer Strauch aus der Familie der Proteaceae.<\/p>\n","protected":false},"featured_media":60022,"template":"","meta":[],"product_brand":[],"product_cat":[435,436,434,437],"product_tag":[517,439],"class_list":{"0":"post-61483","1":"product","2":"type-product","3":"status-publish","4":"has-post-thumbnail","6":"product_cat-proteaceae-de","7":"product_cat-protea-de","8":"product_cat-proteus","9":"product_cat-sudafrika","10":"product_tag-proteacea","11":"product_tag-sammlung-ccvs","13":"first","14":"instock","15":"shipping-taxable","16":"product-type-simple"},"_links":{"self":[{"href":"https:\/\/jardinexotiqueroscoff.com\/de\/wp-json\/wp\/v2\/product\/61483","targetHints":{"allow":["GET"]}}],"collection":[{"href":"https:\/\/jardinexotiqueroscoff.com\/de\/wp-json\/wp\/v2\/product"}],"about":[{"href":"https:\/\/jardinexotiqueroscoff.com\/de\/wp-json\/wp\/v2\/types\/product"}],"wp:featuredmedia":[{"embeddable":true,"href":"https:\/\/jardinexotiqueroscoff.com\/de\/wp-json\/wp\/v2\/media\/60022"}],"wp:attachment":[{"href":"https:\/\/jardinexotiqueroscoff.com\/de\/wp-json\/wp\/v2\/media?parent=61483"}],"wp:term":[{"taxonomy":"product_brand","embeddable":true,"href":"https:\/\/jardinexotiqueroscoff.com\/de\/wp-json\/wp\/v2\/product_brand?post=61483"},{"taxonomy":"product_cat","embeddable":true,"href":"https:\/\/jardinexotiqueroscoff.com\/de\/wp-json\/wp\/v2\/product_cat?post=61483"},{"taxonomy":"product_tag","embeddable":true,"href":"https:\/\/jardinexotiqueroscoff.com\/de\/wp-json\/wp\/v2\/product_tag?post=61483"}],"curies":[{"name":"wp","href":"https:\/\/api.w.org\/{rel}","templated":true}]}}