{"id":61481,"date":"2019-11-03T14:15:31","date_gmt":"2019-11-03T14:15:31","guid":{"rendered":"https:\/\/jardinexotiqueroscoff.com\/produit\/aloe-horombensis-subsp-fallax\/"},"modified":"2025-11-24T13:36:20","modified_gmt":"2025-11-24T13:36:20","slug":"aloe-horombensis-subsp-fallax","status":"publish","type":"product","link":"https:\/\/jardinexotiqueroscoff.com\/de\/produit\/aloe-horombensis-subsp-fallax\/","title":{"rendered":"Aloe horombensis subsp. fallax"},"content":{"rendered":"<div id=\"dslc-theme-content\"><div id=\"dslc-theme-content-inner\"><div class=\"wpb-content-wrapper\"><p>[vc_row][vc_column][vc_column_text]Aloe horombensis subsp. fallax ist eine madagassische Sukkulente aus der s\u00fcdlichen Ambalavao-Region.<\/p>\n<p>Botanischer Name: Aloe horombensis subsp. fallax (J.-P. Castillon) J.-P. Castillon<\/p>\n<p>Synonym: Aloe deltoideondota var. fallax<\/p>\n<p>Familie: Aloaceae, Xanthorrhoeaceae, Asphodelaceae<\/p>\n<p>Herkunft: Madagaskar<\/p>\n<p>Gew\u00f6hnlicher Name: Aloe Vera<\/p>\n<p>Winterh\u00e4rte: nicht winterhart, Zone 10 (vielleicht -1\u00b0C im Trockenen?)<\/p>\n<p>Aloe horombensis ssp. fallax ist eine acaule (st\u00e4ngellose) Pflanze, die mehrere Rosetten bildet und im Herbst und Winter bl\u00fcht. Sie ist nicht winterhart und wir kultivieren sie seit 2013 im Freilandgew\u00e4chshaus. Es handelt sich um eine madagassische Aloe aus der Region Ambalavao. Wir kauften sie 2003 von Jo\u00ebl Lod\u00e9. Damals wurde sie als Aloe ibitiensis verkauft, dann erkannte J.-P. Castillon, dass es sich um Aloe deltoideondota var. fallax handelte und seit 2014 um Aloe horombensis ssp. fallax. Die Bl\u00fctezeit ist im Sp\u00e4therbst.[\/vc_column_text][\/vc_column][\/vc_row]<\/p>\n<\/div><\/div><\/div>","protected":false},"excerpt":{"rendered":"<p>Kurzbeschreibung<\/p>\n","protected":false},"featured_media":60056,"template":"","meta":[],"product_brand":[],"product_cat":[446,447,449,492,663,448],"product_tag":[451],"class_list":{"0":"post-61481","1":"product","2":"type-product","3":"status-publish","4":"has-post-thumbnail","6":"product_cat-aloaceae-de","7":"product_cat-aloe-de","8":"product_cat-aloe-vera","9":"product_cat-asphodelaceae-de","10":"product_cat-madagaskar","11":"product_cat-xanthorrhoeaceae-de","12":"product_tag-sukkulente","14":"first","15":"instock","16":"featured","17":"shipping-taxable","18":"product-type-simple"},"_links":{"self":[{"href":"https:\/\/jardinexotiqueroscoff.com\/de\/wp-json\/wp\/v2\/product\/61481","targetHints":{"allow":["GET"]}}],"collection":[{"href":"https:\/\/jardinexotiqueroscoff.com\/de\/wp-json\/wp\/v2\/product"}],"about":[{"href":"https:\/\/jardinexotiqueroscoff.com\/de\/wp-json\/wp\/v2\/types\/product"}],"wp:featuredmedia":[{"embeddable":true,"href":"https:\/\/jardinexotiqueroscoff.com\/de\/wp-json\/wp\/v2\/media\/60056"}],"wp:attachment":[{"href":"https:\/\/jardinexotiqueroscoff.com\/de\/wp-json\/wp\/v2\/media?parent=61481"}],"wp:term":[{"taxonomy":"product_brand","embeddable":true,"href":"https:\/\/jardinexotiqueroscoff.com\/de\/wp-json\/wp\/v2\/product_brand?post=61481"},{"taxonomy":"product_cat","embeddable":true,"href":"https:\/\/jardinexotiqueroscoff.com\/de\/wp-json\/wp\/v2\/product_cat?post=61481"},{"taxonomy":"product_tag","embeddable":true,"href":"https:\/\/jardinexotiqueroscoff.com\/de\/wp-json\/wp\/v2\/product_tag?post=61481"}],"curies":[{"name":"wp","href":"https:\/\/api.w.org\/{rel}","templated":true}]}}