{"id":61480,"date":"2019-11-05T07:50:33","date_gmt":"2019-11-05T07:50:33","guid":{"rendered":"https:\/\/jardinexotiqueroscoff.com\/produit\/banksia-spinulosa-var-cunninghamii\/"},"modified":"2025-11-24T13:36:19","modified_gmt":"2025-11-24T13:36:19","slug":"banksia-spinulosa-var-cunninghamii","status":"publish","type":"product","link":"https:\/\/jardinexotiqueroscoff.com\/de\/produit\/banksia-spinulosa-var-cunninghamii\/","title":{"rendered":"Banksia spinulosa var. cunninghamii"},"content":{"rendered":"<div id=\"dslc-theme-content\"><div id=\"dslc-theme-content-inner\"><p>Banksia spinulosa var. cunninghamii ist ein kleiner australischer Baum aus der Familie der Proteaceae.<!--more--><\/p>\n<p>Botanischer Name: Banksia spinulosa var. cunninghamii (Sieber ex Rchb.) A.S.George<\/p>\n<p>Familie: Proteaceae<\/p>\n<p>Herkunft: Australien<\/p>\n<p>Gebr\u00e4uchlicher Name: banksia, Hairpin Banksia, Banksia Haarnadelbaum<\/p>\n<p>Winterh\u00e4rte: -8\u00b0C \u00fcber einen kurzen Zeitraum<\/p>\n<p>Banksia spinulosa var. cunninghamii ist ein kleiner Baum aus der Familie der Proteaceae, der in Australien beheimatet ist. Er kann bis zu 5 m hoch werden. Er hat immergr\u00fcne Bl\u00e4tter und keinen Lignotuber. Die Bl\u00fctezeit ist im Herbst\/Winter und im fr\u00fchen Fr\u00fchjahr. Die Bl\u00fctenst\u00e4nde sind 6 bis 15 cm hoch und variieren in Gold und Orange. Sie ben\u00f6tigt leichte bis mittelschwere B\u00f6den, die stets durchl\u00e4ssig sind und eine gute Feuchtigkeit aufweisen. Er wird von Bienen und Hornissen best\u00e4ubt. Unser Exemplar stammt vom Mus\u00e9um national d'histoire naturelle und wurde 1996 gepflanzt.<\/p>\n<\/div><\/div>","protected":false},"excerpt":{"rendered":"<p>Banksia spinulosa var. cunninghamii ist ein kleiner australischer Baum aus der Familie der Proteaceae.<\/p>\n","protected":false},"featured_media":60078,"template":"","meta":[],"product_brand":[],"product_cat":[608,646,435],"product_tag":[517],"class_list":{"0":"post-61480","1":"product","2":"type-product","3":"status-publish","4":"has-post-thumbnail","6":"product_cat-australien","7":"product_cat-banksia-de","8":"product_cat-proteaceae-de","9":"product_tag-proteacea","11":"first","12":"instock","13":"shipping-taxable","14":"product-type-simple"},"_links":{"self":[{"href":"https:\/\/jardinexotiqueroscoff.com\/de\/wp-json\/wp\/v2\/product\/61480","targetHints":{"allow":["GET"]}}],"collection":[{"href":"https:\/\/jardinexotiqueroscoff.com\/de\/wp-json\/wp\/v2\/product"}],"about":[{"href":"https:\/\/jardinexotiqueroscoff.com\/de\/wp-json\/wp\/v2\/types\/product"}],"wp:featuredmedia":[{"embeddable":true,"href":"https:\/\/jardinexotiqueroscoff.com\/de\/wp-json\/wp\/v2\/media\/60078"}],"wp:attachment":[{"href":"https:\/\/jardinexotiqueroscoff.com\/de\/wp-json\/wp\/v2\/media?parent=61480"}],"wp:term":[{"taxonomy":"product_brand","embeddable":true,"href":"https:\/\/jardinexotiqueroscoff.com\/de\/wp-json\/wp\/v2\/product_brand?post=61480"},{"taxonomy":"product_cat","embeddable":true,"href":"https:\/\/jardinexotiqueroscoff.com\/de\/wp-json\/wp\/v2\/product_cat?post=61480"},{"taxonomy":"product_tag","embeddable":true,"href":"https:\/\/jardinexotiqueroscoff.com\/de\/wp-json\/wp\/v2\/product_tag?post=61480"}],"curies":[{"name":"wp","href":"https:\/\/api.w.org\/{rel}","templated":true}]}}