{"id":61477,"date":"2019-11-04T16:27:23","date_gmt":"2019-11-04T16:27:23","guid":{"rendered":"https:\/\/jardinexotiqueroscoff.com\/produit\/banksia-seminuda\/"},"modified":"2025-11-24T13:36:18","modified_gmt":"2025-11-24T13:36:18","slug":"banksia-seminuda","status":"publish","type":"product","link":"https:\/\/jardinexotiqueroscoff.com\/de\/produit\/banksia-seminuda\/","title":{"rendered":"Banksia seminuda"},"content":{"rendered":"<div id=\"dslc-theme-content\"><div id=\"dslc-theme-content-inner\"><p>Banksia seminuda ist ein australischer Baum oder gro\u00dfer Strauch aus der Familie der Proteaceae.<!--more--><\/p>\n<p>Botanischer Name: Banksia seminuda (A.S.George) B.L.Rye<\/p>\n<p>Familie: Proteaceae<\/p>\n<p>Herkunft: Australien<\/p>\n<p>Gebr\u00e4uchlicher Name: banksia, River Banksia, Flussbanksia<\/p>\n<p>Winterh\u00e4rte: -8\u00b0C<\/p>\n<p>Banksia seminuda ist ein Baum aus der Familie der Proteaceae, der in Australien beheimatet ist. Er kann 4 bis 20 m hoch und 4 bis 10 m breit werden. Er w\u00e4chst schnell, unser Exemplar wurde im Jahr 2000 gepflanzt. Die Bl\u00fctezeit ist im Herbst und Winter. Sie vertr\u00e4gt saure, neutrale oder alkalische B\u00f6den, muss aber in einem armen, durchl\u00e4ssigen Boden wachsen und vertr\u00e4gt auch Trockenheit. Sie kann auf m\u00e4\u00dfig feuchten, aber immer noch durchl\u00e4ssigen B\u00f6den gedeihen. Das Laub ist immergr\u00fcn.<\/p>\n<\/div><\/div>","protected":false},"excerpt":{"rendered":"<p>Banksia seminuda ist ein australischer Baum oder gro\u00dfer Strauch aus der Familie der Proteaceae.<\/p>\n","protected":false},"featured_media":60066,"template":"","meta":[],"product_brand":[],"product_cat":[608,646,435],"product_tag":[517],"class_list":{"0":"post-61477","1":"product","2":"type-product","3":"status-publish","4":"has-post-thumbnail","6":"product_cat-australien","7":"product_cat-banksia-de","8":"product_cat-proteaceae-de","9":"product_tag-proteacea","11":"first","12":"instock","13":"shipping-taxable","14":"product-type-simple"},"_links":{"self":[{"href":"https:\/\/jardinexotiqueroscoff.com\/de\/wp-json\/wp\/v2\/product\/61477","targetHints":{"allow":["GET"]}}],"collection":[{"href":"https:\/\/jardinexotiqueroscoff.com\/de\/wp-json\/wp\/v2\/product"}],"about":[{"href":"https:\/\/jardinexotiqueroscoff.com\/de\/wp-json\/wp\/v2\/types\/product"}],"wp:featuredmedia":[{"embeddable":true,"href":"https:\/\/jardinexotiqueroscoff.com\/de\/wp-json\/wp\/v2\/media\/60066"}],"wp:attachment":[{"href":"https:\/\/jardinexotiqueroscoff.com\/de\/wp-json\/wp\/v2\/media?parent=61477"}],"wp:term":[{"taxonomy":"product_brand","embeddable":true,"href":"https:\/\/jardinexotiqueroscoff.com\/de\/wp-json\/wp\/v2\/product_brand?post=61477"},{"taxonomy":"product_cat","embeddable":true,"href":"https:\/\/jardinexotiqueroscoff.com\/de\/wp-json\/wp\/v2\/product_cat?post=61477"},{"taxonomy":"product_tag","embeddable":true,"href":"https:\/\/jardinexotiqueroscoff.com\/de\/wp-json\/wp\/v2\/product_tag?post=61477"}],"curies":[{"name":"wp","href":"https:\/\/api.w.org\/{rel}","templated":true}]}}