{"id":61476,"date":"2019-11-06T16:44:33","date_gmt":"2019-11-06T16:44:33","guid":{"rendered":"https:\/\/jardinexotiqueroscoff.com\/produit\/aloe-ciliaris\/"},"modified":"2025-11-24T13:36:18","modified_gmt":"2025-11-24T13:36:18","slug":"aloe-ciliaris","status":"publish","type":"product","link":"https:\/\/jardinexotiqueroscoff.com\/de\/produit\/aloe-ciliaris\/","title":{"rendered":"Aloe ciliaris"},"content":{"rendered":"<div id=\"dslc-theme-content\"><div id=\"dslc-theme-content-inner\"><div class=\"wpb-content-wrapper\"><p>[vc_row][vc_column][vc_column_text]Aloe ciliaris ist eine halbkletternde s\u00fcdafrikanische Aloe, die nicht sehr winterhart ist.<\/p>\n<p>Botanischer Name: Aloe ciliaris Haw.<\/p>\n<p>Familie: Aloaceae, Xanthorrhoeaceae, Asphodelaceae<\/p>\n<p>Herkunft: S\u00fcdafrika<\/p>\n<p>Gebr\u00e4uchlicher Name: Kletter-Aloe, Wimper-Aloe<\/p>\n<p>Winterh\u00e4rte: Zone 9-11 (um -4\u00b0C)<\/p>\n<p>Aloe ciliaris ist eine halbkletternde Aloe, die sich zum Klettern auf ihre Umgebung st\u00fctzt oder auf dem Boden kriecht. Das Laub ist immergr\u00fcn und die Bl\u00fctezeit ist von November bis zum Fr\u00fchlingsanfang. Die Bl\u00e4tter umh\u00fcllen den St\u00e4ngel und diese H\u00fclle ist bewimpert, daher der Name. Wir kultivieren ihn entweder im Gew\u00e4chshaus oder in der N\u00e4he des Felsens, wo es keinen Frost gibt. Die St\u00e4ngel k\u00f6nnen bis zu 1,50 m lang werden.[\/vc_column_text][\/vc_column][\/vc_row]<\/p>\n<\/div><\/div><\/div>","protected":false},"excerpt":{"rendered":"<p>Kurzbeschreibung<\/p>\n","protected":false},"featured_media":60084,"template":"","meta":[],"product_brand":[],"product_cat":[446,447,449,492,437,448],"product_tag":[451],"class_list":{"0":"post-61476","1":"product","2":"type-product","3":"status-publish","4":"has-post-thumbnail","6":"product_cat-aloaceae-de","7":"product_cat-aloe-de","8":"product_cat-aloe-vera","9":"product_cat-asphodelaceae-de","10":"product_cat-sudafrika","11":"product_cat-xanthorrhoeaceae-de","12":"product_tag-sukkulente","14":"first","15":"instock","16":"featured","17":"shipping-taxable","18":"product-type-simple"},"_links":{"self":[{"href":"https:\/\/jardinexotiqueroscoff.com\/de\/wp-json\/wp\/v2\/product\/61476","targetHints":{"allow":["GET"]}}],"collection":[{"href":"https:\/\/jardinexotiqueroscoff.com\/de\/wp-json\/wp\/v2\/product"}],"about":[{"href":"https:\/\/jardinexotiqueroscoff.com\/de\/wp-json\/wp\/v2\/types\/product"}],"wp:featuredmedia":[{"embeddable":true,"href":"https:\/\/jardinexotiqueroscoff.com\/de\/wp-json\/wp\/v2\/media\/60084"}],"wp:attachment":[{"href":"https:\/\/jardinexotiqueroscoff.com\/de\/wp-json\/wp\/v2\/media?parent=61476"}],"wp:term":[{"taxonomy":"product_brand","embeddable":true,"href":"https:\/\/jardinexotiqueroscoff.com\/de\/wp-json\/wp\/v2\/product_brand?post=61476"},{"taxonomy":"product_cat","embeddable":true,"href":"https:\/\/jardinexotiqueroscoff.com\/de\/wp-json\/wp\/v2\/product_cat?post=61476"},{"taxonomy":"product_tag","embeddable":true,"href":"https:\/\/jardinexotiqueroscoff.com\/de\/wp-json\/wp\/v2\/product_tag?post=61476"}],"curies":[{"name":"wp","href":"https:\/\/api.w.org\/{rel}","templated":true}]}}