{"id":61473,"date":"2019-11-05T07:36:22","date_gmt":"2019-11-05T07:36:22","guid":{"rendered":"https:\/\/jardinexotiqueroscoff.com\/produit\/banksia-spinulosa\/"},"modified":"2025-11-24T13:36:17","modified_gmt":"2025-11-24T13:36:17","slug":"banksia-spinulosa","status":"publish","type":"product","link":"https:\/\/jardinexotiqueroscoff.com\/de\/produit\/banksia-spinulosa\/","title":{"rendered":"Banksia spinulosa"},"content":{"rendered":"<div id=\"dslc-theme-content\"><div id=\"dslc-theme-content-inner\"><p>Banksia spinulosa ist ein australischer Strauch aus der Familie der Proteaceae.<!--more--><\/p>\n<p>Botanischer Name: Banksia spinulosa Sm.<\/p>\n<p>Familie: Proteaceae<\/p>\n<p>Herkunft: Australien<\/p>\n<p>Gebr\u00e4uchlicher Name: banksia, Hairpin Banksia, Banksia Haarnadelbaum<\/p>\n<p>Winterh\u00e4rte: -8\u00b0C \u00fcber einen kurzen Zeitraum<\/p>\n<p>Banksia spinulosa ist ein Strauch aus der Familie der Proteaceae, der in Australien beheimatet ist. Er ist zwischen 1 und 3 m hoch und ebenso breit. Das Laub ist immergr\u00fcn. Die Bl\u00fctezeit ist im Herbst\/Winter und im fr\u00fchen Fr\u00fchjahr. Die Bl\u00fctenst\u00e4nde sind 10 bis 20 cm hoch und variieren in Braun, Rot, Gold und Orange. Sie ben\u00f6tigt leichte bis mittelschwere B\u00f6den, die stets durchl\u00e4ssig sind und eine gute Feuchtigkeit aufweisen. Er wird von Bienen und Hornissen best\u00e4ubt. Unser Exemplar stammt vom Mus\u00e9um national d'histoire naturelle und wurde 1996 gepflanzt.<\/p>\n<\/div><\/div>","protected":false},"excerpt":{"rendered":"<p>Banksia spinulosa ist ein australischer Strauch aus der Familie der Proteaceae.<\/p>\n","protected":false},"featured_media":60070,"template":"","meta":[],"product_brand":[],"product_cat":[608,646,435],"product_tag":[517],"class_list":{"0":"post-61473","1":"product","2":"type-product","3":"status-publish","4":"has-post-thumbnail","6":"product_cat-australien","7":"product_cat-banksia-de","8":"product_cat-proteaceae-de","9":"product_tag-proteacea","11":"first","12":"instock","13":"shipping-taxable","14":"product-type-simple"},"_links":{"self":[{"href":"https:\/\/jardinexotiqueroscoff.com\/de\/wp-json\/wp\/v2\/product\/61473","targetHints":{"allow":["GET"]}}],"collection":[{"href":"https:\/\/jardinexotiqueroscoff.com\/de\/wp-json\/wp\/v2\/product"}],"about":[{"href":"https:\/\/jardinexotiqueroscoff.com\/de\/wp-json\/wp\/v2\/types\/product"}],"wp:featuredmedia":[{"embeddable":true,"href":"https:\/\/jardinexotiqueroscoff.com\/de\/wp-json\/wp\/v2\/media\/60070"}],"wp:attachment":[{"href":"https:\/\/jardinexotiqueroscoff.com\/de\/wp-json\/wp\/v2\/media?parent=61473"}],"wp:term":[{"taxonomy":"product_brand","embeddable":true,"href":"https:\/\/jardinexotiqueroscoff.com\/de\/wp-json\/wp\/v2\/product_brand?post=61473"},{"taxonomy":"product_cat","embeddable":true,"href":"https:\/\/jardinexotiqueroscoff.com\/de\/wp-json\/wp\/v2\/product_cat?post=61473"},{"taxonomy":"product_tag","embeddable":true,"href":"https:\/\/jardinexotiqueroscoff.com\/de\/wp-json\/wp\/v2\/product_tag?post=61473"}],"curies":[{"name":"wp","href":"https:\/\/api.w.org\/{rel}","templated":true}]}}