{"id":61471,"date":"2019-11-06T17:05:38","date_gmt":"2019-11-06T17:05:38","guid":{"rendered":"https:\/\/jardinexotiqueroscoff.com\/produit\/aloe-delrue\/"},"modified":"2025-11-24T13:34:53","modified_gmt":"2025-11-24T13:34:53","slug":"aloe-delrue","status":"publish","type":"product","link":"https:\/\/jardinexotiqueroscoff.com\/de\/produit\/aloe-delrue\/","title":{"rendered":"Aloe 'Delrue"},"content":{"rendered":"<div id=\"dslc-theme-content\"><div id=\"dslc-theme-content-inner\"><div class=\"wpb-content-wrapper\"><p>[vc_row][vc_column][vc_column_text]Zusammenfassung: Aloe 'Delrue' ist eine wenig winterharte Aloe-Hybride.<!--more--><\/p>\n<p>Botanischer Name: Aloe 'Delrue'.<\/p>\n<p>Familie: Aloaceae, Xanthorrhoeaceae, Asphodelaceae<\/p>\n<p>Herkunft: Gartenbau (Z\u00fcchter: Georges Delrue)<\/p>\n<p>Gew\u00f6hnlicher Name: Aloe Vera<\/p>\n<p>Winterh\u00e4rte: Zone 9-11 (um -4\u00b0C)<\/p>\n<p>Aloe 'Delrue' ist eine Hybride zwischen Aloe concinna und Aloe distans, die von Georges Delrue gez\u00fcchtet wurde. Beide Elternteile haben St\u00e4ngel, die sich verl\u00e4ngern und \u00fcber den Boden kriechen. Dies gilt auch f\u00fcr ihn. Seine Winterh\u00e4rte ist gering, aber wenn er gesch\u00fctzt und trocken steht, kann er -7\u00b0C vertragen.[\/vc_column_text][\/vc_column][\/vc_row]<\/p>\n<\/div><\/div><\/div>","protected":false},"excerpt":{"rendered":"<p>Kurzbeschreibung<\/p>\n","protected":false},"featured_media":60088,"template":"","meta":[],"product_brand":[],"product_cat":[446,447,449,492,562,448],"product_tag":[451],"class_list":{"0":"post-61471","1":"product","2":"type-product","3":"status-publish","4":"has-post-thumbnail","6":"product_cat-aloaceae-de","7":"product_cat-aloe-de","8":"product_cat-aloe-vera","9":"product_cat-asphodelaceae-de","10":"product_cat-gartenbau","11":"product_cat-xanthorrhoeaceae-de","12":"product_tag-sukkulente","14":"first","15":"instock","16":"featured","17":"shipping-taxable","18":"product-type-simple"},"_links":{"self":[{"href":"https:\/\/jardinexotiqueroscoff.com\/de\/wp-json\/wp\/v2\/product\/61471","targetHints":{"allow":["GET"]}}],"collection":[{"href":"https:\/\/jardinexotiqueroscoff.com\/de\/wp-json\/wp\/v2\/product"}],"about":[{"href":"https:\/\/jardinexotiqueroscoff.com\/de\/wp-json\/wp\/v2\/types\/product"}],"wp:featuredmedia":[{"embeddable":true,"href":"https:\/\/jardinexotiqueroscoff.com\/de\/wp-json\/wp\/v2\/media\/60088"}],"wp:attachment":[{"href":"https:\/\/jardinexotiqueroscoff.com\/de\/wp-json\/wp\/v2\/media?parent=61471"}],"wp:term":[{"taxonomy":"product_brand","embeddable":true,"href":"https:\/\/jardinexotiqueroscoff.com\/de\/wp-json\/wp\/v2\/product_brand?post=61471"},{"taxonomy":"product_cat","embeddable":true,"href":"https:\/\/jardinexotiqueroscoff.com\/de\/wp-json\/wp\/v2\/product_cat?post=61471"},{"taxonomy":"product_tag","embeddable":true,"href":"https:\/\/jardinexotiqueroscoff.com\/de\/wp-json\/wp\/v2\/product_tag?post=61471"}],"curies":[{"name":"wp","href":"https:\/\/api.w.org\/{rel}","templated":true}]}}