{"id":61470,"date":"2019-11-07T10:09:58","date_gmt":"2019-11-07T10:09:58","guid":{"rendered":"https:\/\/jardinexotiqueroscoff.com\/produit\/notocactus-horstii\/"},"modified":"2025-11-24T13:34:53","modified_gmt":"2025-11-24T13:34:53","slug":"notocactus-horstii","status":"publish","type":"product","link":"https:\/\/jardinexotiqueroscoff.com\/de\/produit\/notocactus-horstii\/","title":{"rendered":"Notocactus horstii"},"content":{"rendered":"<div id=\"dslc-theme-content\"><div id=\"dslc-theme-content-inner\"><div class=\"wpb-content-wrapper\"><p>[vc_row][vc_column][vc_column_text]Zusammenfassung<\/p>\n<p>Notocactus horstii ist ein l\u00e4nglicher, kugelf\u00f6rmiger Kaktus, der meist einzeln steht und aus Brasilien stammt.<\/p>\n<p><!--more--><\/p>\n<p>&nbsp;<\/p>\n<p>Botanischer Name: Notocactus horstii F.Ritt.<\/p>\n<p>Synonym: Parodia horstii (F.Ritt.) N.P.Taylor<\/p>\n<p>Familie: Cactaceae<\/p>\n<p>Herkunft: Brasilien, Bundesstaat Rio Grande do Sul<\/p>\n<p>IUCN Red List: EN<\/p>\n<p>Gebr\u00e4uchlicher Name: Kaktus, Kugelkaktus<\/p>\n<p>Winterh\u00e4rte: nicht rustikal, im Winter trocken<\/p>\n<p>Notocactus horstii ist ein kugelf\u00f6rmiger Kaktus, der sich mit zunehmendem Alter verl\u00e4ngert. Er steht normalerweise einzeln, kann aber manchmal einen B\u00fcschel bilden. Der St\u00e4ngel ist gr\u00fcn, 30 cm hoch und 14 cm breit. Die Farbe der Bl\u00fcten ist je nach Pflanze unterschiedlich und reicht von gelblich-orange \u00fcber r\u00f6tlich bis purpurfarben. Die Bl\u00fctezeit ist im Sommer.[\/vc_column_text][\/vc_column][\/vc_row]<\/p>\n<\/div><\/div><\/div>","protected":false},"excerpt":{"rendered":"<p>[vc_row][vc_column][vc_column_text]Zusammenfassung Notocactus horstii ist ein l\u00e4nglicher, kugelf\u00f6rmiger Kaktus, der meist einzeln steht und aus Brasilien stammt.<\/p>\n","protected":false},"featured_media":60108,"template":"","meta":[],"product_brand":[],"product_cat":[461,635,462,660,661],"product_tag":[465,451],"class_list":{"0":"post-61470","1":"product","2":"type-product","3":"status-publish","4":"has-post-thumbnail","6":"product_cat-cactaceae-de","7":"product_cat-brasilien","8":"product_cat-kaktus","9":"product_cat-notocactus-de","10":"product_cat-parodia-de","11":"product_tag-kaktus","12":"product_tag-sukkulente","14":"first","15":"instock","16":"featured","17":"shipping-taxable","18":"product-type-simple"},"_links":{"self":[{"href":"https:\/\/jardinexotiqueroscoff.com\/de\/wp-json\/wp\/v2\/product\/61470","targetHints":{"allow":["GET"]}}],"collection":[{"href":"https:\/\/jardinexotiqueroscoff.com\/de\/wp-json\/wp\/v2\/product"}],"about":[{"href":"https:\/\/jardinexotiqueroscoff.com\/de\/wp-json\/wp\/v2\/types\/product"}],"wp:featuredmedia":[{"embeddable":true,"href":"https:\/\/jardinexotiqueroscoff.com\/de\/wp-json\/wp\/v2\/media\/60108"}],"wp:attachment":[{"href":"https:\/\/jardinexotiqueroscoff.com\/de\/wp-json\/wp\/v2\/media?parent=61470"}],"wp:term":[{"taxonomy":"product_brand","embeddable":true,"href":"https:\/\/jardinexotiqueroscoff.com\/de\/wp-json\/wp\/v2\/product_brand?post=61470"},{"taxonomy":"product_cat","embeddable":true,"href":"https:\/\/jardinexotiqueroscoff.com\/de\/wp-json\/wp\/v2\/product_cat?post=61470"},{"taxonomy":"product_tag","embeddable":true,"href":"https:\/\/jardinexotiqueroscoff.com\/de\/wp-json\/wp\/v2\/product_tag?post=61470"}],"curies":[{"name":"wp","href":"https:\/\/api.w.org\/{rel}","templated":true}]}}