{"id":61467,"date":"2019-11-07T08:39:45","date_gmt":"2019-11-07T08:39:45","guid":{"rendered":"https:\/\/jardinexotiqueroscoff.com\/produit\/aloe-hazeliana-var-howmanii\/"},"modified":"2025-11-24T13:34:53","modified_gmt":"2025-11-24T13:34:53","slug":"aloe-hazeliana-var-howmanii","status":"publish","type":"product","link":"https:\/\/jardinexotiqueroscoff.com\/de\/produit\/aloe-hazeliana-var-howmanii\/","title":{"rendered":"Aloe hazeliana var. howmanii"},"content":{"rendered":"<div id=\"dslc-theme-content\"><div id=\"dslc-theme-content-inner\"><div class=\"wpb-content-wrapper\"><p>[vc_row][vc_column][vc_column_text]Zusammenfassung: Aloe hazeliana var. howmanii ist eine Aloe, die auf den Klippen im Osten von Simbabwe w\u00e4chst.<\/p>\n<p>Botanischer Name: Aloe hazeliana var. howmanii (Reynolds) S.Carter<\/p>\n<p>Synonym: Aloe howmanii<\/p>\n<p>Familie: Aloaceae, Xanthorrhoeaceae, Asphodelaceae<\/p>\n<p>Herkunft: Zimbabwe<\/p>\n<p>Gew\u00f6hnlicher Name: Aloe Vera<\/p>\n<p>Winterh\u00e4rte: nicht winterhart, Zone 10 (vielleicht -1\u00b0C im Trockenen?)<\/p>\n<p>Aloe hazeliana var. howmanii ist eine kleine Aloe, die auf den Klippen im Osten Simbabwes s\u00fcdlich der Chimanimani-Berge zwischen 1500 und 2300 m H\u00f6he w\u00e4chst. Er w\u00e4chst h\u00e4ngend und hat in der Wohnung nur wenige Bl\u00e4tter, in Kultur jedoch viel mehr. Wir kultivieren ihn in einem Freilandgew\u00e4chshaus mit Kieselsteinen am Fu\u00df und er w\u00e4chst gut.[\/vc_column_text][\/vc_column][\/vc_row]<\/p>\n<\/div><\/div><\/div>","protected":false},"excerpt":{"rendered":"<p>Kurzbeschreibung<\/p>\n","protected":false},"featured_media":60096,"template":"","meta":[],"product_brand":[],"product_cat":[446,447,449,492,657,448],"product_tag":[451],"class_list":{"0":"post-61467","1":"product","2":"type-product","3":"status-publish","4":"has-post-thumbnail","6":"product_cat-aloaceae-de","7":"product_cat-aloe-de","8":"product_cat-aloe-vera","9":"product_cat-asphodelaceae-de","10":"product_cat-simbabwe","11":"product_cat-xanthorrhoeaceae-de","12":"product_tag-sukkulente","14":"first","15":"instock","16":"featured","17":"shipping-taxable","18":"product-type-simple"},"_links":{"self":[{"href":"https:\/\/jardinexotiqueroscoff.com\/de\/wp-json\/wp\/v2\/product\/61467","targetHints":{"allow":["GET"]}}],"collection":[{"href":"https:\/\/jardinexotiqueroscoff.com\/de\/wp-json\/wp\/v2\/product"}],"about":[{"href":"https:\/\/jardinexotiqueroscoff.com\/de\/wp-json\/wp\/v2\/types\/product"}],"wp:featuredmedia":[{"embeddable":true,"href":"https:\/\/jardinexotiqueroscoff.com\/de\/wp-json\/wp\/v2\/media\/60096"}],"wp:attachment":[{"href":"https:\/\/jardinexotiqueroscoff.com\/de\/wp-json\/wp\/v2\/media?parent=61467"}],"wp:term":[{"taxonomy":"product_brand","embeddable":true,"href":"https:\/\/jardinexotiqueroscoff.com\/de\/wp-json\/wp\/v2\/product_brand?post=61467"},{"taxonomy":"product_cat","embeddable":true,"href":"https:\/\/jardinexotiqueroscoff.com\/de\/wp-json\/wp\/v2\/product_cat?post=61467"},{"taxonomy":"product_tag","embeddable":true,"href":"https:\/\/jardinexotiqueroscoff.com\/de\/wp-json\/wp\/v2\/product_tag?post=61467"}],"curies":[{"name":"wp","href":"https:\/\/api.w.org\/{rel}","templated":true}]}}