{"id":61466,"date":"2019-11-07T13:04:32","date_gmt":"2019-11-07T13:04:32","guid":{"rendered":"https:\/\/jardinexotiqueroscoff.com\/produit\/crassula-coccinea\/"},"modified":"2025-11-24T13:34:53","modified_gmt":"2025-11-24T13:34:53","slug":"crassula-coccinea","status":"publish","type":"product","link":"https:\/\/jardinexotiqueroscoff.com\/de\/produit\/crassula-coccinea\/","title":{"rendered":"Crassula coccinea"},"content":{"rendered":"<div id=\"dslc-theme-content\"><div id=\"dslc-theme-content-inner\"><div class=\"wpb-content-wrapper\"><p>[vc_row][vc_column][vc_column_text]Zusammenfassung: Crassula coccinea ist eine sukkulente Pflanze aus der Familie der Crassulaceae, die in S\u00fcdafrika beheimatet ist.<\/p>\n<p><!--more--><\/p>\n<p>Botanischer Name: Crassula coccinea L.<\/p>\n<p>Synonym: Rochea coccinea DC.<\/p>\n<p>Familie: Crassulaceae<\/p>\n<p>Herkunft: S\u00fcdafrika<\/p>\n<p>Gemeiner Name: Scharlachrote Kreuzblume<\/p>\n<p>Winterh\u00e4rte: um -5\u00b0C oder -6\u00b0C auf sehr durchl\u00e4ssigen B\u00f6den f\u00fcr kurze Zeit. Eine unserer Pflanzen wurde bei -4\u00b0C gesch\u00e4digt, aber nicht die ganze Pflanze starb.<\/p>\n<p>CCVS Crassula Kollektion<\/p>\n<p>Crassula coccinea ist ein sehr kleiner Strauch mit einer H\u00f6he von 40 bis 60 cm. Die Bl\u00e4tter sind im Gegensatz zum Stamm nicht sehr sukkulent. Die rote Bl\u00fcte findet im Sommer am Ende der Stiele statt, die nicht abgeschnitten werden sollten, bevor sie gebl\u00fcht haben. Die Vermehrung erfolgt durch Stecklinge von St\u00e4mmen oder durch Aussaat. Der Boden muss sehr gut drainiert sein. Die abgebildete Pflanze ist ein spontaner S\u00e4mling.[\/vc_column_text][\/vc_column][\/vc_row]<\/p>\n<\/div><\/div><\/div>","protected":false},"excerpt":{"rendered":"<p>[vc_row][vc_column][vc_column_text]Zusammenfassung: Crassula coccinea ist eine sukkulente Pflanze aus der Familie der Crassulaceae, die in S\u00fcdafrika beheimatet ist.<\/p>\n","protected":false},"featured_media":60112,"template":"","meta":[],"product_brand":[],"product_cat":[548,549,437],"product_tag":[439,451],"class_list":{"0":"post-61466","1":"product","2":"type-product","3":"status-publish","4":"has-post-thumbnail","6":"product_cat-crassulaceae-de","7":"product_cat-crassula-de","8":"product_cat-sudafrika","9":"product_tag-sammlung-ccvs","10":"product_tag-sukkulente","12":"first","13":"instock","14":"featured","15":"shipping-taxable","16":"product-type-simple"},"_links":{"self":[{"href":"https:\/\/jardinexotiqueroscoff.com\/de\/wp-json\/wp\/v2\/product\/61466","targetHints":{"allow":["GET"]}}],"collection":[{"href":"https:\/\/jardinexotiqueroscoff.com\/de\/wp-json\/wp\/v2\/product"}],"about":[{"href":"https:\/\/jardinexotiqueroscoff.com\/de\/wp-json\/wp\/v2\/types\/product"}],"wp:featuredmedia":[{"embeddable":true,"href":"https:\/\/jardinexotiqueroscoff.com\/de\/wp-json\/wp\/v2\/media\/60112"}],"wp:attachment":[{"href":"https:\/\/jardinexotiqueroscoff.com\/de\/wp-json\/wp\/v2\/media?parent=61466"}],"wp:term":[{"taxonomy":"product_brand","embeddable":true,"href":"https:\/\/jardinexotiqueroscoff.com\/de\/wp-json\/wp\/v2\/product_brand?post=61466"},{"taxonomy":"product_cat","embeddable":true,"href":"https:\/\/jardinexotiqueroscoff.com\/de\/wp-json\/wp\/v2\/product_cat?post=61466"},{"taxonomy":"product_tag","embeddable":true,"href":"https:\/\/jardinexotiqueroscoff.com\/de\/wp-json\/wp\/v2\/product_tag?post=61466"}],"curies":[{"name":"wp","href":"https:\/\/api.w.org\/{rel}","templated":true}]}}