{"id":61463,"date":"2019-11-07T08:48:27","date_gmt":"2019-11-07T08:48:27","guid":{"rendered":"https:\/\/jardinexotiqueroscoff.com\/produit\/ferocactus-emoryi-subsp-rectispinus\/"},"modified":"2025-11-24T13:34:53","modified_gmt":"2025-11-24T13:34:53","slug":"ferocactus-emoryi-subsp-rectispinus","status":"publish","type":"product","link":"https:\/\/jardinexotiqueroscoff.com\/de\/produit\/ferocactus-emoryi-subsp-rectispinus\/","title":{"rendered":"Ferocactus emoryi subsp. rectispinus"},"content":{"rendered":"<div id=\"dslc-theme-content\"><div id=\"dslc-theme-content-inner\"><div class=\"wpb-content-wrapper\"><p>[vc_row][vc_column][vc_column_text]Zusammenfassung<\/p>\n<p>Ferocactus emoryi ssp. rectispinus ist ein Fasskaktus, der auf der Halbinsel Baja California in Mexiko beheimatet ist.<\/p>\n<p><!--more--><\/p>\n<p>&nbsp;<\/p>\n<p>Botanischer Name: Ferocactus emoryi subsp. rectispinus (Engelm.) N.P.Taylor<\/p>\n<p>Synonym: Ferocactus rectispinus, Echinocactus rectispinus, Echinocactus emoryi var. rectispinus<\/p>\n<p>Familie: Cactaceae<\/p>\n<p>Herkunft: Mexiko<\/p>\n<p>Gew\u00f6hnliche Benennung: Kaktus, Fasskaktus<\/p>\n<p>Winterh\u00e4rte: nicht winterhart, -2\u00b0C im trockenen Winter<\/p>\n<p>Ferocactus emoryi ssp. rectispinus ist ein Tonnenkaktus, der eine H\u00f6he von 1,50 m und einen Durchmesser von 0,45-0,60 m erreichen kann. Die Stacheln sind sehr lang und k\u00f6nnen bis zu 22 cm lang werden. Sie ben\u00f6tigt einen durchl\u00e4ssigen und vor allem im Winter trockenen Boden. Die Bew\u00e4sserung erfolgt vom Fr\u00fchjahr bis zum Herbst, in Abst\u00e4nden, bis der Boden trocken ist.[\/vc_column_text][\/vc_column][\/vc_row]<\/p>\n<\/div><\/div><\/div>","protected":false},"excerpt":{"rendered":"<p>[vc_row][vc_column][vc_column_text]Zusammenfassung Ferocactus emoryi ssp. rectispinus ist ein Fasskaktus, der auf der Halbinsel Baja California in Mexiko beheimatet ist.<\/p>\n","protected":false},"featured_media":60104,"template":"","meta":[],"product_brand":[],"product_cat":[461,500,462,458],"product_tag":[465,451],"class_list":{"0":"post-61463","1":"product","2":"type-product","3":"status-publish","4":"has-post-thumbnail","6":"product_cat-cactaceae-de","7":"product_cat-ferocactus-de","8":"product_cat-kaktus","9":"product_cat-mexiko","10":"product_tag-kaktus","11":"product_tag-sukkulente","13":"first","14":"instock","15":"featured","16":"shipping-taxable","17":"product-type-simple"},"_links":{"self":[{"href":"https:\/\/jardinexotiqueroscoff.com\/de\/wp-json\/wp\/v2\/product\/61463","targetHints":{"allow":["GET"]}}],"collection":[{"href":"https:\/\/jardinexotiqueroscoff.com\/de\/wp-json\/wp\/v2\/product"}],"about":[{"href":"https:\/\/jardinexotiqueroscoff.com\/de\/wp-json\/wp\/v2\/types\/product"}],"wp:featuredmedia":[{"embeddable":true,"href":"https:\/\/jardinexotiqueroscoff.com\/de\/wp-json\/wp\/v2\/media\/60104"}],"wp:attachment":[{"href":"https:\/\/jardinexotiqueroscoff.com\/de\/wp-json\/wp\/v2\/media?parent=61463"}],"wp:term":[{"taxonomy":"product_brand","embeddable":true,"href":"https:\/\/jardinexotiqueroscoff.com\/de\/wp-json\/wp\/v2\/product_brand?post=61463"},{"taxonomy":"product_cat","embeddable":true,"href":"https:\/\/jardinexotiqueroscoff.com\/de\/wp-json\/wp\/v2\/product_cat?post=61463"},{"taxonomy":"product_tag","embeddable":true,"href":"https:\/\/jardinexotiqueroscoff.com\/de\/wp-json\/wp\/v2\/product_tag?post=61463"}],"curies":[{"name":"wp","href":"https:\/\/api.w.org\/{rel}","templated":true}]}}