{"id":61461,"date":"2019-11-07T13:23:42","date_gmt":"2019-11-07T13:23:42","guid":{"rendered":"https:\/\/jardinexotiqueroscoff.com\/produit\/crocosmia-lucifer-luzifer\/"},"modified":"2025-11-24T13:34:43","modified_gmt":"2025-11-24T13:34:43","slug":"crocosmia-lucifer-luzifer","status":"publish","type":"product","link":"https:\/\/jardinexotiqueroscoff.com\/de\/produit\/crocosmia-lucifer-luzifer\/","title":{"rendered":"Crocosmia 'Lucifer' (Luzifer)"},"content":{"rendered":"<div id=\"dslc-theme-content\"><div id=\"dslc-theme-content-inner\"><div class=\"wpb-content-wrapper\"><p>[vc_row][vc_column][vc_column_text]Zusammenfassung: Crocosmia 'Lucifer' ist eine Zwiebel aus der Familie der Iridaceae, die aus dem Gartenbau stammt.<!--more--><\/p>\n<p>Botanischer Name: Crocosmia 'Lucifer' hort.<\/p>\n<p>Familie: Iridaceae<\/p>\n<p>Herkunft: Gartenbau (Z\u00fcchter: Alan Bloom, 1966)<\/p>\n<p>Gew\u00f6hnlicher Name: crocosmia, montbretia<\/p>\n<p>Winterh\u00e4rte: ca. -10\u00b0C f\u00fcr kurze Zeit. In kalten Regionen sollten Sie die Pflanzen mit Stroh bedecken.<\/p>\n<p>Crocosmia 'Lucifer' ist eine Blumenzwiebel zwischen Crocosmia masoniorum und Crocosmia paniculata, die 1966 von Alan Bloom gez\u00fcchtet wurde. Die Bl\u00e4tter k\u00f6nnen eine H\u00f6he von mindestens 1,20 m erreichen. Die rote Bl\u00fcte findet im Sommer statt. Das Laub ist sommergr\u00fcn. Die Pflanze kann sich wieder auss\u00e4en.[\/vc_column_text][\/vc_column][\/vc_row]<\/p>\n<\/div><\/div><\/div>","protected":false},"excerpt":{"rendered":"<p>[vc_row][vc_column][vc_column_text]Zusammenfassung: Crocosmia 'Lucifer' ist eine Zwiebel aus der Familie der Iridaceae, die aus dem Gartenbau stammt.<\/p>\n","protected":false},"featured_media":60116,"template":"","meta":[],"product_brand":[],"product_cat":[562,654,501],"product_tag":[495],"class_list":{"0":"post-61461","1":"product","2":"type-product","3":"status-publish","4":"has-post-thumbnail","6":"product_cat-gartenbau","7":"product_cat-crocosmia-de","8":"product_cat-iridaceae-de","9":"product_tag-zwiebel","11":"first","12":"instock","13":"featured","14":"shipping-taxable","15":"product-type-simple"},"_links":{"self":[{"href":"https:\/\/jardinexotiqueroscoff.com\/de\/wp-json\/wp\/v2\/product\/61461","targetHints":{"allow":["GET"]}}],"collection":[{"href":"https:\/\/jardinexotiqueroscoff.com\/de\/wp-json\/wp\/v2\/product"}],"about":[{"href":"https:\/\/jardinexotiqueroscoff.com\/de\/wp-json\/wp\/v2\/types\/product"}],"wp:featuredmedia":[{"embeddable":true,"href":"https:\/\/jardinexotiqueroscoff.com\/de\/wp-json\/wp\/v2\/media\/60116"}],"wp:attachment":[{"href":"https:\/\/jardinexotiqueroscoff.com\/de\/wp-json\/wp\/v2\/media?parent=61461"}],"wp:term":[{"taxonomy":"product_brand","embeddable":true,"href":"https:\/\/jardinexotiqueroscoff.com\/de\/wp-json\/wp\/v2\/product_brand?post=61461"},{"taxonomy":"product_cat","embeddable":true,"href":"https:\/\/jardinexotiqueroscoff.com\/de\/wp-json\/wp\/v2\/product_cat?post=61461"},{"taxonomy":"product_tag","embeddable":true,"href":"https:\/\/jardinexotiqueroscoff.com\/de\/wp-json\/wp\/v2\/product_tag?post=61461"}],"curies":[{"name":"wp","href":"https:\/\/api.w.org\/{rel}","templated":true}]}}