{"id":61460,"date":"2019-11-09T14:37:49","date_gmt":"2019-11-09T14:37:49","guid":{"rendered":"https:\/\/jardinexotiqueroscoff.com\/produit\/colletia-cruciata\/"},"modified":"2025-11-24T13:34:43","modified_gmt":"2025-11-24T13:34:43","slug":"colletia-cruciata","status":"publish","type":"product","link":"https:\/\/jardinexotiqueroscoff.com\/de\/produit\/colletia-cruciata\/","title":{"rendered":"Colletia cruciata"},"content":{"rendered":"<div id=\"dslc-theme-content\"><div id=\"dslc-theme-content-inner\"><div class=\"wpb-content-wrapper\"><p>[vc_row][vc_column][vc_column_text]Zusammenfassung: Colletia cruciata ist ein dorniger Strauch aus der Familie der Rhamnaceae, der in S\u00fcdamerika beheimatet ist.<!--more--><\/p>\n<p>Botanischer Name: Colletia cruciata Gill. &amp; Hook.<\/p>\n<p>Synonyme: Colletia paradoxa (Spreng.) Escalante, Colletia bictanensis Lindl., Colletia bictoensis Lindl., Colletia exserta Klotzsch ex Reissek.<\/p>\n<p>Familie: Rhamnaceae<\/p>\n<p>Herkunft: S\u00fcdamerika (Argentinien, Brasilien, Chile, Uruguay)<\/p>\n<p>IUCN Red List: VU<\/p>\n<p>Gew\u00f6hnliche Benennung: Koll\u00e9tie, kreuzf\u00f6rmige Koll\u00e9tie, kreuzf\u00f6rmige Koll\u00e9tie<\/p>\n<p>Winterh\u00e4rte: Zone 7-10 (kurzzeitig -15\u00b0C)<\/p>\n<p>Colletia cruciata ist ein dorniger Strauch aus dem s\u00fcdlichen S\u00fcdamerika (Argentinien, Brasilien, Chile, Uruguay) mit dreieckigen Bl\u00e4ttern, die in Dornen enden. Er erreicht langsam eine H\u00f6he von 2 bis 3 Metern. Sie liebt steinige B\u00f6den oder Felsen. Die duftende Bl\u00fcte zieht Insekten an und findet vom Sp\u00e4tsommer bis zum Sp\u00e4therbst statt.[\/vc_column_text][\/vc_column][\/vc_row]<\/p>\n<\/div><\/div><\/div>","protected":false},"excerpt":{"rendered":"<p>[vc_row][vc_column][vc_column_text]Zusammenfassung: Colletia cruciata ist ein dorniger Strauch aus der Familie der Rhamnaceae, der in S\u00fcdamerika beheimatet ist.<\/p>\n","protected":false},"featured_media":60144,"template":"","meta":[],"product_brand":[],"product_cat":[652,479,635,545,653,651,478,627],"product_tag":[],"class_list":{"0":"post-61460","1":"product","2":"type-product","3":"status-publish","4":"has-post-thumbnail","6":"product_cat-colletia-de","7":"product_cat-argentinien","8":"product_cat-brasilien","9":"product_cat-chile-de","10":"product_cat-kolletie","11":"product_cat-rhamnaceae-de","12":"product_cat-sudamerika","13":"product_cat-uruguay-de","15":"first","16":"instock","17":"featured","18":"shipping-taxable","19":"product-type-simple"},"_links":{"self":[{"href":"https:\/\/jardinexotiqueroscoff.com\/de\/wp-json\/wp\/v2\/product\/61460","targetHints":{"allow":["GET"]}}],"collection":[{"href":"https:\/\/jardinexotiqueroscoff.com\/de\/wp-json\/wp\/v2\/product"}],"about":[{"href":"https:\/\/jardinexotiqueroscoff.com\/de\/wp-json\/wp\/v2\/types\/product"}],"wp:featuredmedia":[{"embeddable":true,"href":"https:\/\/jardinexotiqueroscoff.com\/de\/wp-json\/wp\/v2\/media\/60144"}],"wp:attachment":[{"href":"https:\/\/jardinexotiqueroscoff.com\/de\/wp-json\/wp\/v2\/media?parent=61460"}],"wp:term":[{"taxonomy":"product_brand","embeddable":true,"href":"https:\/\/jardinexotiqueroscoff.com\/de\/wp-json\/wp\/v2\/product_brand?post=61460"},{"taxonomy":"product_cat","embeddable":true,"href":"https:\/\/jardinexotiqueroscoff.com\/de\/wp-json\/wp\/v2\/product_cat?post=61460"},{"taxonomy":"product_tag","embeddable":true,"href":"https:\/\/jardinexotiqueroscoff.com\/de\/wp-json\/wp\/v2\/product_tag?post=61460"}],"curies":[{"name":"wp","href":"https:\/\/api.w.org\/{rel}","templated":true}]}}