{"id":61457,"date":"2019-11-07T13:56:13","date_gmt":"2019-11-07T13:56:13","guid":{"rendered":"https:\/\/jardinexotiqueroscoff.com\/produit\/banksia-spinulosa-var-collina\/"},"modified":"2025-11-24T13:34:43","modified_gmt":"2025-11-24T13:34:43","slug":"banksia-spinulosa-var-collina","status":"publish","type":"product","link":"https:\/\/jardinexotiqueroscoff.com\/de\/produit\/banksia-spinulosa-var-collina\/","title":{"rendered":"Banksia spinulosa var. collina"},"content":{"rendered":"<div id=\"dslc-theme-content\"><div id=\"dslc-theme-content-inner\"><div class=\"wpb-content-wrapper\"><p>[vc_row][vc_column][vc_column_text]Banksia spinulosa var. collina ist ein kleiner australischer Strauch aus der Familie der Proteaceae. <!--more--><\/p>\n<p>Botanischer Name: Banksia spinulosa var. collina (R.Br.) A.S.George<\/p>\n<p>Familie: Proteaceae<\/p>\n<p>Herkunft: Australien<\/p>\n<p>Gebr\u00e4uchlicher Name: banksia, Hairpin Banksia, Banksia Haarnadelbaum<\/p>\n<p>Winterh\u00e4rte: -8\u00b0C \u00fcber einen kurzen Zeitraum<\/p>\n<p>Banksia spinulosa var. collina ist ein kleiner Strauch aus der Familie der Proteaceae, der in Australien beheimatet ist. Er kann eine H\u00f6he von 1,5 bis 3 m erreichen. Er hat immergr\u00fcne Bl\u00e4tter und einen Lignotuber. Die Bl\u00fctezeit ist im Herbst\/Winter und im fr\u00fchen Fr\u00fchjahr. Die Bl\u00fctenst\u00e4nde sind 6 bis 15 cm hoch und variieren in Gold und Orange. Sie ben\u00f6tigt leichte bis mittelschwere B\u00f6den, die stets durchl\u00e4ssig sind und eine gute Feuchtigkeit aufweisen. Er wird von Bienen und Hornissen best\u00e4ubt. Unser Exemplar stammt vom Mus\u00e9um national d'histoire naturelle und wurde 1996 gepflanzt.[\/vc_column_text][\/vc_column][\/vc_row]<\/p>\n<\/div><\/div><\/div>","protected":false},"excerpt":{"rendered":"<p>[vc_row][vc_column][vc_column_text]Banksia spinulosa var. collina ist ein kleiner australischer Strauch aus der Familie der Proteaceae.<\/p>\n","protected":false},"featured_media":60126,"template":"","meta":[],"product_brand":[],"product_cat":[435,608,646],"product_tag":[517],"class_list":{"0":"post-61457","1":"product","2":"type-product","3":"status-publish","4":"has-post-thumbnail","6":"product_cat-proteaceae-de","7":"product_cat-australien","8":"product_cat-banksia-de","9":"product_tag-proteacea","11":"first","12":"instock","13":"shipping-taxable","14":"product-type-simple"},"_links":{"self":[{"href":"https:\/\/jardinexotiqueroscoff.com\/de\/wp-json\/wp\/v2\/product\/61457","targetHints":{"allow":["GET"]}}],"collection":[{"href":"https:\/\/jardinexotiqueroscoff.com\/de\/wp-json\/wp\/v2\/product"}],"about":[{"href":"https:\/\/jardinexotiqueroscoff.com\/de\/wp-json\/wp\/v2\/types\/product"}],"wp:featuredmedia":[{"embeddable":true,"href":"https:\/\/jardinexotiqueroscoff.com\/de\/wp-json\/wp\/v2\/media\/60126"}],"wp:attachment":[{"href":"https:\/\/jardinexotiqueroscoff.com\/de\/wp-json\/wp\/v2\/media?parent=61457"}],"wp:term":[{"taxonomy":"product_brand","embeddable":true,"href":"https:\/\/jardinexotiqueroscoff.com\/de\/wp-json\/wp\/v2\/product_brand?post=61457"},{"taxonomy":"product_cat","embeddable":true,"href":"https:\/\/jardinexotiqueroscoff.com\/de\/wp-json\/wp\/v2\/product_cat?post=61457"},{"taxonomy":"product_tag","embeddable":true,"href":"https:\/\/jardinexotiqueroscoff.com\/de\/wp-json\/wp\/v2\/product_tag?post=61457"}],"curies":[{"name":"wp","href":"https:\/\/api.w.org\/{rel}","templated":true}]}}