{"id":61456,"date":"2019-11-09T15:57:19","date_gmt":"2019-11-09T15:57:19","guid":{"rendered":"https:\/\/jardinexotiqueroscoff.com\/produit\/nerine-sarniensis\/"},"modified":"2025-11-24T13:34:43","modified_gmt":"2025-11-24T13:34:43","slug":"nerine-sarniensis","status":"publish","type":"product","link":"https:\/\/jardinexotiqueroscoff.com\/de\/produit\/nerine-sarniensis\/","title":{"rendered":"Nerine sarniensis"},"content":{"rendered":"<div id=\"dslc-theme-content\"><div id=\"dslc-theme-content-inner\"><div class=\"wpb-content-wrapper\"><p>[vc_row][vc_column][vc_column_text]Zusammenfassung: Nerine sarniensis ist eine h\u00fcbsche Zwiebel mit roten Bl\u00fcten, die aus S\u00fcdafrika stammt.<br \/>\n<!--more--><\/p>\n<p>Botanischer Name: Nerine sarniensis (L.) Herb.<\/p>\n<p>Familie: Amaryllidaceae, Liliaceae<\/p>\n<p>Herkunft: S\u00fcdafrika<\/p>\n<p>Gebr\u00e4uchlicher Name: Nerine, Guernsey-Lilie<\/p>\n<p>Winterh\u00e4rte: Zone 9 (um -4\u00b0C) f\u00fcr kurze Zeit und in entw\u00e4sserter Erde.<\/p>\n<p>Nerine sarniensis ist eine sommergr\u00fcne Zwiebel aus der Familie der Amaryllidaceae, die in S\u00fcdafrika beheimatet ist. Die Bl\u00fctezeit (3 Wochen) ist meist rot und findet im Herbst statt. Das Laub trocknet bei uns im Sommer und erscheint im Herbst wieder. Die Guernsey-Lilie muss in durchl\u00e4ssiger Erde in der Sonne oder im Halbschatten angebaut werden. Er kann auch als Topfpflanze kultiviert werden.[\/vc_column_text][\/vc_column][\/vc_row]<\/p>\n<\/div><\/div><\/div>","protected":false},"excerpt":{"rendered":"<p>[vc_row][vc_column][vc_column_text]Zusammenfassung: Nerine sarniensis ist eine h\u00fcbsche Zwiebel mit roten Bl\u00fcten, die aus S\u00fcdafrika stammt.<\/p>\n","protected":false},"featured_media":60152,"template":"","meta":[],"product_brand":[],"product_cat":[524,493,645,437,491],"product_tag":[495],"class_list":{"0":"post-61456","1":"product","2":"type-product","3":"status-publish","4":"has-post-thumbnail","6":"product_cat-amaryllidaceae-de","7":"product_cat-liliaceae-de","8":"product_cat-nerine-de","9":"product_cat-sudafrika","10":"product_cat-zwiebel","11":"product_tag-zwiebel","13":"first","14":"instock","15":"featured","16":"shipping-taxable","17":"product-type-simple"},"_links":{"self":[{"href":"https:\/\/jardinexotiqueroscoff.com\/de\/wp-json\/wp\/v2\/product\/61456","targetHints":{"allow":["GET"]}}],"collection":[{"href":"https:\/\/jardinexotiqueroscoff.com\/de\/wp-json\/wp\/v2\/product"}],"about":[{"href":"https:\/\/jardinexotiqueroscoff.com\/de\/wp-json\/wp\/v2\/types\/product"}],"wp:featuredmedia":[{"embeddable":true,"href":"https:\/\/jardinexotiqueroscoff.com\/de\/wp-json\/wp\/v2\/media\/60152"}],"wp:attachment":[{"href":"https:\/\/jardinexotiqueroscoff.com\/de\/wp-json\/wp\/v2\/media?parent=61456"}],"wp:term":[{"taxonomy":"product_brand","embeddable":true,"href":"https:\/\/jardinexotiqueroscoff.com\/de\/wp-json\/wp\/v2\/product_brand?post=61456"},{"taxonomy":"product_cat","embeddable":true,"href":"https:\/\/jardinexotiqueroscoff.com\/de\/wp-json\/wp\/v2\/product_cat?post=61456"},{"taxonomy":"product_tag","embeddable":true,"href":"https:\/\/jardinexotiqueroscoff.com\/de\/wp-json\/wp\/v2\/product_tag?post=61456"}],"curies":[{"name":"wp","href":"https:\/\/api.w.org\/{rel}","templated":true}]}}