{"id":61453,"date":"2019-11-09T14:08:53","date_gmt":"2019-11-09T14:08:53","guid":{"rendered":"https:\/\/jardinexotiqueroscoff.com\/produit\/salvia-regla\/"},"modified":"2025-11-24T13:34:43","modified_gmt":"2025-11-24T13:34:43","slug":"salvia-regla","status":"publish","type":"product","link":"https:\/\/jardinexotiqueroscoff.com\/de\/produit\/salvia-regla\/","title":{"rendered":"Salvia regla"},"content":{"rendered":"<div id=\"dslc-theme-content\"><div id=\"dslc-theme-content-inner\"><div class=\"wpb-content-wrapper\"><p>[vc_row][vc_column][vc_column_text]Zusammenfassung: Salvia regla ist eine mehrj\u00e4hrige Pflanze aus der Familie der Lamiaceae, die in den USA und Mexiko beheimatet ist.<!--more--><\/p>\n<p>Botanischer Name: Salvia regla Cav.<\/p>\n<p>Familie: Lamiaceae, Labiaceae<\/p>\n<p>Herkunft: USA, Mexiko<\/p>\n<p>Gew\u00f6hnlicher Name: Salbei, roter Bergsalbei<\/p>\n<p>Winterh\u00e4rte: -6\u00b0C \u00fcber einen kurzen Zeitraum<\/p>\n<p>Salvia regla ist eine sommergr\u00fcne Staude, die in den Chisos-Bergen in Texas (USA), aber auch in den Bundesstaaten Coahuila, Durango, Hidalgo und Oaxaca beheimatet ist. Sie wird 1 bis 2 m hoch und 1,5 m breit. Sie bl\u00fcht von August bis zum Frost. Die Bl\u00fcten sind rot und l\u00e4nglich r\u00f6hrenf\u00f6rmig. Sie ben\u00f6tigt einen durchl\u00e4ssigen und n\u00e4hrstoffreichen Boden. Sie kann in der Sonne oder im Halbschatten angebaut werden. Im Sommer ist sie wasserliebend, vertr\u00e4gt aber auch Trockenheit und Hitze. Wir kultivieren sie im Halbschatten mit Fuchsien und gie\u00dfen sie im Sommer.[\/vc_column_text][\/vc_column][\/vc_row]<\/p>\n<\/div><\/div><\/div>","protected":false},"excerpt":{"rendered":"<p>[vc_row][vc_column][vc_column_text]Zusammenfassung: Salvia regla ist eine mehrj\u00e4hrige Pflanze aus der Familie der Lamiaceae, die in den USA und Mexiko beheimatet ist.<\/p>\n","protected":false},"featured_media":60136,"template":"","meta":[],"product_brand":[],"product_cat":[573,642,458,576,574,463],"product_tag":[],"class_list":{"0":"post-61453","1":"product","2":"type-product","3":"status-publish","4":"has-post-thumbnail","6":"product_cat-lamiaceae-de","7":"product_cat-labiaceae-de","8":"product_cat-mexiko","9":"product_cat-salbei","10":"product_cat-salvia-de","11":"product_cat-vereinigte-staaten","13":"first","14":"instock","15":"featured","16":"shipping-taxable","17":"product-type-simple"},"_links":{"self":[{"href":"https:\/\/jardinexotiqueroscoff.com\/de\/wp-json\/wp\/v2\/product\/61453","targetHints":{"allow":["GET"]}}],"collection":[{"href":"https:\/\/jardinexotiqueroscoff.com\/de\/wp-json\/wp\/v2\/product"}],"about":[{"href":"https:\/\/jardinexotiqueroscoff.com\/de\/wp-json\/wp\/v2\/types\/product"}],"wp:featuredmedia":[{"embeddable":true,"href":"https:\/\/jardinexotiqueroscoff.com\/de\/wp-json\/wp\/v2\/media\/60136"}],"wp:attachment":[{"href":"https:\/\/jardinexotiqueroscoff.com\/de\/wp-json\/wp\/v2\/media?parent=61453"}],"wp:term":[{"taxonomy":"product_brand","embeddable":true,"href":"https:\/\/jardinexotiqueroscoff.com\/de\/wp-json\/wp\/v2\/product_brand?post=61453"},{"taxonomy":"product_cat","embeddable":true,"href":"https:\/\/jardinexotiqueroscoff.com\/de\/wp-json\/wp\/v2\/product_cat?post=61453"},{"taxonomy":"product_tag","embeddable":true,"href":"https:\/\/jardinexotiqueroscoff.com\/de\/wp-json\/wp\/v2\/product_tag?post=61453"}],"curies":[{"name":"wp","href":"https:\/\/api.w.org\/{rel}","templated":true}]}}