{"id":61451,"date":"2019-11-09T16:21:35","date_gmt":"2019-11-09T16:21:35","guid":{"rendered":"https:\/\/jardinexotiqueroscoff.com\/produit\/ochagavia-carnea\/"},"modified":"2025-11-24T13:34:32","modified_gmt":"2025-11-24T13:34:32","slug":"ochagavia-carnea","status":"publish","type":"product","link":"https:\/\/jardinexotiqueroscoff.com\/de\/produit\/ochagavia-carnea\/","title":{"rendered":"Ochagavia carnea"},"content":{"rendered":"<div id=\"dslc-theme-content\"><div id=\"dslc-theme-content-inner\"><div class=\"wpb-content-wrapper\"><p>[vc_row][vc_column][vc_column_text]Zusammenfassung: Ochagavia carnea ist eine epiphytische Landpflanze aus der Familie der Bromeliaceae, die in Chile beheimatet ist.<\/p>\n<p><!--more--><\/p>\n<p>Botanischer Name: Ochagavia carnea (Beer) LB Smith &amp; Looser<\/p>\n<p>Familie: Bromeliaceae<\/p>\n<p>Herkunft: Chile<\/p>\n<p>Gew\u00f6hnlicher Name: Ochagavia<\/p>\n<p>Winterh\u00e4rte: -7\u00b0C oder sogar -10\u00b0C f\u00fcr kurze Zeit nach einigen Erfahrungen.<\/p>\n<p>Ochagavia carnea ist eine epiphytische Pflanze aus Chile, die zur Familie der Ananasgew\u00e4chse (Bromeliaceae) geh\u00f6rt. Sie w\u00e4chst langsam und bildet innerhalb weniger Jahre einen ein bis zwei Meter breiten Busch. Das Laub ist immergr\u00fcn. Die Bl\u00e4tter sind von Stacheln ges\u00e4umt. In unserem Garten w\u00e4chst sie auf dem Boden oder in einer Felsnische. Die Bl\u00fctezeit ist im Sommer in der Bretagne: Die Bl\u00fcten sind rosa. Sie ben\u00f6tigt einen sehr durchl\u00e4ssigen, steinigen Boden oder eine Felskluft. Im Topf muss sie im Sommer gegossen werden, wenn sie schnell bl\u00fchen soll.[\/vc_column_text][\/vc_column][\/vc_row]<\/p>\n<\/div><\/div><\/div>","protected":false},"excerpt":{"rendered":"<p>[vc_row][vc_column][vc_column_text]Zusammenfassung: Ochagavia carnea ist eine epiphytische Landpflanze aus der Familie der Bromeliaceae, die in Chile beheimatet ist.<\/p>\n","protected":false},"featured_media":60158,"template":"","meta":[],"product_brand":[],"product_cat":[641,535,545,640,534],"product_tag":[],"class_list":{"0":"post-61451","1":"product","2":"type-product","3":"status-publish","4":"has-post-thumbnail","6":"product_cat-ochagavia-de","7":"product_cat-bromeliaceae-de","8":"product_cat-chile-de","9":"product_cat-epiphyt","10":"product_cat-irdischer-epiphyt","12":"first","13":"instock","14":"featured","15":"shipping-taxable","16":"product-type-simple"},"_links":{"self":[{"href":"https:\/\/jardinexotiqueroscoff.com\/de\/wp-json\/wp\/v2\/product\/61451","targetHints":{"allow":["GET"]}}],"collection":[{"href":"https:\/\/jardinexotiqueroscoff.com\/de\/wp-json\/wp\/v2\/product"}],"about":[{"href":"https:\/\/jardinexotiqueroscoff.com\/de\/wp-json\/wp\/v2\/types\/product"}],"wp:featuredmedia":[{"embeddable":true,"href":"https:\/\/jardinexotiqueroscoff.com\/de\/wp-json\/wp\/v2\/media\/60158"}],"wp:attachment":[{"href":"https:\/\/jardinexotiqueroscoff.com\/de\/wp-json\/wp\/v2\/media?parent=61451"}],"wp:term":[{"taxonomy":"product_brand","embeddable":true,"href":"https:\/\/jardinexotiqueroscoff.com\/de\/wp-json\/wp\/v2\/product_brand?post=61451"},{"taxonomy":"product_cat","embeddable":true,"href":"https:\/\/jardinexotiqueroscoff.com\/de\/wp-json\/wp\/v2\/product_cat?post=61451"},{"taxonomy":"product_tag","embeddable":true,"href":"https:\/\/jardinexotiqueroscoff.com\/de\/wp-json\/wp\/v2\/product_tag?post=61451"}],"curies":[{"name":"wp","href":"https:\/\/api.w.org\/{rel}","templated":true}]}}