{"id":61447,"date":"2019-11-10T09:41:46","date_gmt":"2019-11-10T09:41:46","guid":{"rendered":"https:\/\/jardinexotiqueroscoff.com\/produit\/protea-aurea\/"},"modified":"2025-11-24T13:34:32","modified_gmt":"2025-11-24T13:34:32","slug":"protea-aurea","status":"publish","type":"product","link":"https:\/\/jardinexotiqueroscoff.com\/de\/produit\/protea-aurea\/","title":{"rendered":"Protea aurea"},"content":{"rendered":"<div id=\"dslc-theme-content\"><div id=\"dslc-theme-content-inner\"><div class=\"wpb-content-wrapper\"><p>[vc_row][vc_column][vc_column_text]Zusammenfassung: Protea aurea ist ein kleiner s\u00fcdafrikanischer Baum aus der Familie der Proteaceae.<br \/>\n<!--more--><\/p>\n<p>Botanischer Name: Protea aurea (Burm. f.) Rourke<\/p>\n<p>Familie: Proteaceae<\/p>\n<p>Herkunft: S\u00fcdafrika<\/p>\n<p>Gew\u00f6hnlicher Name: Prot\u00e9te, Common Shuttlecock Sugarbush<\/p>\n<p>Winterh\u00e4rte: wenig winterhart (-6\u00b0C), wenn sie gut installiert ist<\/p>\n<p>CCVS Protea Kollektion<\/p>\n<p>Protea aurea ist ein kleiner s\u00fcdafrikanischer Baum aus der Familie der Proteaceae, der eine H\u00f6he von 3-5 m erreichen kann. Sein Lebensraum liegt zwischen 150 und 800 m \u00fc.d.M. in den Riviersonderend Mountains, Langeberg und Outeniqua Mountains an k\u00fchlen und feuchten s\u00fcdlichen H\u00e4ngen. Die Farbe der Bl\u00fcten variiert von cremefarben bis rot. Bei uns bl\u00fcht sie im Sommer.[\/vc_column_text][\/vc_column][\/vc_row]<\/p>\n<\/div><\/div><\/div>","protected":false},"excerpt":{"rendered":"<p>[vc_row][vc_column][vc_column_text]Zusammenfassung: Protea aurea ist ein kleiner s\u00fcdafrikanischer Baum aus der Familie der Proteaceae.<\/p>\n","protected":false},"featured_media":60166,"template":"","meta":[],"product_brand":[],"product_cat":[435,436,434,437],"product_tag":[517,439],"class_list":{"0":"post-61447","1":"product","2":"type-product","3":"status-publish","4":"has-post-thumbnail","6":"product_cat-proteaceae-de","7":"product_cat-protea-de","8":"product_cat-proteus","9":"product_cat-sudafrika","10":"product_tag-proteacea","11":"product_tag-sammlung-ccvs","13":"first","14":"instock","15":"shipping-taxable","16":"product-type-simple"},"_links":{"self":[{"href":"https:\/\/jardinexotiqueroscoff.com\/de\/wp-json\/wp\/v2\/product\/61447","targetHints":{"allow":["GET"]}}],"collection":[{"href":"https:\/\/jardinexotiqueroscoff.com\/de\/wp-json\/wp\/v2\/product"}],"about":[{"href":"https:\/\/jardinexotiqueroscoff.com\/de\/wp-json\/wp\/v2\/types\/product"}],"wp:featuredmedia":[{"embeddable":true,"href":"https:\/\/jardinexotiqueroscoff.com\/de\/wp-json\/wp\/v2\/media\/60166"}],"wp:attachment":[{"href":"https:\/\/jardinexotiqueroscoff.com\/de\/wp-json\/wp\/v2\/media?parent=61447"}],"wp:term":[{"taxonomy":"product_brand","embeddable":true,"href":"https:\/\/jardinexotiqueroscoff.com\/de\/wp-json\/wp\/v2\/product_brand?post=61447"},{"taxonomy":"product_cat","embeddable":true,"href":"https:\/\/jardinexotiqueroscoff.com\/de\/wp-json\/wp\/v2\/product_cat?post=61447"},{"taxonomy":"product_tag","embeddable":true,"href":"https:\/\/jardinexotiqueroscoff.com\/de\/wp-json\/wp\/v2\/product_tag?post=61447"}],"curies":[{"name":"wp","href":"https:\/\/api.w.org\/{rel}","templated":true}]}}