{"id":61446,"date":"2019-11-10T14:35:41","date_gmt":"2019-11-10T14:35:41","guid":{"rendered":"https:\/\/jardinexotiqueroscoff.com\/produit\/cereus-hildmannianus\/"},"modified":"2025-11-24T13:34:33","modified_gmt":"2025-11-24T13:34:33","slug":"cereus-hildmannianus","status":"publish","type":"product","link":"https:\/\/jardinexotiqueroscoff.com\/de\/produit\/cereus-hildmannianus\/","title":{"rendered":"Cereus hildmannianus"},"content":{"rendered":"<div id=\"dslc-theme-content\"><div id=\"dslc-theme-content-inner\"><div class=\"wpb-content-wrapper\"><p>[vc_row][vc_column][vc_column_text]Zusammenfassung<\/p>\n<p>Cereus hildmannianus ist ein Kaktus, der im S\u00fcdosten S\u00fcdamerikas beheimatet ist.<\/p>\n<p><!--more--><\/p>\n<p>&nbsp;<\/p>\n<p>Botanischer Name: Cereus hildmannianus K.Schumann<\/p>\n<p>Synonym: Cereus peruvianus (L.) Mill. (Fehler in der Bezeichnung seit 1828)<\/p>\n<p>Familie: Cactaceae<\/p>\n<p>Ursprung: S\u00fcdost-S\u00fcdamerika (Argentinien, Brasilien, Paraguay, Uruguay)<\/p>\n<p>Gew\u00f6hnliche Benennung: Kaktus, Kerzenkaktus, S\u00e4ulenkaktus<\/p>\n<p>Winterh\u00e4rte: Zone 10-11 (-2\u00b0C im Trockenen)<\/p>\n<p>Cereus hildmannianus, fr\u00fcher f\u00e4lschlicherweise Cereus peruvianus genannt, aufgrund eines Irrtums des Schweizer Botanikers De Candolle im Jahr 1828, ist ein s\u00e4ulenf\u00f6rmiger Kaktus aus dem s\u00fcd\u00f6stlichen S\u00fcdamerika. Er kann eine H\u00f6he von 3-5 m oder sogar 10 m erreichen. Die Stiele sind bl\u00e4ulich-gr\u00fcn. Die Bl\u00fctezeit ist im Sommer nachts. Sie ist sehr einfach zu kultivieren, wenn sie im Winter trocken gehalten wird.[\/vc_column_text][\/vc_column][\/vc_row]<\/p>\n<\/div><\/div><\/div>","protected":false},"excerpt":{"rendered":"<p>[vc_row][vc_column][vc_column_text]Zusammenfassung Cereus hildmannianus ist ein Kaktus, der im S\u00fcdosten S\u00fcdamerikas beheimatet ist.<\/p>\n","protected":false},"featured_media":60188,"template":"","meta":[],"product_brand":[],"product_cat":[461,479,635,636,462,637,478,627],"product_tag":[465,451],"class_list":{"0":"post-61446","1":"product","2":"type-product","3":"status-publish","4":"has-post-thumbnail","6":"product_cat-cactaceae-de","7":"product_cat-argentinien","8":"product_cat-brasilien","9":"product_cat-cereus-de","10":"product_cat-kaktus","11":"product_cat-paraguay-de","12":"product_cat-sudamerika","13":"product_cat-uruguay-de","14":"product_tag-kaktus","15":"product_tag-sukkulente","17":"first","18":"instock","19":"featured","20":"shipping-taxable","21":"product-type-simple"},"_links":{"self":[{"href":"https:\/\/jardinexotiqueroscoff.com\/de\/wp-json\/wp\/v2\/product\/61446","targetHints":{"allow":["GET"]}}],"collection":[{"href":"https:\/\/jardinexotiqueroscoff.com\/de\/wp-json\/wp\/v2\/product"}],"about":[{"href":"https:\/\/jardinexotiqueroscoff.com\/de\/wp-json\/wp\/v2\/types\/product"}],"wp:featuredmedia":[{"embeddable":true,"href":"https:\/\/jardinexotiqueroscoff.com\/de\/wp-json\/wp\/v2\/media\/60188"}],"wp:attachment":[{"href":"https:\/\/jardinexotiqueroscoff.com\/de\/wp-json\/wp\/v2\/media?parent=61446"}],"wp:term":[{"taxonomy":"product_brand","embeddable":true,"href":"https:\/\/jardinexotiqueroscoff.com\/de\/wp-json\/wp\/v2\/product_brand?post=61446"},{"taxonomy":"product_cat","embeddable":true,"href":"https:\/\/jardinexotiqueroscoff.com\/de\/wp-json\/wp\/v2\/product_cat?post=61446"},{"taxonomy":"product_tag","embeddable":true,"href":"https:\/\/jardinexotiqueroscoff.com\/de\/wp-json\/wp\/v2\/product_tag?post=61446"}],"curies":[{"name":"wp","href":"https:\/\/api.w.org\/{rel}","templated":true}]}}