{"id":61441,"date":"2019-11-10T15:03:18","date_gmt":"2019-11-10T15:03:18","guid":{"rendered":"https:\/\/jardinexotiqueroscoff.com\/produit\/euphorbia-caput-medusae\/"},"modified":"2025-11-24T13:34:19","modified_gmt":"2025-11-24T13:34:19","slug":"euphorbia-caput-medusae","status":"publish","type":"product","link":"https:\/\/jardinexotiqueroscoff.com\/de\/produit\/euphorbia-caput-medusae\/","title":{"rendered":"Euphorbia caput-medusae"},"content":{"rendered":"<div id=\"dslc-theme-content\"><div id=\"dslc-theme-content-inner\"><div class=\"wpb-content-wrapper\"><p>[vc_row][vc_column][vc_column_text]Zusammenfassung: Euphorbia caput-medusae ist eine sukkulente Wolfsmilch, die in S\u00fcdafrika beheimatet ist.<!--more--><\/p>\n<p>Botanischer Name: Euphorbia caput-medusae L.<\/p>\n<p>Familie: Euphorbiaceae<\/p>\n<p>Herkunft: S\u00fcdafrika<\/p>\n<p>Gebr\u00e4uchlicher Name: Euphorbia, Medusenhaupt<\/p>\n<p>Winterh\u00e4rte: Zonen 10-11 (-1,5\u00b0C \u00fcber einen kurzen Zeitraum)<\/p>\n<p>Euphorbia caput-medusae ist eine sukkulente Wolfsmilch, die aus S\u00fcdafrika stammt und in der Gegend von Kapstadt (Captown) entweder auf Felsen oder im Sand der Westk\u00fcste w\u00e4chst. Sie wird ca. 30 cm hoch und hat einen Umfang von 2-3 Metern. Die wei\u00dfe Bl\u00fctezeit ist vom Sommer bis zum fr\u00fchen Herbst. Wir kultivieren zwei Exemplare im Freilandgew\u00e4chshaus, w\u00e4hrend ein weiteres Exemplar auf unserem Felsen w\u00e4chst. Oft werden unter diesem Namen andere Quallenkopf-Wolfsmilchgew\u00e4chse verkauft.[\/vc_column_text][\/vc_column][\/vc_row]<\/p>\n<\/div><\/div><\/div>","protected":false},"excerpt":{"rendered":"<p>[vc_row][vc_column][vc_column_text]Zusammenfassung: Euphorbia caput-medusae ist eine sukkulente Wolfsmilch, die in S\u00fcdafrika beheimatet ist.<\/p>\n","protected":false},"featured_media":60192,"template":"","meta":[],"product_brand":[],"product_cat":[513,514,512,437],"product_tag":[451],"class_list":{"0":"post-61441","1":"product","2":"type-product","3":"status-publish","4":"has-post-thumbnail","6":"product_cat-euphorbia-de","7":"product_cat-euphorbia-de-2","8":"product_cat-euphorbiaceae-de","9":"product_cat-sudafrika","10":"product_tag-sukkulente","12":"first","13":"instock","14":"featured","15":"shipping-taxable","16":"product-type-simple"},"_links":{"self":[{"href":"https:\/\/jardinexotiqueroscoff.com\/de\/wp-json\/wp\/v2\/product\/61441","targetHints":{"allow":["GET"]}}],"collection":[{"href":"https:\/\/jardinexotiqueroscoff.com\/de\/wp-json\/wp\/v2\/product"}],"about":[{"href":"https:\/\/jardinexotiqueroscoff.com\/de\/wp-json\/wp\/v2\/types\/product"}],"wp:featuredmedia":[{"embeddable":true,"href":"https:\/\/jardinexotiqueroscoff.com\/de\/wp-json\/wp\/v2\/media\/60192"}],"wp:attachment":[{"href":"https:\/\/jardinexotiqueroscoff.com\/de\/wp-json\/wp\/v2\/media?parent=61441"}],"wp:term":[{"taxonomy":"product_brand","embeddable":true,"href":"https:\/\/jardinexotiqueroscoff.com\/de\/wp-json\/wp\/v2\/product_brand?post=61441"},{"taxonomy":"product_cat","embeddable":true,"href":"https:\/\/jardinexotiqueroscoff.com\/de\/wp-json\/wp\/v2\/product_cat?post=61441"},{"taxonomy":"product_tag","embeddable":true,"href":"https:\/\/jardinexotiqueroscoff.com\/de\/wp-json\/wp\/v2\/product_tag?post=61441"}],"curies":[{"name":"wp","href":"https:\/\/api.w.org\/{rel}","templated":true}]}}