{"id":61439,"date":"2019-11-19T15:54:28","date_gmt":"2019-11-19T15:54:28","guid":{"rendered":"https:\/\/jardinexotiqueroscoff.com\/produit\/rhodophiala-bifida\/"},"modified":"2025-11-24T13:34:18","modified_gmt":"2025-11-24T13:34:18","slug":"rhodophiala-bifida","status":"publish","type":"product","link":"https:\/\/jardinexotiqueroscoff.com\/de\/produit\/rhodophiala-bifida\/","title":{"rendered":"Rhodophiala bifida"},"content":{"rendered":"<div id=\"dslc-theme-content\"><div id=\"dslc-theme-content-inner\"><div class=\"wpb-content-wrapper\"><p>[vc_row][vc_column][vc_column_text]Zusammenfassung: Rhodophiala bifida ist eine Zwiebelpflanze aus der Familie der Amaryllidaceae, die in Argentinien und Uruguay beheimatet ist.<!--more--><\/p>\n<p>Botanischer Name: Rhodophiala bifida (Herb.) Traub<\/p>\n<p>Familie: Amaryllidaceae<\/p>\n<p>Herkunft: Argentinien, Uruguay<\/p>\n<p>Gemeiner Name: Oxblood Lilie, Rhodophiala bifide<\/p>\n<p>Winterh\u00e4rte: -6\u00b0C oder -7\u00b0C f\u00fcr kurze Zeit.<\/p>\n<p>Rhodophiala bifida ist eine Zwiebel aus der Familie der Amaryllidaceae, die in Argentinien und Uruguay beheimatet ist. Das Laub erscheint im Winter und die Bl\u00fcte im Herbst. Mit der Bl\u00fcte wird die Pflanze etwa 40 cm bis 70 cm hoch. Der Bl\u00fctenstiel tr\u00e4gt zwischen 2 und 6 Bl\u00fcten. Diese Art stammt aus einem Gebiet mit feuchtem Winter und k\u00fchlem Sommer. Sie ben\u00f6tigt einen durchl\u00e4ssigen Boden und Sonne.[\/vc_column_text][\/vc_column][\/vc_row]<\/p>\n<\/div><\/div><\/div>","protected":false},"excerpt":{"rendered":"<p>[vc_row][vc_column][vc_column_text]Zusammenfassung: Rhodophiala bifida ist eine Zwiebelpflanze aus der Familie der Amaryllidaceae, die in Argentinien und Uruguay beheimatet ist.<\/p>\n","protected":false},"featured_media":60216,"template":"","meta":[],"product_brand":[],"product_cat":[628,524,479,437,627,491],"product_tag":[495],"class_list":{"0":"post-61439","1":"product","2":"type-product","3":"status-publish","4":"has-post-thumbnail","6":"product_cat-rhodophiala-de","7":"product_cat-amaryllidaceae-de","8":"product_cat-argentinien","9":"product_cat-sudafrika","10":"product_cat-uruguay-de","11":"product_cat-zwiebel","12":"product_tag-zwiebel","14":"first","15":"instock","16":"featured","17":"shipping-taxable","18":"product-type-simple"},"_links":{"self":[{"href":"https:\/\/jardinexotiqueroscoff.com\/de\/wp-json\/wp\/v2\/product\/61439","targetHints":{"allow":["GET"]}}],"collection":[{"href":"https:\/\/jardinexotiqueroscoff.com\/de\/wp-json\/wp\/v2\/product"}],"about":[{"href":"https:\/\/jardinexotiqueroscoff.com\/de\/wp-json\/wp\/v2\/types\/product"}],"wp:featuredmedia":[{"embeddable":true,"href":"https:\/\/jardinexotiqueroscoff.com\/de\/wp-json\/wp\/v2\/media\/60216"}],"wp:attachment":[{"href":"https:\/\/jardinexotiqueroscoff.com\/de\/wp-json\/wp\/v2\/media?parent=61439"}],"wp:term":[{"taxonomy":"product_brand","embeddable":true,"href":"https:\/\/jardinexotiqueroscoff.com\/de\/wp-json\/wp\/v2\/product_brand?post=61439"},{"taxonomy":"product_cat","embeddable":true,"href":"https:\/\/jardinexotiqueroscoff.com\/de\/wp-json\/wp\/v2\/product_cat?post=61439"},{"taxonomy":"product_tag","embeddable":true,"href":"https:\/\/jardinexotiqueroscoff.com\/de\/wp-json\/wp\/v2\/product_tag?post=61439"}],"curies":[{"name":"wp","href":"https:\/\/api.w.org\/{rel}","templated":true}]}}