{"id":61438,"date":"2019-11-10T15:30:09","date_gmt":"2019-11-10T15:30:09","guid":{"rendered":"https:\/\/jardinexotiqueroscoff.com\/produit\/cotyledon-orbiculata-var-oblonga\/"},"modified":"2025-11-24T13:34:19","modified_gmt":"2025-11-24T13:34:19","slug":"cotyledon-orbiculata-var-oblonga","status":"publish","type":"product","link":"https:\/\/jardinexotiqueroscoff.com\/de\/produit\/cotyledon-orbiculata-var-oblonga\/","title":{"rendered":"Cotyledon orbiculata var. oblonga"},"content":{"rendered":"<div id=\"dslc-theme-content\"><div id=\"dslc-theme-content-inner\"><div class=\"wpb-content-wrapper\"><p>[vc_row][vc_column][vc_column_text]Zusammenfassung: Cotyledon orbiculata var. oblonga ist eine Sukkulente, die in S\u00fcdafrika beheimatet ist.   <!--more--><\/p>\n<p>Botanischer Name: Cotyledon orbiculata var. oblonga (Haworth) De Candolle<\/p>\n<p>Synonym: Cotyledon flavida Fourcade<\/p>\n<p>Familie: Crassulaceae<\/p>\n<p>Herkunft: S\u00fcdafrika<\/p>\n<p>Gew\u00f6hnlicher Name: cotyledon<\/p>\n<p>Winterh\u00e4rte: Kurzfristig -5\u00b0C und in durchl\u00e4ssiger Erde gepflanzt.<\/p>\n<p>Cotyledon orbiculata var. Oblonga ist eine s\u00fcdafrikanische Sukkulente, die in diesem Land weit verbreitet ist. Sie unterscheidet sich von Cotyledon orbiculata durch die Verdickung auf der Krone (l\u00e4nglich-r\u00f6hrenf\u00f6rmige Bl\u00fcte). Sie wird mit ihren Bl\u00fcten etwa 60 cm hoch. Die Bl\u00e4tter sind sehr unterschiedlich geformt, so dass es viele verschiedene Kultivare gibt. Sie sind von gr\u00fcner Farbe und mit wei\u00dfem Schleier bedeckt. Manchmal sind ihre R\u00e4nder r\u00f6tlich. Die orangefarbenen Bl\u00fcten erscheinen im Sommer.[\/vc_column_text][\/vc_column][\/vc_row]<\/p>\n<\/div><\/div><\/div>","protected":false},"excerpt":{"rendered":"<p>[vc_row][vc_column][vc_column_text]Zusammenfassung: Cotyledon orbiculata var. oblonga ist eine Sukkulente, die in S\u00fcdafrika beheimatet ist.<\/p>\n","protected":false},"featured_media":60200,"template":"","meta":[],"product_brand":[],"product_cat":[548,626,437],"product_tag":[451],"class_list":{"0":"post-61438","1":"product","2":"type-product","3":"status-publish","4":"has-post-thumbnail","6":"product_cat-crassulaceae-de","7":"product_cat-cotyledon-de","8":"product_cat-sudafrika","9":"product_tag-sukkulente","11":"first","12":"instock","13":"featured","14":"shipping-taxable","15":"product-type-simple"},"_links":{"self":[{"href":"https:\/\/jardinexotiqueroscoff.com\/de\/wp-json\/wp\/v2\/product\/61438","targetHints":{"allow":["GET"]}}],"collection":[{"href":"https:\/\/jardinexotiqueroscoff.com\/de\/wp-json\/wp\/v2\/product"}],"about":[{"href":"https:\/\/jardinexotiqueroscoff.com\/de\/wp-json\/wp\/v2\/types\/product"}],"wp:featuredmedia":[{"embeddable":true,"href":"https:\/\/jardinexotiqueroscoff.com\/de\/wp-json\/wp\/v2\/media\/60200"}],"wp:attachment":[{"href":"https:\/\/jardinexotiqueroscoff.com\/de\/wp-json\/wp\/v2\/media?parent=61438"}],"wp:term":[{"taxonomy":"product_brand","embeddable":true,"href":"https:\/\/jardinexotiqueroscoff.com\/de\/wp-json\/wp\/v2\/product_brand?post=61438"},{"taxonomy":"product_cat","embeddable":true,"href":"https:\/\/jardinexotiqueroscoff.com\/de\/wp-json\/wp\/v2\/product_cat?post=61438"},{"taxonomy":"product_tag","embeddable":true,"href":"https:\/\/jardinexotiqueroscoff.com\/de\/wp-json\/wp\/v2\/product_tag?post=61438"}],"curies":[{"name":"wp","href":"https:\/\/api.w.org\/{rel}","templated":true}]}}