{"id":61435,"date":"2019-11-19T16:14:26","date_gmt":"2019-11-19T16:14:26","guid":{"rendered":"https:\/\/jardinexotiqueroscoff.com\/produit\/calostemma-purpureum\/"},"modified":"2025-11-24T13:34:18","modified_gmt":"2025-11-24T13:34:18","slug":"calostemma-purpureum","status":"publish","type":"product","link":"https:\/\/jardinexotiqueroscoff.com\/de\/produit\/calostemma-purpureum\/","title":{"rendered":"Calostemma purpureum"},"content":{"rendered":"<div id=\"dslc-theme-content\"><div id=\"dslc-theme-content-inner\"><div class=\"wpb-content-wrapper\"><p>[vc_row][vc_column][vc_column_text]Zusammenfassung: Calostemma purpureum ist eine Zwiebel aus der Familie der Amaryllidaceae, die in Australien beheimatet ist.<!--more--><\/p>\n<p>Botanischer Name: Calostemma purpureum R.Br.<\/p>\n<p>Familie: Amaryllidaceae<\/p>\n<p>Herkunft: Australien<\/p>\n<p>Gew\u00f6hnlicher Name: Lys Garland<\/p>\n<p>Winterh\u00e4rte: -6\u00b0C ? f\u00fcr einen kurzen Zeitraum.<\/p>\n<p>Calostemma purpureum ist eine Zwiebel aus der Familie der Amaryllidaceae, die in Australien beheimatet ist. Diese Gattung ist in diesem Land endemisch und diese Art ist die h\u00e4ufigste. Das Laub erscheint im Winter und die Bl\u00fcte im Sp\u00e4tsommer ohne Laub. Sie w\u00e4chst in zeitweilig feuchten Steing\u00e4rten. Zur Bl\u00fctezeit ist die Pflanze 40-70 cm hoch. Sie hat purpurne Bl\u00fcten, aber es gibt auch gelbe oder rosafarbene Bl\u00fcten. Die feuchte Periode ist der Winter.[\/vc_column_text][\/vc_column][\/vc_row]<\/p>\n<\/div><\/div><\/div>","protected":false},"excerpt":{"rendered":"<p>[vc_row][vc_column][vc_column_text]Zusammenfassung: Calostemma purpureum ist eine Zwiebel aus der Familie der Amaryllidaceae, die in Australien beheimatet ist.<\/p>\n","protected":false},"featured_media":60222,"template":"","meta":[],"product_brand":[],"product_cat":[622,524,608,491],"product_tag":[495],"class_list":{"0":"post-61435","1":"product","2":"type-product","3":"status-publish","4":"has-post-thumbnail","6":"product_cat-calostemma-de","7":"product_cat-amaryllidaceae-de","8":"product_cat-australien","9":"product_cat-zwiebel","10":"product_tag-zwiebel","12":"first","13":"instock","14":"featured","15":"shipping-taxable","16":"product-type-simple"},"_links":{"self":[{"href":"https:\/\/jardinexotiqueroscoff.com\/de\/wp-json\/wp\/v2\/product\/61435","targetHints":{"allow":["GET"]}}],"collection":[{"href":"https:\/\/jardinexotiqueroscoff.com\/de\/wp-json\/wp\/v2\/product"}],"about":[{"href":"https:\/\/jardinexotiqueroscoff.com\/de\/wp-json\/wp\/v2\/types\/product"}],"wp:featuredmedia":[{"embeddable":true,"href":"https:\/\/jardinexotiqueroscoff.com\/de\/wp-json\/wp\/v2\/media\/60222"}],"wp:attachment":[{"href":"https:\/\/jardinexotiqueroscoff.com\/de\/wp-json\/wp\/v2\/media?parent=61435"}],"wp:term":[{"taxonomy":"product_brand","embeddable":true,"href":"https:\/\/jardinexotiqueroscoff.com\/de\/wp-json\/wp\/v2\/product_brand?post=61435"},{"taxonomy":"product_cat","embeddable":true,"href":"https:\/\/jardinexotiqueroscoff.com\/de\/wp-json\/wp\/v2\/product_cat?post=61435"},{"taxonomy":"product_tag","embeddable":true,"href":"https:\/\/jardinexotiqueroscoff.com\/de\/wp-json\/wp\/v2\/product_tag?post=61435"}],"curies":[{"name":"wp","href":"https:\/\/api.w.org\/{rel}","templated":true}]}}