{"id":61433,"date":"2019-11-19T15:32:28","date_gmt":"2019-11-19T15:32:28","guid":{"rendered":"https:\/\/jardinexotiqueroscoff.com\/produit\/fuchsie-zulu-king\/"},"modified":"2025-11-24T13:34:19","modified_gmt":"2025-11-24T13:34:19","slug":"fuchsie-zulu-king","status":"publish","type":"product","link":"https:\/\/jardinexotiqueroscoff.com\/de\/produit\/fuchsie-zulu-king\/","title":{"rendered":"Fuchsie 'Zulu King"},"content":{"rendered":"<div id=\"dslc-theme-content\"><div id=\"dslc-theme-content-inner\"><div class=\"wpb-content-wrapper\"><p>[vc_row][vc_column][vc_column_text]Zusammenfassung: Fuchsia 'Zulu King' ist eine Gartenbauhybride zwischen Fuchsia 'Zulu Queen' und Fuchsia 'Zulu Queen' von Herman J. de Graaf im Jahr 1991 (Jahr der Registrierung) in den Niederlanden.<br \/>\n<!--more--><\/p>\n<p>Botanischer Name: Fuchsia 'Zulu King' hort.<\/p>\n<p>Familie: Onagraceae<\/p>\n<p>Herkunft: Gartenbau<\/p>\n<p>Gew\u00f6hnlicher Name: fuchsia<\/p>\n<p>Winterh\u00e4rte: 12\u00b0C ?<\/p>\n<p>Fuchsia 'Fuchsia 'Zulu King' ist eine Gartenbauhybride zwischen Fuchsia 'Zulu Queen' und Fuchsia 'Zulu Queen' von Herman J. de Graaf im Jahr 1991 (Jahr der Eintragung) in den Niederlanden. Er kann bis zu 1,20 m hoch werden und seine \u00c4ste biegen sich und fallen auf den Boden. Die Bl\u00fcten erscheinen vom Fr\u00fchjahr bis zum Herbst. Die Bl\u00fctenr\u00f6hre und die Kelchbl\u00e4tter sind rotviolett, w\u00e4hrend die Krone zwischen dunkelviolett und sehr dunkel ist. Er sollte im Halbschatten bei gefiltertem Licht angebaut werden.[\/vc_column_text][\/vc_column][\/vc_row]<\/p>\n<\/div><\/div><\/div>","protected":false},"excerpt":{"rendered":"<p>[vc_row][vc_column][vc_column_text]Zusammenfassung: Fuchsia 'Zulu King' ist eine Gartenbauhybride zwischen Fuchsia 'Zulu Queen' und Fuchsia 'Zulu Queen' von Herman J. de Graaf im Jahr 1991 (Jahr der Registrierung) in den Niederlanden.<\/p>\n","protected":false},"featured_media":60208,"template":"","meta":[],"product_brand":[],"product_cat":[620,618,562],"product_tag":[621],"class_list":{"0":"post-61433","1":"product","2":"type-product","3":"status-publish","4":"has-post-thumbnail","6":"product_cat-onagraceae-de","7":"product_cat-fuchsia-de","8":"product_cat-gartenbau","9":"product_tag-fuchsia-de","11":"first","12":"instock","13":"featured","14":"shipping-taxable","15":"product-type-simple"},"_links":{"self":[{"href":"https:\/\/jardinexotiqueroscoff.com\/de\/wp-json\/wp\/v2\/product\/61433","targetHints":{"allow":["GET"]}}],"collection":[{"href":"https:\/\/jardinexotiqueroscoff.com\/de\/wp-json\/wp\/v2\/product"}],"about":[{"href":"https:\/\/jardinexotiqueroscoff.com\/de\/wp-json\/wp\/v2\/types\/product"}],"wp:featuredmedia":[{"embeddable":true,"href":"https:\/\/jardinexotiqueroscoff.com\/de\/wp-json\/wp\/v2\/media\/60208"}],"wp:attachment":[{"href":"https:\/\/jardinexotiqueroscoff.com\/de\/wp-json\/wp\/v2\/media?parent=61433"}],"wp:term":[{"taxonomy":"product_brand","embeddable":true,"href":"https:\/\/jardinexotiqueroscoff.com\/de\/wp-json\/wp\/v2\/product_brand?post=61433"},{"taxonomy":"product_cat","embeddable":true,"href":"https:\/\/jardinexotiqueroscoff.com\/de\/wp-json\/wp\/v2\/product_cat?post=61433"},{"taxonomy":"product_tag","embeddable":true,"href":"https:\/\/jardinexotiqueroscoff.com\/de\/wp-json\/wp\/v2\/product_tag?post=61433"}],"curies":[{"name":"wp","href":"https:\/\/api.w.org\/{rel}","templated":true}]}}