{"id":61431,"date":"2019-11-20T15:41:46","date_gmt":"2019-11-20T15:41:46","guid":{"rendered":"https:\/\/jardinexotiqueroscoff.com\/produit\/gladiolus-monticola\/"},"modified":"2025-11-24T13:34:08","modified_gmt":"2025-11-24T13:34:08","slug":"gladiolus-monticola","status":"publish","type":"product","link":"https:\/\/jardinexotiqueroscoff.com\/de\/produit\/gladiolus-monticola\/","title":{"rendered":"Gladiolus monticola"},"content":{"rendered":"<div id=\"dslc-theme-content\"><div id=\"dslc-theme-content-inner\"><div class=\"wpb-content-wrapper\"><p>[vc_row][vc_column][vc_column_text]Zusammenfassung: Gladiolus monticola ist eine Zwiebelpflanze aus der Familie der Iridaceae, die aus S\u00fcdafrika stammt.<!--more--><\/p>\n<p>Botanischer Name: Gladiolus monticola Goldblatt &amp; J.C.Manning<\/p>\n<p>Familie: Iridaceae<\/p>\n<p>Herkunft: S\u00fcdafrika<\/p>\n<p>Gew\u00f6hnlicher Name: Gladiole<\/p>\n<p>Winterh\u00e4rte: Zone 9 (-6\u00b0C?).<\/p>\n<p>Gladiolus monticola ist eine Zwiebel aus der Familie der Iridaceae, die in S\u00fcdafrika beheimatet ist. Er w\u00e4chst an felsigen Sandsteinh\u00e4ngen im S\u00fcdwesten von Kapstadt. Die Bl\u00fcten, die im Sommer erscheinen, sind rosa bis aprikosenfarben mit dunkelrosa Markierungen auf den unteren Tepalen. Das Laub, das aus einem einzigen Blatt besteht, erscheint im Herbst. Wir kultivieren diese Art seit 2009 im Steingarten und seit 2013 im Freilandgew\u00e4chshaus. Pflanzen im Freien \u00fcberlebten kurzfristig -4\u00b0C. Diejenigen, die im Gew\u00e4chshaus stehen, haben ein gr\u00f6\u00dferes Laub und einen h\u00f6heren Bl\u00fctenstand. Die Farbe der Tepalen entspricht der Pflanze, die auf dem Tafelberg in der N\u00e4he von Kapstadt w\u00e4chst und von Rachel Saunders geerntet wurde und die wir 2007 ausges\u00e4t haben.[\/vc_column_text][\/vc_column][\/vc_row]<\/p>\n<\/div><\/div><\/div>","protected":false},"excerpt":{"rendered":"<p>[vc_row][vc_column][vc_column_text]Zusammenfassung: Gladiolus monticola ist eine Zwiebelpflanze aus der Familie der Iridaceae, die aus S\u00fcdafrika stammt.<\/p>\n","protected":false},"featured_media":60228,"template":"","meta":[],"product_brand":[],"product_cat":[502,503,501,437,491],"product_tag":[495],"class_list":{"0":"post-61431","1":"product","2":"type-product","3":"status-publish","4":"has-post-thumbnail","6":"product_cat-gladiolus-de","7":"product_cat-gladiole","8":"product_cat-iridaceae-de","9":"product_cat-sudafrika","10":"product_cat-zwiebel","11":"product_tag-zwiebel","13":"first","14":"instock","15":"featured","16":"shipping-taxable","17":"product-type-simple"},"_links":{"self":[{"href":"https:\/\/jardinexotiqueroscoff.com\/de\/wp-json\/wp\/v2\/product\/61431","targetHints":{"allow":["GET"]}}],"collection":[{"href":"https:\/\/jardinexotiqueroscoff.com\/de\/wp-json\/wp\/v2\/product"}],"about":[{"href":"https:\/\/jardinexotiqueroscoff.com\/de\/wp-json\/wp\/v2\/types\/product"}],"wp:featuredmedia":[{"embeddable":true,"href":"https:\/\/jardinexotiqueroscoff.com\/de\/wp-json\/wp\/v2\/media\/60228"}],"wp:attachment":[{"href":"https:\/\/jardinexotiqueroscoff.com\/de\/wp-json\/wp\/v2\/media?parent=61431"}],"wp:term":[{"taxonomy":"product_brand","embeddable":true,"href":"https:\/\/jardinexotiqueroscoff.com\/de\/wp-json\/wp\/v2\/product_brand?post=61431"},{"taxonomy":"product_cat","embeddable":true,"href":"https:\/\/jardinexotiqueroscoff.com\/de\/wp-json\/wp\/v2\/product_cat?post=61431"},{"taxonomy":"product_tag","embeddable":true,"href":"https:\/\/jardinexotiqueroscoff.com\/de\/wp-json\/wp\/v2\/product_tag?post=61431"}],"curies":[{"name":"wp","href":"https:\/\/api.w.org\/{rel}","templated":true}]}}