{"id":61424,"date":"2019-11-20T16:41:00","date_gmt":"2019-11-20T16:41:00","guid":{"rendered":"https:\/\/jardinexotiqueroscoff.com\/produit\/amaryllis-belladonna\/"},"modified":"2025-11-24T13:34:08","modified_gmt":"2025-11-24T13:34:08","slug":"amaryllis-belladonna","status":"publish","type":"product","link":"https:\/\/jardinexotiqueroscoff.com\/de\/produit\/amaryllis-belladonna\/","title":{"rendered":"Amaryllis belladonna"},"content":{"rendered":"<div id=\"dslc-theme-content\"><div id=\"dslc-theme-content-inner\"><div class=\"wpb-content-wrapper\"><p>[vc_row][vc_column][vc_column_text]Zusammenfassung: Amaryllis belladonna ist eine Zwiebel aus der Familie der Amaryllidaceae, die in S\u00fcdafrika beheimatet ist.<!--more--><\/p>\n<p>Botanischer Name: Amaryllis belladonna L.<\/p>\n<p>Familie: Amaryllidaceae<\/p>\n<p>Herkunft: S\u00fcdafrika<\/p>\n<p>Gebr\u00e4uchlicher Name: Amaryllis, Belladonna<\/p>\n<p>Winterh\u00e4rte: Kurzfristig -12\u00b0C. Normalerweise werden die Zwiebeln flach in den Boden gepflanzt, au\u00dfer in Frostgebieten unter -8\u00b0C. Die Blumenzwiebeln werden in den Boden gepflanzt. Sie m\u00fcssen dann tiefer gepflanzt werden.<\/p>\n<p>Amaryllis belladonna ist eine Zwiebel aus der Familie der Amaryllidaceae, die in S\u00fcdafrika beheimatet ist. Das Laub erscheint im Herbst und trocknet bis zum sp\u00e4ten Fr\u00fchjahr. Die Bl\u00fcte erscheint ohne Laub im Sp\u00e4tsommer im August oder September. Die Bl\u00fctenst\u00e4nde sind 75 cm hoch. Alle Teile der Pflanze sind giftig. Sie ben\u00f6tigt einen durchl\u00e4ssigen Boden.[\/vc_column_text][\/vc_column][\/vc_row]<\/p>\n<\/div><\/div><\/div>","protected":false},"excerpt":{"rendered":"<p>[vc_row][vc_column][vc_column_text]Zusammenfassung: Amaryllis belladonna ist eine Zwiebel aus der Familie der Amaryllidaceae, die in S\u00fcdafrika beheimatet ist.<\/p>\n","protected":false},"featured_media":60250,"template":"","meta":[],"product_brand":[],"product_cat":[603,524,605,437,491],"product_tag":[495],"class_list":{"0":"post-61424","1":"product","2":"type-product","3":"status-publish","4":"has-post-thumbnail","6":"product_cat-amaryllis-de","7":"product_cat-amaryllidaceae-de","8":"product_cat-amaryllis-de-2","9":"product_cat-sudafrika","10":"product_cat-zwiebel","11":"product_tag-zwiebel","13":"first","14":"instock","15":"featured","16":"shipping-taxable","17":"product-type-simple"},"_links":{"self":[{"href":"https:\/\/jardinexotiqueroscoff.com\/de\/wp-json\/wp\/v2\/product\/61424","targetHints":{"allow":["GET"]}}],"collection":[{"href":"https:\/\/jardinexotiqueroscoff.com\/de\/wp-json\/wp\/v2\/product"}],"about":[{"href":"https:\/\/jardinexotiqueroscoff.com\/de\/wp-json\/wp\/v2\/types\/product"}],"wp:featuredmedia":[{"embeddable":true,"href":"https:\/\/jardinexotiqueroscoff.com\/de\/wp-json\/wp\/v2\/media\/60250"}],"wp:attachment":[{"href":"https:\/\/jardinexotiqueroscoff.com\/de\/wp-json\/wp\/v2\/media?parent=61424"}],"wp:term":[{"taxonomy":"product_brand","embeddable":true,"href":"https:\/\/jardinexotiqueroscoff.com\/de\/wp-json\/wp\/v2\/product_brand?post=61424"},{"taxonomy":"product_cat","embeddable":true,"href":"https:\/\/jardinexotiqueroscoff.com\/de\/wp-json\/wp\/v2\/product_cat?post=61424"},{"taxonomy":"product_tag","embeddable":true,"href":"https:\/\/jardinexotiqueroscoff.com\/de\/wp-json\/wp\/v2\/product_tag?post=61424"}],"curies":[{"name":"wp","href":"https:\/\/api.w.org\/{rel}","templated":true}]}}