{"id":61421,"date":"2019-11-21T16:07:19","date_gmt":"2019-11-21T16:07:19","guid":{"rendered":"https:\/\/jardinexotiqueroscoff.com\/produit\/crassula-arborescens-ssp-undulatifolia\/"},"modified":"2025-11-24T13:34:00","modified_gmt":"2025-11-24T13:34:00","slug":"crassula-arborescens-ssp-undulatifolia","status":"publish","type":"product","link":"https:\/\/jardinexotiqueroscoff.com\/de\/produit\/crassula-arborescens-ssp-undulatifolia\/","title":{"rendered":"Crassula arborescens ssp. undulatifolia"},"content":{"rendered":"<div id=\"dslc-theme-content\"><div id=\"dslc-theme-content-inner\"><div class=\"wpb-content-wrapper\"><p>[vc_row][vc_column][vc_column_text]Zusammenfassung: Crassula arborescens subsp. undulatifolia ist eine sukkulente Pflanze aus der Familie der Crassulaceae, die in S\u00fcdafrika beheimatet ist. <\/p>\n<p><!--more--><\/p>\n<p>Botanischer Name: Crassula arborescens subsp. undulatifolia T\u00f6lken<\/p>\n<p>Familie: Crassulaceae<\/p>\n<p>Herkunft: S\u00fcdafrika<\/p>\n<p>Gew\u00f6hnlicher Name: Crassula-Baum mit gewelltem Blatt<\/p>\n<p>Winterh\u00e4rte: um -2\u00b0C auf sehr durchl\u00e4ssigen B\u00f6den f\u00fcr kurze Zeit.<\/p>\n<p>CCVS Crassula Kollektion<\/p>\n<p>Crassula arborescens subsp. undulatifolia ist eine sukkulente Pflanze aus der Familie der Crassulaceae, die in S\u00fcdafrika beheimatet ist. Diese Pflanze wurde in der N\u00e4he von Sapkamma Stn. im East Cape. Es gibt einen Cultivar namens 'Blue Bird', der sich von der Standardart unterscheidet, da die Bl\u00e4tter wenig gewellt sind. Diese Art bildet einen kleinen Strauch, der sich im Winter leicht in einem Topf im Haus kultivieren l\u00e4sst. Derzeit wird sie in einem Gew\u00e4chshaus mit voller Erde angebaut. Die Bl\u00fctezeit ist bei uns im Sommer. Die Bl\u00fcten sind ganz wei\u00df.[\/vc_column_text][\/vc_column][\/vc_row]<\/p>\n<\/div><\/div><\/div>","protected":false},"excerpt":{"rendered":"<p>[vc_row][vc_column][vc_column_text]Zusammenfassung: Crassula arborescens subsp. undulatifolia ist eine sukkulente Pflanze aus der Familie der Crassulaceae, die in S\u00fcdafrika beheimatet ist.<\/p>\n","protected":false},"featured_media":60232,"template":"","meta":[],"product_brand":[],"product_cat":[549,548,550,437],"product_tag":[439,451],"class_list":{"0":"post-61421","1":"product","2":"type-product","3":"status-publish","4":"has-post-thumbnail","6":"product_cat-crassula-de","7":"product_cat-crassulaceae-de","8":"product_cat-krassula","9":"product_cat-sudafrika","10":"product_tag-sammlung-ccvs","11":"product_tag-sukkulente","13":"first","14":"instock","15":"featured","16":"shipping-taxable","17":"product-type-simple"},"_links":{"self":[{"href":"https:\/\/jardinexotiqueroscoff.com\/de\/wp-json\/wp\/v2\/product\/61421","targetHints":{"allow":["GET"]}}],"collection":[{"href":"https:\/\/jardinexotiqueroscoff.com\/de\/wp-json\/wp\/v2\/product"}],"about":[{"href":"https:\/\/jardinexotiqueroscoff.com\/de\/wp-json\/wp\/v2\/types\/product"}],"wp:featuredmedia":[{"embeddable":true,"href":"https:\/\/jardinexotiqueroscoff.com\/de\/wp-json\/wp\/v2\/media\/60232"}],"wp:attachment":[{"href":"https:\/\/jardinexotiqueroscoff.com\/de\/wp-json\/wp\/v2\/media?parent=61421"}],"wp:term":[{"taxonomy":"product_brand","embeddable":true,"href":"https:\/\/jardinexotiqueroscoff.com\/de\/wp-json\/wp\/v2\/product_brand?post=61421"},{"taxonomy":"product_cat","embeddable":true,"href":"https:\/\/jardinexotiqueroscoff.com\/de\/wp-json\/wp\/v2\/product_cat?post=61421"},{"taxonomy":"product_tag","embeddable":true,"href":"https:\/\/jardinexotiqueroscoff.com\/de\/wp-json\/wp\/v2\/product_tag?post=61421"}],"curies":[{"name":"wp","href":"https:\/\/api.w.org\/{rel}","templated":true}]}}