{"id":61420,"date":"2019-12-11T14:12:57","date_gmt":"2019-12-11T14:12:57","guid":{"rendered":"https:\/\/jardinexotiqueroscoff.com\/produit\/jasminum-azoricum\/"},"modified":"2025-11-24T13:34:00","modified_gmt":"2025-11-24T13:34:00","slug":"jasminum-azoricum","status":"publish","type":"product","link":"https:\/\/jardinexotiqueroscoff.com\/de\/produit\/jasminum-azoricum\/","title":{"rendered":"Jasminum azoricum"},"content":{"rendered":"<div id=\"dslc-theme-content\"><div id=\"dslc-theme-content-inner\"><div class=\"wpb-content-wrapper\"><p>[vc_row][vc_column][vc_column_text]Zusammenfassung: Jasminum azoricum ist eine Kletterpflanze aus der Familie der Oleaceae.<br \/>\n<!--more--><\/p>\n<p>Botanischer Name: Jasminum azoricum Hook. &amp; Arn.<\/p>\n<p>Familie: OLeaceae (Familie des Olivenbaums)<\/p>\n<p>Herkunft: Madeira<\/p>\n<p>Gebr\u00e4uchlicher Name: Azoren-Jasmin, Madeira-Jasmin<\/p>\n<p>Rustikalit\u00e4t: -6\u00b0C<\/p>\n<p>IUCN Red List: CR (Diese Art ist in der Natur vom kritischen Aussterben bedroht. Es gibt noch zwischen 6 und 50 Individuen, die in zwei Gruppen aufgeteilt sind und durch den Lebensraum, die Landwirtschaft, die Einf\u00fchrung exotischer Pflanzen und D\u00fcrren bedroht sind).<\/p>\n<p>Jasminum azoricum ist eine Kletterpflanze aus der Familie der Oleaceae, die auf Madeira beheimatet ist, wo sie in der Natur vom Aussterben bedroht ist. Diese Kletterpflanze kann bis zu 4 m hoch und 2 m breit werden. Die St\u00e4ngel rollen sich auf ihrer Unterlage ein. Die Bl\u00e4tter sind immergr\u00fcn. Die duftende Bl\u00fctezeit beginnt im Sommer und endet im Herbst.[\/vc_column_text][\/vc_column][\/vc_row]<\/p>\n<\/div><\/div><\/div>","protected":false},"excerpt":{"rendered":"<p>[vc_row][vc_column][vc_column_text]Zusammenfassung: Jasminum azoricum ist eine Kletterpflanze aus der Familie der Oleaceae.<\/p>\n","protected":false},"featured_media":60286,"template":"","meta":[],"product_brand":[],"product_cat":[595,592,596,591,593,594],"product_tag":[597,518],"class_list":{"0":"post-61420","1":"product","2":"type-product","3":"status-publish","4":"has-post-thumbnail","6":"product_cat-jasminum-de","7":"product_cat-azoren","8":"product_cat-jasmin-de","9":"product_cat-kletterpflanze","10":"product_cat-madeira-de","11":"product_cat-oleaceae-de","12":"product_tag-kletterpflanze","13":"product_tag-rote-liste","15":"first","16":"instock","17":"featured","18":"shipping-taxable","19":"product-type-simple"},"_links":{"self":[{"href":"https:\/\/jardinexotiqueroscoff.com\/de\/wp-json\/wp\/v2\/product\/61420","targetHints":{"allow":["GET"]}}],"collection":[{"href":"https:\/\/jardinexotiqueroscoff.com\/de\/wp-json\/wp\/v2\/product"}],"about":[{"href":"https:\/\/jardinexotiqueroscoff.com\/de\/wp-json\/wp\/v2\/types\/product"}],"wp:featuredmedia":[{"embeddable":true,"href":"https:\/\/jardinexotiqueroscoff.com\/de\/wp-json\/wp\/v2\/media\/60286"}],"wp:attachment":[{"href":"https:\/\/jardinexotiqueroscoff.com\/de\/wp-json\/wp\/v2\/media?parent=61420"}],"wp:term":[{"taxonomy":"product_brand","embeddable":true,"href":"https:\/\/jardinexotiqueroscoff.com\/de\/wp-json\/wp\/v2\/product_brand?post=61420"},{"taxonomy":"product_cat","embeddable":true,"href":"https:\/\/jardinexotiqueroscoff.com\/de\/wp-json\/wp\/v2\/product_cat?post=61420"},{"taxonomy":"product_tag","embeddable":true,"href":"https:\/\/jardinexotiqueroscoff.com\/de\/wp-json\/wp\/v2\/product_tag?post=61420"}],"curies":[{"name":"wp","href":"https:\/\/api.w.org\/{rel}","templated":true}]}}