{"id":61418,"date":"2019-11-21T16:07:22","date_gmt":"2019-11-21T16:07:22","guid":{"rendered":"https:\/\/jardinexotiqueroscoff.com\/produit\/crassula-sarcocaulis\/"},"modified":"2025-11-24T13:34:00","modified_gmt":"2025-11-24T13:34:00","slug":"crassula-sarcocaulis","status":"publish","type":"product","link":"https:\/\/jardinexotiqueroscoff.com\/de\/produit\/crassula-sarcocaulis\/","title":{"rendered":"Crassula sarcocaulis"},"content":{"rendered":"<div id=\"dslc-theme-content\"><div id=\"dslc-theme-content-inner\"><div class=\"wpb-content-wrapper\"><p>[vc_row][vc_column][vc_column_text]Zusammenfassung: Crassula sarcocaulis ist eine sukkulente Pflanze aus der Familie der Crassulaceae, die in S\u00fcdafrika beheimatet ist.<\/p>\n<p><!--more--><\/p>\n<p>Botanischer Name: Crassula sarcocaulis Eckl. &amp; Zeyh<\/p>\n<p>Familie: Crassulaceae<\/p>\n<p>Ursprung: S\u00fcdafrika (Ost)<\/p>\n<p>Gemeiner Name: Crassula, Dickstielige Crassula<\/p>\n<p>Winterh\u00e4rte: um -12\u00b0C auf sehr durchl\u00e4ssigen B\u00f6den f\u00fcr kurze Zeit.<\/p>\n<p>CCVS Crassula Kollektion<\/p>\n<p>Crassula sarcocaulis ist eine sukkulente Pflanze aus der Familie der Crassulaceae, die in S\u00fcdafrika beheimatet ist. Dies ist ein kleiner, 25-50 cm hoher Unterstrauch mit schmalen, immergr\u00fcnen Bl\u00e4ttern. Sie bl\u00fcht im Sommer mit mehr oder weniger rosafarbenen oder roten Bl\u00fcten. Sie haben einen schlechten Geruch. Sie muss auf einem sehr durchl\u00e4ssigen Boden angebaut werden, am besten in einem Steingarten.[\/vc_column_text][\/vc_column][\/vc_row]<\/p>\n<\/div><\/div><\/div>","protected":false},"excerpt":{"rendered":"<p>[vc_row][vc_column][vc_column_text]Zusammenfassung: Crassula sarcocaulis ist eine sukkulente Pflanze aus der Familie der Crassulaceae, die in S\u00fcdafrika beheimatet ist.<\/p>\n","protected":false},"featured_media":60264,"template":"","meta":[],"product_brand":[],"product_cat":[549,548,550,437],"product_tag":[439,451],"class_list":{"0":"post-61418","1":"product","2":"type-product","3":"status-publish","4":"has-post-thumbnail","6":"product_cat-crassula-de","7":"product_cat-crassulaceae-de","8":"product_cat-krassula","9":"product_cat-sudafrika","10":"product_tag-sammlung-ccvs","11":"product_tag-sukkulente","13":"first","14":"instock","15":"featured","16":"shipping-taxable","17":"product-type-simple"},"_links":{"self":[{"href":"https:\/\/jardinexotiqueroscoff.com\/de\/wp-json\/wp\/v2\/product\/61418","targetHints":{"allow":["GET"]}}],"collection":[{"href":"https:\/\/jardinexotiqueroscoff.com\/de\/wp-json\/wp\/v2\/product"}],"about":[{"href":"https:\/\/jardinexotiqueroscoff.com\/de\/wp-json\/wp\/v2\/types\/product"}],"wp:featuredmedia":[{"embeddable":true,"href":"https:\/\/jardinexotiqueroscoff.com\/de\/wp-json\/wp\/v2\/media\/60264"}],"wp:attachment":[{"href":"https:\/\/jardinexotiqueroscoff.com\/de\/wp-json\/wp\/v2\/media?parent=61418"}],"wp:term":[{"taxonomy":"product_brand","embeddable":true,"href":"https:\/\/jardinexotiqueroscoff.com\/de\/wp-json\/wp\/v2\/product_brand?post=61418"},{"taxonomy":"product_cat","embeddable":true,"href":"https:\/\/jardinexotiqueroscoff.com\/de\/wp-json\/wp\/v2\/product_cat?post=61418"},{"taxonomy":"product_tag","embeddable":true,"href":"https:\/\/jardinexotiqueroscoff.com\/de\/wp-json\/wp\/v2\/product_tag?post=61418"}],"curies":[{"name":"wp","href":"https:\/\/api.w.org\/{rel}","templated":true}]}}