{"id":61415,"date":"2019-12-11T14:38:24","date_gmt":"2019-12-11T14:38:24","guid":{"rendered":"https:\/\/jardinexotiqueroscoff.com\/produit\/crassula-rubricaulis\/"},"modified":"2025-11-24T13:34:00","modified_gmt":"2025-11-24T13:34:00","slug":"crassula-rubricaulis","status":"publish","type":"product","link":"https:\/\/jardinexotiqueroscoff.com\/de\/produit\/crassula-rubricaulis\/","title":{"rendered":"Crassula rubricaulis"},"content":{"rendered":"<div id=\"dslc-theme-content\"><div id=\"dslc-theme-content-inner\"><div class=\"wpb-content-wrapper\"><p>[vc_row][vc_column][vc_column_text]Zusammenfassung: Crassula rubricaulis ist eine sukkulente Pflanze aus der Familie der Crassulaceae.<br \/>\n<!--more--><\/p>\n<p>Botanischer Name: Crassula rubricaulis Eckl. &amp; Zeyh.<\/p>\n<p>Familie: Crassulaceae<\/p>\n<p>Herkunft: S\u00fcdafrika<\/p>\n<p>Gew\u00f6hnlicher Name: crassule<\/p>\n<p>Winterh\u00e4rte: -5\u00b0C oder -6\u00b0C<\/p>\n<p>CCVS Crassula Kollektion<\/p>\n<p>Crassula rubricaulis ist eine sukkulente Pflanze aus der Familie der Crassulaceae. Sie stammt aus S\u00fcdafrika, wo sie auf felsigen Aufschl\u00fcssen entlang der K\u00fcstenberge in der Region von Port Elizabeth w\u00e4chst. Sie kann eine H\u00f6he von 30 cm erreichen, wobei die Bl\u00fcten bis zu 50 cm hoch sein k\u00f6nnen. Die Bl\u00fcten sind wei\u00df, die Kelchbl\u00e4tter und die Bl\u00fctenstiele rot, was sie attraktiv macht. Sie sollte in Steing\u00e4rten oder in T\u00f6pfen kultiviert werden. Bei uns vertr\u00e4gt sie kurzfristig -4\u00b0C in Steing\u00e4rten mit guter Drainage und in voller Sonne.[\/vc_column_text][\/vc_column][\/vc_row]<\/p>\n<\/div><\/div><\/div>","protected":false},"excerpt":{"rendered":"<p>[vc_row][vc_column][vc_column_text]Zusammenfassung: Crassula rubricaulis ist eine sukkulente Pflanze aus der Familie der Crassulaceae.<\/p>\n","protected":false},"featured_media":60292,"template":"","meta":[],"product_brand":[],"product_cat":[437,549,548,550],"product_tag":[439,451],"class_list":{"0":"post-61415","1":"product","2":"type-product","3":"status-publish","4":"has-post-thumbnail","6":"product_cat-sudafrika","7":"product_cat-crassula-de","8":"product_cat-crassulaceae-de","9":"product_cat-krassula","10":"product_tag-sammlung-ccvs","11":"product_tag-sukkulente","13":"first","14":"instock","15":"featured","16":"shipping-taxable","17":"product-type-simple"},"_links":{"self":[{"href":"https:\/\/jardinexotiqueroscoff.com\/de\/wp-json\/wp\/v2\/product\/61415","targetHints":{"allow":["GET"]}}],"collection":[{"href":"https:\/\/jardinexotiqueroscoff.com\/de\/wp-json\/wp\/v2\/product"}],"about":[{"href":"https:\/\/jardinexotiqueroscoff.com\/de\/wp-json\/wp\/v2\/types\/product"}],"wp:featuredmedia":[{"embeddable":true,"href":"https:\/\/jardinexotiqueroscoff.com\/de\/wp-json\/wp\/v2\/media\/60292"}],"wp:attachment":[{"href":"https:\/\/jardinexotiqueroscoff.com\/de\/wp-json\/wp\/v2\/media?parent=61415"}],"wp:term":[{"taxonomy":"product_brand","embeddable":true,"href":"https:\/\/jardinexotiqueroscoff.com\/de\/wp-json\/wp\/v2\/product_brand?post=61415"},{"taxonomy":"product_cat","embeddable":true,"href":"https:\/\/jardinexotiqueroscoff.com\/de\/wp-json\/wp\/v2\/product_cat?post=61415"},{"taxonomy":"product_tag","embeddable":true,"href":"https:\/\/jardinexotiqueroscoff.com\/de\/wp-json\/wp\/v2\/product_tag?post=61415"}],"curies":[{"name":"wp","href":"https:\/\/api.w.org\/{rel}","templated":true}]}}