{"id":61413,"date":"2019-12-11T13:28:59","date_gmt":"2019-12-11T13:28:59","guid":{"rendered":"https:\/\/jardinexotiqueroscoff.com\/produit\/hoheria-populnea\/"},"modified":"2025-11-24T13:34:00","modified_gmt":"2025-11-24T13:34:00","slug":"hoheria-populnea","status":"publish","type":"product","link":"https:\/\/jardinexotiqueroscoff.com\/de\/produit\/hoheria-populnea\/","title":{"rendered":"Hoheria populnea"},"content":{"rendered":"<div id=\"dslc-theme-content\"><div id=\"dslc-theme-content-inner\"><div class=\"wpb-content-wrapper\"><p>[vc_row][vc_column][vc_column_text]Zusammenfassung: Hoheria populnea ist ein Baum aus der Familie der Malvaceae.<br \/>\n<!--more--><\/p>\n<p>Botanischer Name: Hoheria populnea A. Cunn.<\/p>\n<p>Familie: Malvaceae<\/p>\n<p>Herkunft: Neuseeland<\/p>\n<p>Gebr\u00e4uchlicher Name: Pappelblatt-Hoh\u00e9ria, New Zealand lacebark<\/p>\n<p>Winterh\u00e4rte: -10\u00b0C<\/p>\n<p>Hoheria populnea ist ein Baum aus der Familie der Malvaceae, der in Neuseeland beheimatet ist. In der Natur kann er bis zu 12 m hoch und 10 m breit werden, in Kultur ist er jedoch wesentlich kleiner. Unser Exemplar wurde 1995 gepflanzt. Sie ben\u00f6tigt Sonne oder sonnigen Halbschatten. Die Bl\u00fctezeit ist im Sp\u00e4tsommer oder Fr\u00fchherbst.[\/vc_column_text][\/vc_column][\/vc_row]<\/p>\n<\/div><\/div><\/div>","protected":false},"excerpt":{"rendered":"<p>[vc_row][vc_column][vc_column_text]Zusammenfassung: Hoheria populnea ist ein Baum aus der Familie der Malvaceae.<\/p>\n","protected":false},"featured_media":60278,"template":"","meta":[],"product_brand":[],"product_cat":[581,583,580,582],"product_tag":[561],"class_list":{"0":"post-61413","1":"product","2":"type-product","3":"status-publish","4":"has-post-thumbnail","6":"product_cat-hoheria-de","7":"product_cat-hoheria-de-2","8":"product_cat-malvaceae-de","9":"product_cat-neuseeland","10":"product_tag-baum","12":"first","13":"instock","14":"featured","15":"shipping-taxable","16":"product-type-simple"},"_links":{"self":[{"href":"https:\/\/jardinexotiqueroscoff.com\/de\/wp-json\/wp\/v2\/product\/61413","targetHints":{"allow":["GET"]}}],"collection":[{"href":"https:\/\/jardinexotiqueroscoff.com\/de\/wp-json\/wp\/v2\/product"}],"about":[{"href":"https:\/\/jardinexotiqueroscoff.com\/de\/wp-json\/wp\/v2\/types\/product"}],"wp:featuredmedia":[{"embeddable":true,"href":"https:\/\/jardinexotiqueroscoff.com\/de\/wp-json\/wp\/v2\/media\/60278"}],"wp:attachment":[{"href":"https:\/\/jardinexotiqueroscoff.com\/de\/wp-json\/wp\/v2\/media?parent=61413"}],"wp:term":[{"taxonomy":"product_brand","embeddable":true,"href":"https:\/\/jardinexotiqueroscoff.com\/de\/wp-json\/wp\/v2\/product_brand?post=61413"},{"taxonomy":"product_cat","embeddable":true,"href":"https:\/\/jardinexotiqueroscoff.com\/de\/wp-json\/wp\/v2\/product_cat?post=61413"},{"taxonomy":"product_tag","embeddable":true,"href":"https:\/\/jardinexotiqueroscoff.com\/de\/wp-json\/wp\/v2\/product_tag?post=61413"}],"curies":[{"name":"wp","href":"https:\/\/api.w.org\/{rel}","templated":true}]}}