{"id":61407,"date":"2019-12-12T14:21:00","date_gmt":"2019-12-12T14:21:00","guid":{"rendered":"https:\/\/jardinexotiqueroscoff.com\/produit\/crinum-x-powellii\/"},"modified":"2025-11-24T13:33:50","modified_gmt":"2025-11-24T13:33:50","slug":"crinum-x-powellii","status":"publish","type":"product","link":"https:\/\/jardinexotiqueroscoff.com\/de\/produit\/crinum-x-powellii\/","title":{"rendered":"Crinum x powellii"},"content":{"rendered":"<div id=\"dslc-theme-content\"><div id=\"dslc-theme-content-inner\"><div class=\"wpb-content-wrapper\"><p>[vc_row][vc_column][vc_column_text]Zusammenfassung: Crinum x powellii ist eine Zwiebel aus der Familie der Amaryllidaceae.<br \/>\n<!--more--><\/p>\n<p>Botanischer Name: Crinum x powellii Hort.<\/p>\n<p>Familie: Amaryllidaceae<\/p>\n<p>Ursprung: Gartenbau, um 1880 im Vereinigten K\u00f6nigreich.<\/p>\n<p>Gebr\u00e4uchlicher Name: Powell's Crinole<\/p>\n<p>Winterh\u00e4rte: -10\u00b0C -12\u00b0C<\/p>\n<p>Crinum x powellii ist eine Hybride zwischen Crinum bulbispermum und Crinum moorei aus der Familie der Amaryllidaceae. Es handelt sich um eine gro\u00dfe Blumenzwiebel, die einen frischen, gut entw\u00e4sserten Boden bevorzugt. Daher ben\u00f6tigt sie im Sommer Wasser. Die Pflanze wird zur Zeit der duftenden und nektarreichen Bl\u00fcte im Sp\u00e4tsommer oder Fr\u00fchherbst etwa 1 m hoch. Es gibt Pflanzen, die wei\u00dfe Bl\u00fcten haben. Die Zwiebeln sind giftig.[\/vc_column_text][\/vc_column][\/vc_row]<\/p>\n<\/div><\/div><\/div>","protected":false},"excerpt":{"rendered":"<p>[vc_row][vc_column][vc_column_text]Zusammenfassung: Crinum x powellii ist eine Zwiebel aus der Familie der Amaryllidaceae.<\/p>\n","protected":false},"featured_media":60308,"template":"","meta":[],"product_brand":[],"product_cat":[525,527,562],"product_tag":[495],"class_list":{"0":"post-61407","1":"product","2":"type-product","3":"status-publish","4":"has-post-thumbnail","6":"product_cat-crinum-de","7":"product_cat-crinole-de","8":"product_cat-gartenbau","9":"product_tag-zwiebel","11":"first","12":"instock","13":"featured","14":"shipping-taxable","15":"product-type-simple"},"_links":{"self":[{"href":"https:\/\/jardinexotiqueroscoff.com\/de\/wp-json\/wp\/v2\/product\/61407","targetHints":{"allow":["GET"]}}],"collection":[{"href":"https:\/\/jardinexotiqueroscoff.com\/de\/wp-json\/wp\/v2\/product"}],"about":[{"href":"https:\/\/jardinexotiqueroscoff.com\/de\/wp-json\/wp\/v2\/types\/product"}],"wp:featuredmedia":[{"embeddable":true,"href":"https:\/\/jardinexotiqueroscoff.com\/de\/wp-json\/wp\/v2\/media\/60308"}],"wp:attachment":[{"href":"https:\/\/jardinexotiqueroscoff.com\/de\/wp-json\/wp\/v2\/media?parent=61407"}],"wp:term":[{"taxonomy":"product_brand","embeddable":true,"href":"https:\/\/jardinexotiqueroscoff.com\/de\/wp-json\/wp\/v2\/product_brand?post=61407"},{"taxonomy":"product_cat","embeddable":true,"href":"https:\/\/jardinexotiqueroscoff.com\/de\/wp-json\/wp\/v2\/product_cat?post=61407"},{"taxonomy":"product_tag","embeddable":true,"href":"https:\/\/jardinexotiqueroscoff.com\/de\/wp-json\/wp\/v2\/product_tag?post=61407"}],"curies":[{"name":"wp","href":"https:\/\/api.w.org\/{rel}","templated":true}]}}