{"id":61403,"date":"2019-12-12T14:40:49","date_gmt":"2019-12-12T14:40:49","guid":{"rendered":"https:\/\/jardinexotiqueroscoff.com\/produit\/crassula-tetragona\/"},"modified":"2025-11-24T13:33:50","modified_gmt":"2025-11-24T13:33:50","slug":"crassula-tetragona","status":"publish","type":"product","link":"https:\/\/jardinexotiqueroscoff.com\/de\/produit\/crassula-tetragona\/","title":{"rendered":"Crassula tetragona"},"content":{"rendered":"<div id=\"dslc-theme-content\"><div id=\"dslc-theme-content-inner\"><div class=\"wpb-content-wrapper\"><p>[vc_row][vc_column][vc_column_text]Zusammenfassung: Crassula tetragona ist eine sukkulente Pflanze aus der Familie der Crassulaceae.<br \/>\n<!--more--><\/p>\n<p>Botanischer Name: Crassula tetragona L.<\/p>\n<p>Familie: Crassulaceae<\/p>\n<p>Herkunft: S\u00fcdafrika<\/p>\n<p>Gew\u00f6hnlicher Name: crassule<\/p>\n<p>Winterh\u00e4rte: -6\u00b0C<\/p>\n<p>CCVS Crassula Kollektion<\/p>\n<p>Crassula tetragona ist eine sukkulente Strauchpflanze aus der Familie der Crassulaceae, die in S\u00fcdafrika beheimatet ist. Sie kann eine H\u00f6he zwischen 30 cm und 1 m erreichen. Die Bl\u00e4tter sind immergr\u00fcn und sukkulent. Die Bl\u00fcten sind wei\u00df und erscheinen im Sommer. Sie ziehen Fliegen an. Sie sollte in einem Steingarten mit guter Drainage oder in einem Topf kultiviert werden, wobei sie im Winter ins Haus geholt werden sollte. Sie wird bei uns seit 1995 auf einem Felsen angebaut.[\/vc_column_text][\/vc_column][\/vc_row]<\/p>\n<\/div><\/div><\/div>","protected":false},"excerpt":{"rendered":"<p>[vc_row][vc_column][vc_column_text]Zusammenfassung: Crassula tetragona ist eine sukkulente Pflanze aus der Familie der Crassulaceae.<\/p>\n","protected":false},"featured_media":60310,"template":"","meta":[],"product_brand":[],"product_cat":[437,549,548,550],"product_tag":[439,451],"class_list":{"0":"post-61403","1":"product","2":"type-product","3":"status-publish","4":"has-post-thumbnail","6":"product_cat-sudafrika","7":"product_cat-crassula-de","8":"product_cat-crassulaceae-de","9":"product_cat-krassula","10":"product_tag-sammlung-ccvs","11":"product_tag-sukkulente","13":"first","14":"instock","15":"featured","16":"shipping-taxable","17":"product-type-simple"},"_links":{"self":[{"href":"https:\/\/jardinexotiqueroscoff.com\/de\/wp-json\/wp\/v2\/product\/61403","targetHints":{"allow":["GET"]}}],"collection":[{"href":"https:\/\/jardinexotiqueroscoff.com\/de\/wp-json\/wp\/v2\/product"}],"about":[{"href":"https:\/\/jardinexotiqueroscoff.com\/de\/wp-json\/wp\/v2\/types\/product"}],"wp:featuredmedia":[{"embeddable":true,"href":"https:\/\/jardinexotiqueroscoff.com\/de\/wp-json\/wp\/v2\/media\/60310"}],"wp:attachment":[{"href":"https:\/\/jardinexotiqueroscoff.com\/de\/wp-json\/wp\/v2\/media?parent=61403"}],"wp:term":[{"taxonomy":"product_brand","embeddable":true,"href":"https:\/\/jardinexotiqueroscoff.com\/de\/wp-json\/wp\/v2\/product_brand?post=61403"},{"taxonomy":"product_cat","embeddable":true,"href":"https:\/\/jardinexotiqueroscoff.com\/de\/wp-json\/wp\/v2\/product_cat?post=61403"},{"taxonomy":"product_tag","embeddable":true,"href":"https:\/\/jardinexotiqueroscoff.com\/de\/wp-json\/wp\/v2\/product_tag?post=61403"}],"curies":[{"name":"wp","href":"https:\/\/api.w.org\/{rel}","templated":true}]}}