{"id":61400,"date":"2019-12-13T10:19:58","date_gmt":"2019-12-13T10:19:58","guid":{"rendered":"https:\/\/jardinexotiqueroscoff.com\/produit\/trichocereus-spachianus\/"},"modified":"2025-11-24T13:33:40","modified_gmt":"2025-11-24T13:33:40","slug":"trichocereus-spachianus","status":"publish","type":"product","link":"https:\/\/jardinexotiqueroscoff.com\/de\/produit\/trichocereus-spachianus\/","title":{"rendered":"Trichocereus spachianus"},"content":{"rendered":"<div id=\"dslc-theme-content\"><div id=\"dslc-theme-content-inner\"><div class=\"wpb-content-wrapper\"><p>[vc_row][vc_column][vc_column_text]Zusammenfassung: Trichocereus spachianus (syn.: Echinopsis spachiana) ist ein Kerzenkaktus aus der Familie der Cactaceae.<br \/>\n<!--more--><\/p>\n<p>Botanischer Name: Trichocereus spachianus (Lem.) Riccob.<\/p>\n<p>Familie: Cactaceae<\/p>\n<p>Synonym: Echinopsis spachiana (Lem.) Friedrich &amp; G.D.Rowley<\/p>\n<p>Herkunft: Argentinien (Westen)<\/p>\n<p>Gew\u00f6hnliche Benennung: Kerzenkaktus<\/p>\n<p>Winterh\u00e4rte: -12\u00b0C trocken<\/p>\n<p>Trichocereus spachianus ist ein Kerzen- oder S\u00e4ulenkaktus, der einen mehrst\u00e4mmigen Busch bildet, der bis zu 2 m hoch werden kann. Sie ben\u00f6tigt einen gut drainierten Boden und Sonne. Sie kann im atlantischen Klima drau\u00dfen angebaut werden, wird aber durch den Winterregen gesch\u00e4digt. Die Bl\u00fctezeit ist im Sommer und spektakul\u00e4r.[\/vc_column_text][\/vc_column][\/vc_row]<\/p>\n<\/div><\/div><\/div>","protected":false},"excerpt":{"rendered":"<p>[vc_row][vc_column][vc_column_text]Zusammenfassung: Trichocereus spachianus (syn.: Echinopsis spachiana) ist ein Kerzenkaktus aus der Familie der Cactaceae.<\/p>\n","protected":false},"featured_media":60336,"template":"","meta":[],"product_brand":[],"product_cat":[481,479,461,483],"product_tag":[465,451],"class_list":{"0":"post-61400","1":"product","2":"type-product","3":"status-publish","4":"has-post-thumbnail","6":"product_cat-trichocereus-de","7":"product_cat-argentinien","8":"product_cat-cactaceae-de","9":"product_cat-echinopsis-de","10":"product_tag-kaktus","11":"product_tag-sukkulente","13":"first","14":"instock","15":"featured","16":"shipping-taxable","17":"product-type-simple"},"_links":{"self":[{"href":"https:\/\/jardinexotiqueroscoff.com\/de\/wp-json\/wp\/v2\/product\/61400","targetHints":{"allow":["GET"]}}],"collection":[{"href":"https:\/\/jardinexotiqueroscoff.com\/de\/wp-json\/wp\/v2\/product"}],"about":[{"href":"https:\/\/jardinexotiqueroscoff.com\/de\/wp-json\/wp\/v2\/types\/product"}],"wp:featuredmedia":[{"embeddable":true,"href":"https:\/\/jardinexotiqueroscoff.com\/de\/wp-json\/wp\/v2\/media\/60336"}],"wp:attachment":[{"href":"https:\/\/jardinexotiqueroscoff.com\/de\/wp-json\/wp\/v2\/media?parent=61400"}],"wp:term":[{"taxonomy":"product_brand","embeddable":true,"href":"https:\/\/jardinexotiqueroscoff.com\/de\/wp-json\/wp\/v2\/product_brand?post=61400"},{"taxonomy":"product_cat","embeddable":true,"href":"https:\/\/jardinexotiqueroscoff.com\/de\/wp-json\/wp\/v2\/product_cat?post=61400"},{"taxonomy":"product_tag","embeddable":true,"href":"https:\/\/jardinexotiqueroscoff.com\/de\/wp-json\/wp\/v2\/product_tag?post=61400"}],"curies":[{"name":"wp","href":"https:\/\/api.w.org\/{rel}","templated":true}]}}