{"id":61397,"date":"2019-12-16T15:58:00","date_gmt":"2019-12-16T15:58:00","guid":{"rendered":"https:\/\/jardinexotiqueroscoff.com\/produit\/puya-humilis\/"},"modified":"2025-11-24T13:33:41","modified_gmt":"2025-11-24T13:33:41","slug":"puya-humilis","status":"publish","type":"product","link":"https:\/\/jardinexotiqueroscoff.com\/de\/produit\/puya-humilis\/","title":{"rendered":"Puya humilis"},"content":{"rendered":"<div id=\"dslc-theme-content\"><div id=\"dslc-theme-content-inner\"><div class=\"wpb-content-wrapper\"><p>[vc_row][vc_column][vc_column_text]Zusammenfassung: Puya humilis ist eine epiphytische Landpflanze aus der Familie der Bromeliaceae.<br \/>\n<!--more--><\/p>\n<p>Botanischer Name: Puya humilis Mez<\/p>\n<p>Familie: Bromeliaceae<\/p>\n<p>Herkunft: Bolivien<\/p>\n<p>Gew\u00f6hnlicher Name: puya<\/p>\n<p>Winterh\u00e4rte: -7\u00b0C ?<\/p>\n<p>Puya humilis ist eine epiphytische, terrestrische Pflanze aus der Familie der Bromeliaceae, die in Bolivien beheimatet ist. Die Pflanze besteht aus Rosetten mit stacheligen Bl\u00e4ttern, die zwischen 15 und 25 cm hoch sind. Die Bl\u00fcte, die im Sommer erscheint, besteht aus einem roten Bl\u00fctenstiel und die Bl\u00fcten haben drei violette Bl\u00fctenbl\u00e4tter. Sie w\u00e4chst in der Sonne im Steingarten auf Stein in einer sehr durchl\u00e4ssigen Mischung mit nur 1\/3 Erde, der Rest ist Granitarena und Kies, alles mit Puzzolan bedeckt.[\/vc_column_text][\/vc_column][\/vc_row]<\/p>\n<\/div><\/div><\/div>","protected":false},"excerpt":{"rendered":"<p>[vc_row][vc_column][vc_column_text]Zusammenfassung: Puya humilis ist eine epiphytische Landpflanze aus der Familie der Bromeliaceae.<\/p>\n","protected":false},"featured_media":60360,"template":"","meta":[],"product_brand":[],"product_cat":[536,508,535,534],"product_tag":[537,538],"class_list":{"0":"post-61397","1":"product","2":"type-product","3":"status-publish","4":"has-post-thumbnail","6":"product_cat-puya-de","7":"product_cat-bolivien","8":"product_cat-bromeliaceae-de","9":"product_cat-irdischer-epiphyt","10":"product_tag-mehrjahrig","11":"product_tag-terrestrischer-epiphyt","13":"first","14":"instock","15":"featured","16":"shipping-taxable","17":"product-type-simple"},"_links":{"self":[{"href":"https:\/\/jardinexotiqueroscoff.com\/de\/wp-json\/wp\/v2\/product\/61397","targetHints":{"allow":["GET"]}}],"collection":[{"href":"https:\/\/jardinexotiqueroscoff.com\/de\/wp-json\/wp\/v2\/product"}],"about":[{"href":"https:\/\/jardinexotiqueroscoff.com\/de\/wp-json\/wp\/v2\/types\/product"}],"wp:featuredmedia":[{"embeddable":true,"href":"https:\/\/jardinexotiqueroscoff.com\/de\/wp-json\/wp\/v2\/media\/60360"}],"wp:attachment":[{"href":"https:\/\/jardinexotiqueroscoff.com\/de\/wp-json\/wp\/v2\/media?parent=61397"}],"wp:term":[{"taxonomy":"product_brand","embeddable":true,"href":"https:\/\/jardinexotiqueroscoff.com\/de\/wp-json\/wp\/v2\/product_brand?post=61397"},{"taxonomy":"product_cat","embeddable":true,"href":"https:\/\/jardinexotiqueroscoff.com\/de\/wp-json\/wp\/v2\/product_cat?post=61397"},{"taxonomy":"product_tag","embeddable":true,"href":"https:\/\/jardinexotiqueroscoff.com\/de\/wp-json\/wp\/v2\/product_tag?post=61397"}],"curies":[{"name":"wp","href":"https:\/\/api.w.org\/{rel}","templated":true}]}}