{"id":61396,"date":"2019-12-13T15:39:05","date_gmt":"2019-12-13T15:39:05","guid":{"rendered":"https:\/\/jardinexotiqueroscoff.com\/produit\/protea-burchellii\/"},"modified":"2025-11-24T13:33:40","modified_gmt":"2025-11-24T13:33:40","slug":"protea-burchellii","status":"publish","type":"product","link":"https:\/\/jardinexotiqueroscoff.com\/de\/produit\/protea-burchellii\/","title":{"rendered":"Protea burchellii"},"content":{"rendered":"<div id=\"dslc-theme-content\"><div id=\"dslc-theme-content-inner\"><div class=\"wpb-content-wrapper\"><p>[vc_row][vc_column][vc_column_text]Zusammenfassung: Protea burchellii ist ein Strauch aus der Familie der Prpteaceae.<br \/>\n<!--more--><\/p>\n<p>Botanischer Name: Protea burchellii Stapf<\/p>\n<p>Familie: Proteaceae<\/p>\n<p>Herkunft: S\u00fcdafrika<\/p>\n<p>Gebr\u00e4uchlicher Name: Burchell's Proteus<\/p>\n<p>Winterh\u00e4rte: um -5\u00b0C oder -6\u00b0C<\/p>\n<p>CCVS Protea Kollektion<\/p>\n<p>Protea burchellii ist ein s\u00fcdafrikanischer Strauch aus der Familie der Proteaceae. Er ist 1-2 Meter hoch und 3 Meter breit. Sie w\u00e4chst an Bergh\u00e4ngen zwischen 100 m und 850 m H\u00f6he auf reichen, gut entw\u00e4sserten B\u00f6den. Unser Exemplar wurde 2009 mit Samen aus Paarl ges\u00e4t und 2011 in der N\u00e4he des Felsens gepflanzt. Es gab keinen Frost. Wir haben daher keine Erfahrung mit dieser wenig kultivierten Pflanze.[\/vc_column_text][\/vc_column][\/vc_row]<\/p>\n<\/div><\/div><\/div>","protected":false},"excerpt":{"rendered":"<p>[vc_row][vc_column][vc_column_text]Zusammenfassung: Protea burchellii ist ein Strauch aus der Familie der Prpteaceae.<\/p>\n","protected":false},"featured_media":60346,"template":"","meta":[],"product_brand":[],"product_cat":[436,435,434,437],"product_tag":[517,439,438],"class_list":{"0":"post-61396","1":"product","2":"type-product","3":"status-publish","4":"has-post-thumbnail","6":"product_cat-protea-de","7":"product_cat-proteaceae-de","8":"product_cat-proteus","9":"product_cat-sudafrika","10":"product_tag-proteacea","11":"product_tag-sammlung-ccvs","12":"product_tag-strauch","14":"first","15":"instock","16":"featured","17":"shipping-taxable","18":"product-type-simple"},"_links":{"self":[{"href":"https:\/\/jardinexotiqueroscoff.com\/de\/wp-json\/wp\/v2\/product\/61396","targetHints":{"allow":["GET"]}}],"collection":[{"href":"https:\/\/jardinexotiqueroscoff.com\/de\/wp-json\/wp\/v2\/product"}],"about":[{"href":"https:\/\/jardinexotiqueroscoff.com\/de\/wp-json\/wp\/v2\/types\/product"}],"wp:featuredmedia":[{"embeddable":true,"href":"https:\/\/jardinexotiqueroscoff.com\/de\/wp-json\/wp\/v2\/media\/60346"}],"wp:attachment":[{"href":"https:\/\/jardinexotiqueroscoff.com\/de\/wp-json\/wp\/v2\/media?parent=61396"}],"wp:term":[{"taxonomy":"product_brand","embeddable":true,"href":"https:\/\/jardinexotiqueroscoff.com\/de\/wp-json\/wp\/v2\/product_brand?post=61396"},{"taxonomy":"product_cat","embeddable":true,"href":"https:\/\/jardinexotiqueroscoff.com\/de\/wp-json\/wp\/v2\/product_cat?post=61396"},{"taxonomy":"product_tag","embeddable":true,"href":"https:\/\/jardinexotiqueroscoff.com\/de\/wp-json\/wp\/v2\/product_tag?post=61396"}],"curies":[{"name":"wp","href":"https:\/\/api.w.org\/{rel}","templated":true}]}}