{"id":61394,"date":"2019-12-18T14:38:55","date_gmt":"2019-12-18T14:38:55","guid":{"rendered":"https:\/\/jardinexotiqueroscoff.com\/produit\/crinum-bulbispermum\/"},"modified":"2025-11-24T13:33:28","modified_gmt":"2025-11-24T13:33:28","slug":"crinum-bulbispermum","status":"publish","type":"product","link":"https:\/\/jardinexotiqueroscoff.com\/de\/produit\/crinum-bulbispermum\/","title":{"rendered":"Crinum bulbispermum"},"content":{"rendered":"<div id=\"dslc-theme-content\"><div id=\"dslc-theme-content-inner\"><div class=\"wpb-content-wrapper\"><p>[vc_row][vc_column][vc_column_text]Zusammenfassung: Crinum bulbispermum ist eine Zwiebel aus der Familie der Amaryllidaceae.<br \/>\n<!--more--><\/p>\n<p>Botanischer Name: Crinum bulbispermum (Burm.f.) Milne-Redh. &amp; Schweick.<\/p>\n<p>Familie: Amaryllidaceae<\/p>\n<p>Herkunft: S\u00fcdafrika, Lesotho, Swasiland<\/p>\n<p>Gemeiner Name: Seelilie, Orange River Lily (Orange River Lily)<\/p>\n<p>Winterh\u00e4rte: -8\u00b0C an einem trockenen Ort (Zwiebel sch\u00fctzen)<\/p>\n<p>Crinum bulbispermum ist eine gro\u00dfe Zwiebel aus der Familie der Amaryllidaceae, die in S\u00fcdafrika, Lesotho und Swasiland beheimatet ist. Zur Bl\u00fctezeit im Sommer erreicht er eine H\u00f6he von 1 Meter. Er w\u00e4chst an Flussufern und in Sumpfgebieten, die im Winter austrocknen, wenn er sich zur Ruhe begibt. Er ben\u00f6tigt Wasser, um zu wachsen und zu bl\u00fchen, wenn er sich nicht mehr in der Ruhephase befindet. Bei uns ben\u00f6tigt er einen durchl\u00e4ssigen Boden, der im Winter nicht zu feucht ist, sondern eher im Sommer. Er muss in der Sonne wachsen.[\/vc_column_text][\/vc_column][\/vc_row]<\/p>\n<\/div><\/div><\/div>","protected":false},"excerpt":{"rendered":"<p>[vc_row][vc_column][vc_column_text]Zusammenfassung: Crinum bulbispermum ist eine Zwiebel aus der Familie der Amaryllidaceae.<\/p>\n","protected":false},"featured_media":60368,"template":"","meta":[],"product_brand":[],"product_cat":[525,524,527,437],"product_tag":[495],"class_list":{"0":"post-61394","1":"product","2":"type-product","3":"status-publish","4":"has-post-thumbnail","6":"product_cat-crinum-de","7":"product_cat-amaryllidaceae-de","8":"product_cat-crinole-de","9":"product_cat-sudafrika","10":"product_tag-zwiebel","12":"first","13":"instock","14":"featured","15":"shipping-taxable","16":"product-type-simple"},"_links":{"self":[{"href":"https:\/\/jardinexotiqueroscoff.com\/de\/wp-json\/wp\/v2\/product\/61394","targetHints":{"allow":["GET"]}}],"collection":[{"href":"https:\/\/jardinexotiqueroscoff.com\/de\/wp-json\/wp\/v2\/product"}],"about":[{"href":"https:\/\/jardinexotiqueroscoff.com\/de\/wp-json\/wp\/v2\/types\/product"}],"wp:featuredmedia":[{"embeddable":true,"href":"https:\/\/jardinexotiqueroscoff.com\/de\/wp-json\/wp\/v2\/media\/60368"}],"wp:attachment":[{"href":"https:\/\/jardinexotiqueroscoff.com\/de\/wp-json\/wp\/v2\/media?parent=61394"}],"wp:term":[{"taxonomy":"product_brand","embeddable":true,"href":"https:\/\/jardinexotiqueroscoff.com\/de\/wp-json\/wp\/v2\/product_brand?post=61394"},{"taxonomy":"product_cat","embeddable":true,"href":"https:\/\/jardinexotiqueroscoff.com\/de\/wp-json\/wp\/v2\/product_cat?post=61394"},{"taxonomy":"product_tag","embeddable":true,"href":"https:\/\/jardinexotiqueroscoff.com\/de\/wp-json\/wp\/v2\/product_tag?post=61394"}],"curies":[{"name":"wp","href":"https:\/\/api.w.org\/{rel}","templated":true}]}}