{"id":61391,"date":"2019-12-15T10:17:38","date_gmt":"2019-12-15T10:17:38","guid":{"rendered":"https:\/\/jardinexotiqueroscoff.com\/produit\/leucospermum-formosum\/"},"modified":"2025-11-24T13:33:41","modified_gmt":"2025-11-24T13:33:41","slug":"leucospermum-formosum","status":"publish","type":"product","link":"https:\/\/jardinexotiqueroscoff.com\/de\/produit\/leucospermum-formosum\/","title":{"rendered":"Leucospermum formosum"},"content":{"rendered":"<div id=\"dslc-theme-content\"><div id=\"dslc-theme-content-inner\"><div class=\"wpb-content-wrapper\"><p>[vc_row][vc_column][vc_column_text]Zusammenfassung: Leucospermum formosum ist ein Strauch aus der Familie der Proteaceae.<br \/>\n<!--more--><\/p>\n<p>Botanischer Name: Leucospermum formosum (Andrews) Doux<\/p>\n<p>Familie: Proteaceae<\/p>\n<p>Herkunft: S\u00fcdafrika<\/p>\n<p>Gebr\u00e4uchlicher Name: Silberbl\u00e4ttriges Nadelkissen, Pincushion<\/p>\n<p>IUCN Red List: VU (Vulnerable, da nur noch 3 von 6 Populationen existieren).<\/p>\n<p>Winterh\u00e4rte: -6\u00b0C (Wir haben diesbez\u00fcglich keine Erfahrung).<\/p>\n<p>Leucospermum formosum ist ein gro\u00dfer, 2-3 m hoher Strauch mit einem einzigen Stamm an der Basis und silbrig-wei\u00dfen Bl\u00e4ttern. Junge bl\u00fchende Pflanzen haben Bl\u00e4tter mit einem Zahn, w\u00e4hrend \u00e4ltere Pflanzen drei Z\u00e4hne haben. Die Bl\u00fctenst\u00e4nde sind gelb bis orange. Er w\u00e4chst an frischen H\u00e4ngen in den Bergen von 200 bis 1000 m H\u00f6he. Die Niederschlagsmenge betr\u00e4gt 635 mm bis 1015 mm \u00fcber das ganze Jahr verteilt und der Boden ist feuchter Torfboden. Das Elaiosom der Samen wird von s\u00fcdafrikanischen Ameisen gefressen und keimen nach einem Brand und Gewittern. Es gibt nur noch drei von sechs Populationen, die sich auf 57 km2 verteilen. Die Ursachen f\u00fcr das Verschwinden sind die Zersiedelung, die Einf\u00fchrung exotischer Pflanzen, die Aufforstung und das Sammeln von Blumen. Die Art liebt volle Sonne.<br \/>\n[\/vc_column_text][\/vc_column][\/vc_row]<\/p>\n<\/div><\/div><\/div>","protected":false},"excerpt":{"rendered":"<p>[vc_row][vc_column][vc_column_text]Zusammenfassung: Leucospermum formosum ist ein Strauch aus der Familie der Proteaceae.<\/p>\n","protected":false},"featured_media":60352,"template":"","meta":[],"product_brand":[],"product_cat":[515,516,435,437],"product_tag":[517,518,438],"class_list":{"0":"post-61391","1":"product","2":"type-product","3":"status-publish","4":"has-post-thumbnail","6":"product_cat-leucospermum-de","7":"product_cat-nadelkissen","8":"product_cat-proteaceae-de","9":"product_cat-sudafrika","10":"product_tag-proteacea","11":"product_tag-rote-liste","12":"product_tag-strauch","14":"first","15":"instock","16":"featured","17":"shipping-taxable","18":"product-type-simple"},"_links":{"self":[{"href":"https:\/\/jardinexotiqueroscoff.com\/de\/wp-json\/wp\/v2\/product\/61391","targetHints":{"allow":["GET"]}}],"collection":[{"href":"https:\/\/jardinexotiqueroscoff.com\/de\/wp-json\/wp\/v2\/product"}],"about":[{"href":"https:\/\/jardinexotiqueroscoff.com\/de\/wp-json\/wp\/v2\/types\/product"}],"wp:featuredmedia":[{"embeddable":true,"href":"https:\/\/jardinexotiqueroscoff.com\/de\/wp-json\/wp\/v2\/media\/60352"}],"wp:attachment":[{"href":"https:\/\/jardinexotiqueroscoff.com\/de\/wp-json\/wp\/v2\/media?parent=61391"}],"wp:term":[{"taxonomy":"product_brand","embeddable":true,"href":"https:\/\/jardinexotiqueroscoff.com\/de\/wp-json\/wp\/v2\/product_brand?post=61391"},{"taxonomy":"product_cat","embeddable":true,"href":"https:\/\/jardinexotiqueroscoff.com\/de\/wp-json\/wp\/v2\/product_cat?post=61391"},{"taxonomy":"product_tag","embeddable":true,"href":"https:\/\/jardinexotiqueroscoff.com\/de\/wp-json\/wp\/v2\/product_tag?post=61391"}],"curies":[{"name":"wp","href":"https:\/\/api.w.org\/{rel}","templated":true}]}}