{"id":61389,"date":"2019-12-18T15:02:40","date_gmt":"2019-12-18T15:02:40","guid":{"rendered":"https:\/\/jardinexotiqueroscoff.com\/produit\/euphorbia-polygona\/"},"modified":"2025-11-24T13:33:28","modified_gmt":"2025-11-24T13:33:28","slug":"euphorbia-polygona","status":"publish","type":"product","link":"https:\/\/jardinexotiqueroscoff.com\/de\/produit\/euphorbia-polygona\/","title":{"rendered":"Euphorbia polygona"},"content":{"rendered":"<div id=\"dslc-theme-content\"><div id=\"dslc-theme-content-inner\"><div class=\"wpb-content-wrapper\"><p>[vc_row][vc_column][vc_column_text]Zusammenfassung: Euphorbia polygona ist eine sukkulente Pflanze aus der Familie der Euphorbiaceae.<br \/>\n<!--more--><\/p>\n<p>Botanischer Name: Euphorbia polygona Haw.<\/p>\n<p>Familie: Euphorbiaceae<\/p>\n<p>Herkunft: S\u00fcdafrika (Eastern Cape)<\/p>\n<p>Gew\u00f6hnlicher Name: Euphorbia<\/p>\n<p>Winterh\u00e4rte: Zone 9 (bei -7\u00b0C, aber trocken)<\/p>\n<p>Euphorbia polygona ist ein sukkulenter Strauch mit sukkulenten, gr\u00fcn + oder - grau gef\u00e4rbten St\u00e4ngeln, die ca. 0,50 m bis 1,70 m hoch sind und einen Durchmesser von 7-10 cm haben. Sie w\u00e4chst in felsigen Gebieten zusammen mit anderen Pflanzen ihrer Art. Wir bauen ihn im Gew\u00e4chshaus im Freiland an. Sie ist eng mit Euphorbia horrida verwandt.[\/vc_column_text][\/vc_column][\/vc_row]<\/p>\n<\/div><\/div><\/div>","protected":false},"excerpt":{"rendered":"<p>[vc_row][vc_column][vc_column_text]Zusammenfassung: Euphorbia polygona ist eine sukkulente Pflanze aus der Familie der Euphorbiaceae.<\/p>\n","protected":false},"featured_media":60376,"template":"","meta":[],"product_brand":[],"product_cat":[513,514,512,437],"product_tag":[438,451],"class_list":{"0":"post-61389","1":"product","2":"type-product","3":"status-publish","4":"has-post-thumbnail","6":"product_cat-euphorbia-de","7":"product_cat-euphorbia-de-2","8":"product_cat-euphorbiaceae-de","9":"product_cat-sudafrika","10":"product_tag-strauch","11":"product_tag-sukkulente","13":"first","14":"instock","15":"featured","16":"shipping-taxable","17":"product-type-simple"},"_links":{"self":[{"href":"https:\/\/jardinexotiqueroscoff.com\/de\/wp-json\/wp\/v2\/product\/61389","targetHints":{"allow":["GET"]}}],"collection":[{"href":"https:\/\/jardinexotiqueroscoff.com\/de\/wp-json\/wp\/v2\/product"}],"about":[{"href":"https:\/\/jardinexotiqueroscoff.com\/de\/wp-json\/wp\/v2\/types\/product"}],"wp:featuredmedia":[{"embeddable":true,"href":"https:\/\/jardinexotiqueroscoff.com\/de\/wp-json\/wp\/v2\/media\/60376"}],"wp:attachment":[{"href":"https:\/\/jardinexotiqueroscoff.com\/de\/wp-json\/wp\/v2\/media?parent=61389"}],"wp:term":[{"taxonomy":"product_brand","embeddable":true,"href":"https:\/\/jardinexotiqueroscoff.com\/de\/wp-json\/wp\/v2\/product_brand?post=61389"},{"taxonomy":"product_cat","embeddable":true,"href":"https:\/\/jardinexotiqueroscoff.com\/de\/wp-json\/wp\/v2\/product_cat?post=61389"},{"taxonomy":"product_tag","embeddable":true,"href":"https:\/\/jardinexotiqueroscoff.com\/de\/wp-json\/wp\/v2\/product_tag?post=61389"}],"curies":[{"name":"wp","href":"https:\/\/api.w.org\/{rel}","templated":true}]}}