{"id":61388,"date":"2019-12-19T10:30:35","date_gmt":"2019-12-19T10:30:35","guid":{"rendered":"https:\/\/jardinexotiqueroscoff.com\/produit\/rebutia-huasiensis\/"},"modified":"2025-11-24T13:33:28","modified_gmt":"2025-11-24T13:33:28","slug":"rebutia-huasiensis","status":"publish","type":"product","link":"https:\/\/jardinexotiqueroscoff.com\/de\/produit\/rebutia-huasiensis\/","title":{"rendered":"Rebutia huasiensis"},"content":{"rendered":"<div id=\"dslc-theme-content\"><div id=\"dslc-theme-content-inner\"><div class=\"wpb-content-wrapper\"><p>[vc_row][vc_column][vc_column_text]Zusammenfassung: Rebutia huasiensis ist eine kleine Pflanze aus der Familie der Cactaceae.<br \/>\n<!--more--><\/p>\n<p>Botanischer Name: Rebutia huasiensis Rausch<\/p>\n<p>Familie: Cactaceae<\/p>\n<p>Herkunft: Bolivien<\/p>\n<p>Gew\u00f6hnliche Benennung: Kaktus<\/p>\n<p>Winterh\u00e4rte: -6\u00b0C<\/p>\n<p>Rebutia huasiensis ist ein kleiner Kaktus, der nur wenige Zentimeter hoch ist und nach 14 Jahren Freilandkultur langsam zu acht K\u00f6pfen heranw\u00e4chst. Unser Exemplar stammt aus der Provinz Nor Cinti, Departement Chuquisaca auf einer H\u00f6he von 3300 Metern.[\/vc_column_text][\/vc_column][\/vc_row]<\/p>\n<\/div><\/div><\/div>","protected":false},"excerpt":{"rendered":"<p>[vc_row][vc_column][vc_column_text]Zusammenfassung: Rebutia huasiensis ist eine kleine Pflanze aus der Familie der Cactaceae.<\/p>\n","protected":false},"featured_media":60398,"template":"","meta":[],"product_brand":[],"product_cat":[510,508,461,462],"product_tag":[465,451],"class_list":{"0":"post-61388","1":"product","2":"type-product","3":"status-publish","4":"has-post-thumbnail","6":"product_cat-rebutia-de","7":"product_cat-bolivien","8":"product_cat-cactaceae-de","9":"product_cat-kaktus","10":"product_tag-kaktus","11":"product_tag-sukkulente","13":"first","14":"instock","15":"featured","16":"shipping-taxable","17":"product-type-simple"},"_links":{"self":[{"href":"https:\/\/jardinexotiqueroscoff.com\/de\/wp-json\/wp\/v2\/product\/61388","targetHints":{"allow":["GET"]}}],"collection":[{"href":"https:\/\/jardinexotiqueroscoff.com\/de\/wp-json\/wp\/v2\/product"}],"about":[{"href":"https:\/\/jardinexotiqueroscoff.com\/de\/wp-json\/wp\/v2\/types\/product"}],"wp:featuredmedia":[{"embeddable":true,"href":"https:\/\/jardinexotiqueroscoff.com\/de\/wp-json\/wp\/v2\/media\/60398"}],"wp:attachment":[{"href":"https:\/\/jardinexotiqueroscoff.com\/de\/wp-json\/wp\/v2\/media?parent=61388"}],"wp:term":[{"taxonomy":"product_brand","embeddable":true,"href":"https:\/\/jardinexotiqueroscoff.com\/de\/wp-json\/wp\/v2\/product_brand?post=61388"},{"taxonomy":"product_cat","embeddable":true,"href":"https:\/\/jardinexotiqueroscoff.com\/de\/wp-json\/wp\/v2\/product_cat?post=61388"},{"taxonomy":"product_tag","embeddable":true,"href":"https:\/\/jardinexotiqueroscoff.com\/de\/wp-json\/wp\/v2\/product_tag?post=61388"}],"curies":[{"name":"wp","href":"https:\/\/api.w.org\/{rel}","templated":true}]}}