{"id":61384,"date":"2019-12-21T14:43:44","date_gmt":"2019-12-21T14:43:44","guid":{"rendered":"https:\/\/jardinexotiqueroscoff.com\/produit\/ferocactus-schwarzii\/"},"modified":"2025-11-24T13:33:17","modified_gmt":"2025-11-24T13:33:17","slug":"ferocactus-schwarzii","status":"publish","type":"product","link":"https:\/\/jardinexotiqueroscoff.com\/de\/produit\/ferocactus-schwarzii\/","title":{"rendered":"Ferocactus schwarzii"},"content":{"rendered":"<div id=\"dslc-theme-content\"><div id=\"dslc-theme-content-inner\"><div class=\"wpb-content-wrapper\"><p>[vc_row][vc_column][vc_column_text]Zusammenfassung: Ferocactus schwarzii ist eine sukkulente Pflanze aus der Familie der Cactaceae.<br \/>\n<!--more--><\/p>\n<p>Botanischer Name: Ferocactus schwarzii G.E. Lindsay<\/p>\n<p>Familie: Cactaceae<\/p>\n<p>Herkunft: Mexiko (Bundesstaat Sinaloa)<\/p>\n<p>Gew\u00f6hnliche Benennung: Kaktus, Barrique-Kaktus<\/p>\n<p>Winterh\u00e4rte: -4\u00b0C bei v\u00f6lliger Trockenheit im Winter.<\/p>\n<p>Ferocactus schwarzii ist ein Fasskaktus (Familie Cactaceae) aus dem Staat Sinaloa in Mexiko. Er erreicht schlie\u00dflich eine H\u00f6he von 80 cm bei einem Durchmesser von 50 cm, bl\u00fcht aber schon bei einem Durchmesser von 12 cm. Die Pflanze hat 4-5 Stacheln (oder Dornen), wenn sie jung ist, aber nur einen oder zwei, wenn sie \u00e4lter ist, von gelber Farbe. Im Alter sieht er wie ein Echinocactus aus, aber die Bl\u00fcten und Fr\u00fcchte machen ihn zu einem Ferocactus. Wir haben 3 Pflanzen, die 2013 im Gew\u00e4chshaus ausgepflanzt wurden.[\/vc_column_text][\/vc_column][\/vc_row]<\/p>\n<\/div><\/div><\/div>","protected":false},"excerpt":{"rendered":"<p>[vc_row][vc_column][vc_column_text]Zusammenfassung: Ferocactus schwarzii ist eine sukkulente Pflanze aus der Familie der Cactaceae.<\/p>\n","protected":false},"featured_media":60406,"template":"","meta":[],"product_brand":[],"product_cat":[500,461,462,458],"product_tag":[465,451],"class_list":{"0":"post-61384","1":"product","2":"type-product","3":"status-publish","4":"has-post-thumbnail","6":"product_cat-ferocactus-de","7":"product_cat-cactaceae-de","8":"product_cat-kaktus","9":"product_cat-mexiko","10":"product_tag-kaktus","11":"product_tag-sukkulente","13":"first","14":"instock","15":"featured","16":"shipping-taxable","17":"product-type-simple"},"_links":{"self":[{"href":"https:\/\/jardinexotiqueroscoff.com\/de\/wp-json\/wp\/v2\/product\/61384","targetHints":{"allow":["GET"]}}],"collection":[{"href":"https:\/\/jardinexotiqueroscoff.com\/de\/wp-json\/wp\/v2\/product"}],"about":[{"href":"https:\/\/jardinexotiqueroscoff.com\/de\/wp-json\/wp\/v2\/types\/product"}],"wp:featuredmedia":[{"embeddable":true,"href":"https:\/\/jardinexotiqueroscoff.com\/de\/wp-json\/wp\/v2\/media\/60406"}],"wp:attachment":[{"href":"https:\/\/jardinexotiqueroscoff.com\/de\/wp-json\/wp\/v2\/media?parent=61384"}],"wp:term":[{"taxonomy":"product_brand","embeddable":true,"href":"https:\/\/jardinexotiqueroscoff.com\/de\/wp-json\/wp\/v2\/product_brand?post=61384"},{"taxonomy":"product_cat","embeddable":true,"href":"https:\/\/jardinexotiqueroscoff.com\/de\/wp-json\/wp\/v2\/product_cat?post=61384"},{"taxonomy":"product_tag","embeddable":true,"href":"https:\/\/jardinexotiqueroscoff.com\/de\/wp-json\/wp\/v2\/product_tag?post=61384"}],"curies":[{"name":"wp","href":"https:\/\/api.w.org\/{rel}","templated":true}]}}