{"id":61380,"date":"2020-01-11T15:15:18","date_gmt":"2020-01-11T15:15:18","guid":{"rendered":"https:\/\/jardinexotiqueroscoff.com\/produit\/kniphofia-bruceae\/"},"modified":"2025-11-24T13:33:17","modified_gmt":"2025-11-24T13:33:17","slug":"kniphofia-bruceae","status":"publish","type":"product","link":"https:\/\/jardinexotiqueroscoff.com\/de\/produit\/kniphofia-bruceae\/","title":{"rendered":"Kniphofia bruceae"},"content":{"rendered":"<div id=\"dslc-theme-content\"><div id=\"dslc-theme-content-inner\"><div class=\"wpb-content-wrapper\"><p>[vc_row][vc_column][vc_column_text]Zusammenfassung: Kniphofia bruceae ist eine mehrj\u00e4hrige Zwiebelpflanze aus der Familie der Asphodelaceae oder Liliaceae.<br \/>\n<!--more--><\/p>\n<p>Botanischer Name: Kniphofia bruceae (Codd) Codd<\/p>\n<p>Familie: Asphodelaceae, Liliaceae<\/p>\n<p>Herkunft: S\u00fcdafrika<\/p>\n<p>Gebr\u00e4uchlicher Name: Tison de Satan<\/p>\n<p>IUCN Red list: LC (weniger betroffen)<\/p>\n<p>Winterh\u00e4rte: Zone 9 ? (ca. -7\u00b0C)<\/p>\n<p>Sammlung CCVS Kniphofia<\/p>\n<p>Kniphofia bruceae ist eine knollige Staude aus der Familie der Asphodelaceae, die in Kultur recht selten ist. Sie klettert bis zu 2 m hoch und bl\u00fcht im Herbst. Er stammt aus der Region des Ostkaps in S\u00fcdafrika. Er ben\u00f6tigt einen drainierten Boden.[\/vc_column_text][\/vc_column][\/vc_row]<\/p>\n<\/div><\/div><\/div>","protected":false},"excerpt":{"rendered":"<p>[vc_row][vc_column][vc_column_text]Zusammenfassung: Kniphofia bruceae ist eine mehrj\u00e4hrige Zwiebelpflanze aus der Familie der Asphodelaceae oder Liliaceae.<\/p>\n","protected":false},"featured_media":60416,"template":"","meta":[],"product_brand":[],"product_cat":[492,494,493,437,448,491],"product_tag":[439,495],"class_list":{"0":"post-61380","1":"product","2":"type-product","3":"status-publish","4":"has-post-thumbnail","6":"product_cat-asphodelaceae-de","7":"product_cat-kniphofia-de","8":"product_cat-liliaceae-de","9":"product_cat-sudafrika","10":"product_cat-xanthorrhoeaceae-de","11":"product_cat-zwiebel","12":"product_tag-sammlung-ccvs","13":"product_tag-zwiebel","15":"first","16":"instock","17":"featured","18":"shipping-taxable","19":"product-type-simple"},"_links":{"self":[{"href":"https:\/\/jardinexotiqueroscoff.com\/de\/wp-json\/wp\/v2\/product\/61380","targetHints":{"allow":["GET"]}}],"collection":[{"href":"https:\/\/jardinexotiqueroscoff.com\/de\/wp-json\/wp\/v2\/product"}],"about":[{"href":"https:\/\/jardinexotiqueroscoff.com\/de\/wp-json\/wp\/v2\/types\/product"}],"wp:featuredmedia":[{"embeddable":true,"href":"https:\/\/jardinexotiqueroscoff.com\/de\/wp-json\/wp\/v2\/media\/60416"}],"wp:attachment":[{"href":"https:\/\/jardinexotiqueroscoff.com\/de\/wp-json\/wp\/v2\/media?parent=61380"}],"wp:term":[{"taxonomy":"product_brand","embeddable":true,"href":"https:\/\/jardinexotiqueroscoff.com\/de\/wp-json\/wp\/v2\/product_brand?post=61380"},{"taxonomy":"product_cat","embeddable":true,"href":"https:\/\/jardinexotiqueroscoff.com\/de\/wp-json\/wp\/v2\/product_cat?post=61380"},{"taxonomy":"product_tag","embeddable":true,"href":"https:\/\/jardinexotiqueroscoff.com\/de\/wp-json\/wp\/v2\/product_tag?post=61380"}],"curies":[{"name":"wp","href":"https:\/\/api.w.org\/{rel}","templated":true}]}}