{"id":61377,"date":"2020-01-14T14:19:49","date_gmt":"2020-01-14T14:19:49","guid":{"rendered":"https:\/\/jardinexotiqueroscoff.com\/produit\/trichocereus-strigosus\/"},"modified":"2025-11-24T13:33:17","modified_gmt":"2025-11-24T13:33:17","slug":"trichocereus-strigosus","status":"publish","type":"product","link":"https:\/\/jardinexotiqueroscoff.com\/de\/produit\/trichocereus-strigosus\/","title":{"rendered":"Trichocereus strigosus"},"content":{"rendered":"<div id=\"dslc-theme-content\"><div id=\"dslc-theme-content-inner\"><div class=\"wpb-content-wrapper\"><p>[vc_row][vc_column][vc_column_text]Zusammenfassung: Trichocereus strigosus ist eine sukkulente Pflanze aus der Familie der Cactaceae.<br \/>\n<!--more--><\/p>\n<p>Botanischer Name: Trichocereus strigosus (Salm-Dyck) Britton &amp; Rose<\/p>\n<p>Synonym: Echinopsis strigosa, Cereus strigosus, Echinocereus strigosus, Cereus intricatus, Cereus myriophyllus<\/p>\n<p>Familie: Cactaceae<\/p>\n<p>Herkunft: Argentinien<\/p>\n<p>Winterh\u00e4rte: -5\u00b0C bis zur v\u00f6lligen Trockenheit.<\/p>\n<p>Gew\u00f6hnliche Benennung: Kaktus<\/p>\n<p>Trichocereus strigosus ist ein Kaktus, der einen Busch mit einem Durchmesser von ca. 1 m und ca. 60 cm hohen St\u00e4mmen bildet. Die wei\u00dfen Bl\u00fcten erscheinen im Sommer. Diese Pflanze ist endemisch im Westen Argentiniens zwischen 700 und 2000 m H\u00f6he in den W\u00fcsten, insbesondere in der Provinz Mendoza.[\/vc_column_text][\/vc_column][\/vc_row]<\/p>\n<\/div><\/div><\/div>","protected":false},"excerpt":{"rendered":"<p>[vc_row][vc_column][vc_column_text]Zusammenfassung: Trichocereus strigosus ist eine sukkulente Pflanze aus der Familie der Cactaceae.<\/p>\n","protected":false},"featured_media":60432,"template":"","meta":[],"product_brand":[],"product_cat":[481,479,461,483,462,478],"product_tag":[465],"class_list":{"0":"post-61377","1":"product","2":"type-product","3":"status-publish","4":"has-post-thumbnail","6":"product_cat-trichocereus-de","7":"product_cat-argentinien","8":"product_cat-cactaceae-de","9":"product_cat-echinopsis-de","10":"product_cat-kaktus","11":"product_cat-sudamerika","12":"product_tag-kaktus","14":"first","15":"instock","16":"featured","17":"shipping-taxable","18":"product-type-simple"},"_links":{"self":[{"href":"https:\/\/jardinexotiqueroscoff.com\/de\/wp-json\/wp\/v2\/product\/61377","targetHints":{"allow":["GET"]}}],"collection":[{"href":"https:\/\/jardinexotiqueroscoff.com\/de\/wp-json\/wp\/v2\/product"}],"about":[{"href":"https:\/\/jardinexotiqueroscoff.com\/de\/wp-json\/wp\/v2\/types\/product"}],"wp:featuredmedia":[{"embeddable":true,"href":"https:\/\/jardinexotiqueroscoff.com\/de\/wp-json\/wp\/v2\/media\/60432"}],"wp:attachment":[{"href":"https:\/\/jardinexotiqueroscoff.com\/de\/wp-json\/wp\/v2\/media?parent=61377"}],"wp:term":[{"taxonomy":"product_brand","embeddable":true,"href":"https:\/\/jardinexotiqueroscoff.com\/de\/wp-json\/wp\/v2\/product_brand?post=61377"},{"taxonomy":"product_cat","embeddable":true,"href":"https:\/\/jardinexotiqueroscoff.com\/de\/wp-json\/wp\/v2\/product_cat?post=61377"},{"taxonomy":"product_tag","embeddable":true,"href":"https:\/\/jardinexotiqueroscoff.com\/de\/wp-json\/wp\/v2\/product_tag?post=61377"}],"curies":[{"name":"wp","href":"https:\/\/api.w.org\/{rel}","templated":true}]}}