{"id":61373,"date":"2020-01-15T12:00:00","date_gmt":"2020-01-15T12:00:00","guid":{"rendered":"https:\/\/jardinexotiqueroscoff.com\/produit\/echinocereus-engelmannii\/"},"modified":"2025-11-24T13:33:05","modified_gmt":"2025-11-24T13:33:05","slug":"echinocereus-engelmannii","status":"publish","type":"product","link":"https:\/\/jardinexotiqueroscoff.com\/de\/produit\/echinocereus-engelmannii\/","title":{"rendered":"Echinocereus engelmannii"},"content":{"rendered":"<div id=\"dslc-theme-content\"><div id=\"dslc-theme-content-inner\"><div class=\"wpb-content-wrapper\"><p>[vc_row][vc_column][vc_column_text]Zusammenfassung: Echinocereus engelmannii ist eine sukkulente Pflanze aus der Familie der Cactaceae.<br \/>\n<!--more--><\/p>\n<p>Botanischer Name: Echinocereus engelmannii (Parry ex Engel.) Lemaire<\/p>\n<p>Familie: Cactaceae<\/p>\n<p>Herkunft: USA, Mexiko<\/p>\n<p>Gew\u00f6hnlicher Name: Igelkaktus<\/p>\n<p>Winterh\u00e4rte: -12\u00b0C bei vollst\u00e4ndiger Trockenheit<\/p>\n<p>Echinocereus engelmannii ist ein Kaktus, der sehr variabel ist, was die St\u00e4ngel und Dornen sowie die Farbe der Bl\u00fcten betrifft, die rosa, violett bis lavendelfarben sein k\u00f6nnen. Insgesamt handelt es sich um einen agglomerierten S\u00e4ulenkaktus mit St\u00e4mmen, die bis zu 1 m lang werden k\u00f6nnen. Sie w\u00e4chst vom Meeresspiegel bis zu 2400 m H\u00f6he in verschiedenen, aber immer trockenen Habitaten. [\/vc_column_text][\/vc_column][\/vc_row]<\/p>\n<\/div><\/div><\/div>","protected":false},"excerpt":{"rendered":"<p>[vc_row][vc_column][vc_column_text]Zusammenfassung: Echinocereus engelmannii ist eine sukkulente Pflanze aus der Familie der Cactaceae.<\/p>\n","protected":false},"featured_media":60446,"template":"","meta":[],"product_brand":[],"product_cat":[464,461,462,458,463],"product_tag":[465],"class_list":{"0":"post-61373","1":"product","2":"type-product","3":"status-publish","4":"has-post-thumbnail","6":"product_cat-echinocereus-de","7":"product_cat-cactaceae-de","8":"product_cat-kaktus","9":"product_cat-mexiko","10":"product_cat-vereinigte-staaten","11":"product_tag-kaktus","13":"first","14":"instock","15":"featured","16":"shipping-taxable","17":"product-type-simple"},"_links":{"self":[{"href":"https:\/\/jardinexotiqueroscoff.com\/de\/wp-json\/wp\/v2\/product\/61373","targetHints":{"allow":["GET"]}}],"collection":[{"href":"https:\/\/jardinexotiqueroscoff.com\/de\/wp-json\/wp\/v2\/product"}],"about":[{"href":"https:\/\/jardinexotiqueroscoff.com\/de\/wp-json\/wp\/v2\/types\/product"}],"wp:featuredmedia":[{"embeddable":true,"href":"https:\/\/jardinexotiqueroscoff.com\/de\/wp-json\/wp\/v2\/media\/60446"}],"wp:attachment":[{"href":"https:\/\/jardinexotiqueroscoff.com\/de\/wp-json\/wp\/v2\/media?parent=61373"}],"wp:term":[{"taxonomy":"product_brand","embeddable":true,"href":"https:\/\/jardinexotiqueroscoff.com\/de\/wp-json\/wp\/v2\/product_brand?post=61373"},{"taxonomy":"product_cat","embeddable":true,"href":"https:\/\/jardinexotiqueroscoff.com\/de\/wp-json\/wp\/v2\/product_cat?post=61373"},{"taxonomy":"product_tag","embeddable":true,"href":"https:\/\/jardinexotiqueroscoff.com\/de\/wp-json\/wp\/v2\/product_tag?post=61373"}],"curies":[{"name":"wp","href":"https:\/\/api.w.org\/{rel}","templated":true}]}}