{"id":61372,"date":"2020-01-14T14:19:45","date_gmt":"2020-01-14T14:19:45","guid":{"rendered":"https:\/\/jardinexotiqueroscoff.com\/produit\/agave-mitis\/"},"modified":"2025-11-24T13:33:17","modified_gmt":"2025-11-24T13:33:17","slug":"agave-mitis","status":"publish","type":"product","link":"https:\/\/jardinexotiqueroscoff.com\/de\/produit\/agave-mitis\/","title":{"rendered":"Agave mitis"},"content":{"rendered":"<div id=\"dslc-theme-content\"><div id=\"dslc-theme-content-inner\"><div class=\"wpb-content-wrapper\"><p>[vc_row][vc_column][vc_column_text]Zusammenfassung: Agave mitis ist eine Sukkulente aus der Familie der Agavaceae oder Asparagaceae.<\/p>\n<p><!--more--><\/p>\n<p>Botanischer Name: Agave mitis Mart.<\/p>\n<p>Synonyme: Agave celsii, Agave botterii, Agave bouchei, Agave celsiana, Agave densiflora, Agave haseloffii, Agave micracantha, Agave oblongata, Agave rupicola, Agave sartorii var. oblongata.<\/p>\n<p>Familie: Cactaceae<\/p>\n<p>Herkunft: Mexiko<\/p>\n<p>Gew\u00f6hnliche Benennung: Agave<\/p>\n<p>Winterh\u00e4rte: ca. -11 oder -12\u00b0C \u00fcber einen kurzen Zeitraum und in sehr durchl\u00e4ssigen B\u00f6den gepflanzt.<\/p>\n<p>Agave mitis ist eine kleine Pflanze, die viele Triebe bildet. Die Bl\u00e4tter haben einen Enddorn und braune oder rote Dornen an den R\u00e4ndern. Sie sollte in Steing\u00e4rten gepflanzt werden.[\/vc_column_text][\/vc_column][\/vc_row]<\/p>\n<\/div><\/div><\/div>","protected":false},"excerpt":{"rendered":"<p>[vc_row][vc_column][vc_column_text]Zusammenfassung: Agave mitis ist eine Sukkulente aus der Familie der Agavaceae oder Asparagaceae.<\/p>\n","protected":false},"featured_media":60438,"template":"","meta":[],"product_brand":[],"product_cat":[460,459,458],"product_tag":[451],"class_list":{"0":"post-61372","1":"product","2":"type-product","3":"status-publish","4":"has-post-thumbnail","6":"product_cat-agave-de","7":"product_cat-agavaceae-de","8":"product_cat-mexiko","9":"product_tag-sukkulente","11":"first","12":"instock","13":"featured","14":"shipping-taxable","15":"product-type-simple"},"_links":{"self":[{"href":"https:\/\/jardinexotiqueroscoff.com\/de\/wp-json\/wp\/v2\/product\/61372","targetHints":{"allow":["GET"]}}],"collection":[{"href":"https:\/\/jardinexotiqueroscoff.com\/de\/wp-json\/wp\/v2\/product"}],"about":[{"href":"https:\/\/jardinexotiqueroscoff.com\/de\/wp-json\/wp\/v2\/types\/product"}],"wp:featuredmedia":[{"embeddable":true,"href":"https:\/\/jardinexotiqueroscoff.com\/de\/wp-json\/wp\/v2\/media\/60438"}],"wp:attachment":[{"href":"https:\/\/jardinexotiqueroscoff.com\/de\/wp-json\/wp\/v2\/media?parent=61372"}],"wp:term":[{"taxonomy":"product_brand","embeddable":true,"href":"https:\/\/jardinexotiqueroscoff.com\/de\/wp-json\/wp\/v2\/product_brand?post=61372"},{"taxonomy":"product_cat","embeddable":true,"href":"https:\/\/jardinexotiqueroscoff.com\/de\/wp-json\/wp\/v2\/product_cat?post=61372"},{"taxonomy":"product_tag","embeddable":true,"href":"https:\/\/jardinexotiqueroscoff.com\/de\/wp-json\/wp\/v2\/product_tag?post=61372"}],"curies":[{"name":"wp","href":"https:\/\/api.w.org\/{rel}","templated":true}]}}